{"id":18873,"date":"2024-04-18T07:39:14","date_gmt":"2024-04-18T07:39:14","guid":{"rendered":"https:\/\/ibiza-yachts.com\/leopardo\/"},"modified":"2025-10-10T15:35:26","modified_gmt":"2025-10-10T15:35:26","slug":"leopardo","status":"publish","type":"page","link":"https:\/\/ibiza-yachts.com\/es\/leopardo\/","title":{"rendered":"Leopardo"},"content":{"rendered":"\t\t<div data-elementor-type=\"wp-page\" data-elementor-id=\"18873\" class=\"elementor elementor-18873 elementor-15145\" data-elementor-post-type=\"page\">\n\t\t\t\t\t\t<section class=\"elementor-section elementor-top-section elementor-element elementor-element-b7e567a elementor-section-height-min-height elementor-section-items-bottom elementor-section-content-bottom elementor-section-boxed elementor-section-height-default\" data-id=\"b7e567a\" data-element_type=\"section\" data-e-type=\"section\" data-settings=\"{&quot;background_background&quot;:&quot;classic&quot;}\">\n\t\t\t\t\t\t<div class=\"elementor-container elementor-column-gap-default\">\n\t\t\t\t\t<div class=\"elementor-column elementor-col-100 elementor-top-column elementor-element elementor-element-a2b1923\" data-id=\"a2b1923\" data-element_type=\"column\" data-e-type=\"column\">\n\t\t\t<div class=\"elementor-widget-wrap elementor-element-populated\">\n\t\t\t\t\t\t<div class=\"elementor-element elementor-element-6a8a18f elementor-widget elementor-widget-heading\" data-id=\"6a8a18f\" data-element_type=\"widget\" data-e-type=\"widget\" data-widget_type=\"heading.default\">\n\t\t\t\t<div class=\"elementor-widget-container\">\n\t\t\t\t\t<h1 class=\"elementor-heading-title elementor-size-default\">LEOPARd<\/h1>\t\t\t\t<\/div>\n\t\t\t\t<\/div>\n\t\t\t\t\t<\/div>\n\t\t<\/div>\n\t\t\t\t\t<\/div>\n\t\t<\/section>\n\t\t\t\t<section class=\"elementor-section elementor-top-section elementor-element elementor-element-9da68ef elementor-section-boxed elementor-section-height-default elementor-section-height-default\" data-id=\"9da68ef\" data-element_type=\"section\" data-e-type=\"section\">\n\t\t\t\t\t\t<div class=\"elementor-container elementor-column-gap-default\">\n\t\t\t\t\t<div class=\"elementor-column elementor-col-100 elementor-top-column elementor-element elementor-element-6726422\" data-id=\"6726422\" data-element_type=\"column\" data-e-type=\"column\">\n\t\t\t<div class=\"elementor-widget-wrap elementor-element-populated\">\n\t\t\t\t\t\t<div class=\"elementor-element elementor-element-61f4c80 elementor-widget elementor-widget-heading\" data-id=\"61f4c80\" data-element_type=\"widget\" data-e-type=\"widget\" data-widget_type=\"heading.default\">\n\t\t\t\t<div class=\"elementor-widget-container\">\n\t\t\t\t\t<h2 class=\"elementor-heading-title elementor-size-default\">LEOPARDO DE ALQUILER EN IBIZA  <\/h2>\t\t\t\t<\/div>\n\t\t\t\t<\/div>\n\t\t\t\t<div class=\"elementor-element elementor-element-f341bd7 elementor-widget elementor-widget-text-editor\" data-id=\"f341bd7\" data-element_type=\"widget\" data-e-type=\"widget\" data-widget_type=\"text-editor.default\">\n\t\t\t\t<div class=\"elementor-widget-container\">\n\t\t\t\t\t\t\t\t\t<p>La lista definitiva de yates Leopard para alquilar en Ibiza. Si buscas un yate para pasar el d\u00eda, el Leopard es uno de los mejores. Con un dise\u00f1o radical, una impresionante ba\u00f1era con amplios sol\u00e1riums y un confortable interior, son ideales para navegar por las aguas mediterr\u00e1neas que rodean Ibiza.  <\/p>\t\t\t\t\t\t\t\t<\/div>\n\t\t\t\t<\/div>\n\t\t\t\t\t<\/div>\n\t\t<\/div>\n\t\t\t\t\t<\/div>\n\t\t<\/section>\n\t\t\t\t<section class=\"elementor-section elementor-top-section elementor-element elementor-element-70decb7 elementor-section-boxed elementor-section-height-default elementor-section-height-default\" data-id=\"70decb7\" data-element_type=\"section\" data-e-type=\"section\">\n\t\t\t\t\t\t<div class=\"elementor-container elementor-column-gap-default\">\n\t\t\t\t\t<div class=\"elementor-column elementor-col-100 elementor-top-column elementor-element elementor-element-8a6d6c1\" data-id=\"8a6d6c1\" data-element_type=\"column\" data-e-type=\"column\">\n\t\t\t<div class=\"elementor-widget-wrap elementor-element-populated\">\n\t\t\t\t\t\t<div class=\"elementor-element elementor-element-f5b93a2 elementor-widget elementor-widget-heading\" data-id=\"f5b93a2\" data-element_type=\"widget\" data-e-type=\"widget\" data-widget_type=\"heading.default\">\n\t\t\t\t<div class=\"elementor-widget-container\">\n\t\t\t\t\t<h3 class=\"elementor-heading-title elementor-size-default\">CARTA Ibiza Leopard<\/h3>\t\t\t\t<\/div>\n\t\t\t\t<\/div>\n\t\t\t\t<div class=\"elementor-element elementor-element-1341b27 elementor-widget elementor-widget-text-editor\" data-id=\"1341b27\" data-element_type=\"widget\" data-e-type=\"widget\" data-widget_type=\"text-editor.default\">\n\t\t\t\t<div class=\"elementor-widget-container\">\n\t\t\t\t\t\t\t\t\t<p>Navega por nuestra selecci\u00f3n de los mejores barcos Leopard para alquilar en Ibiza:<\/p>\t\t\t\t\t\t\t\t<\/div>\n\t\t\t\t<\/div>\n\t\t\t\t<div class=\"elementor-element elementor-element-99103da elementor-posts--align-center elementor-grid-3 elementor-grid-tablet-2 elementor-grid-mobile-1 elementor-posts--thumbnail-top elementor-card-shadow-yes elementor-posts__hover-gradient elementor-widget elementor-widget-posts\" data-id=\"99103da\" data-element_type=\"widget\" data-e-type=\"widget\" data-settings=\"{&quot;cards_masonry&quot;:&quot;yes&quot;,&quot;cards_columns&quot;:&quot;3&quot;,&quot;cards_columns_tablet&quot;:&quot;2&quot;,&quot;cards_columns_mobile&quot;:&quot;1&quot;,&quot;cards_row_gap&quot;:{&quot;unit&quot;:&quot;px&quot;,&quot;size&quot;:35,&quot;sizes&quot;:[]},&quot;cards_row_gap_tablet&quot;:{&quot;unit&quot;:&quot;px&quot;,&quot;size&quot;:&quot;&quot;,&quot;sizes&quot;:[]},&quot;cards_row_gap_mobile&quot;:{&quot;unit&quot;:&quot;px&quot;,&quot;size&quot;:&quot;&quot;,&quot;sizes&quot;:[]}}\" data-widget_type=\"posts.cards\">\n\t\t\t\t<div class=\"elementor-widget-container\">\n\t\t\t\t\t\t\t<div class=\"elementor-posts-container elementor-posts elementor-posts--skin-cards elementor-grid\">\n\t\t\t\t<article class=\"elementor-post elementor-grid-item post-14400 yachts type-yachts status-publish has-post-thumbnail hentry category-sport-boat tag-crew tag-featured tag-luxury broker-charles entry\">\n\t\t\t<div class=\"elementor-post__card\">\n\t\t\t\t<a class=\"elementor-post__thumbnail__link\" href=\"https:\/\/ibiza-yachts.com\/es\/rentals\/leopard-27\/\" tabindex=\"-1\" ><div class=\"elementor-post__thumbnail\"><img fetchpriority=\"high\" decoding=\"async\" width=\"750\" height=\"500\" src=\"https:\/\/ibiza-yachts.com\/wp-content\/uploads\/2024\/04\/LEOPARD-27-BYRON_page-0013-scaled-e1713190887902-768x512.jpg\" class=\"attachment-medium_large size-medium_large wp-image-14445\" alt=\"\" srcset=\"https:\/\/ibiza-yachts.com\/wp-content\/uploads\/2024\/04\/LEOPARD-27-BYRON_page-0013-scaled-e1713190887902-768x512.jpg 768w, https:\/\/ibiza-yachts.com\/wp-content\/uploads\/2024\/04\/LEOPARD-27-BYRON_page-0013-scaled-e1713190887902-300x200.jpg 300w, https:\/\/ibiza-yachts.com\/wp-content\/uploads\/2024\/04\/LEOPARD-27-BYRON_page-0013-scaled-e1713190887902-1024x682.jpg 1024w, https:\/\/ibiza-yachts.com\/wp-content\/uploads\/2024\/04\/LEOPARD-27-BYRON_page-0013-scaled-e1713190887902-1536x1023.jpg 1536w, https:\/\/ibiza-yachts.com\/wp-content\/uploads\/2024\/04\/LEOPARD-27-BYRON_page-0013-scaled-e1713190887902-1568x1044.jpg 1568w, https:\/\/ibiza-yachts.com\/wp-content\/uploads\/2024\/04\/LEOPARD-27-BYRON_page-0013-scaled-e1713190887902.jpg 1686w\" sizes=\"(max-width: 750px) 100vw, 750px\" style=\"width:100%;height:66.61%;max-width:1686px;\" \/><\/div><\/a>\n\t\t\t\t<div class=\"elementor-post__text\">\n\t\t\t\t<h3 class=\"elementor-post__title\">\n\t\t\t<a href=\"https:\/\/ibiza-yachts.com\/es\/rentals\/leopard-27\/\" >\n\t\t\t\tLeopard 27\t\t\t<\/a>\n\t\t<\/h3>\n\t\t\t\t<div class=\"elementor-post__excerpt\">\n\t\t\t<p>27m \u2013 Leopard  \u2013 \u20ac8,470<\/p>\n\t\t<\/div>\n\t\t\t\t<\/div>\n\t\t\t\t\t<\/div>\n\t\t<\/article>\n\t\t\t\t<article class=\"elementor-post elementor-grid-item post-14924 yachts type-yachts status-publish has-post-thumbnail hentry category-sport-boat tag-crew tag-luxury broker-oliver entry\">\n\t\t\t<div class=\"elementor-post__card\">\n\t\t\t\t<a class=\"elementor-post__thumbnail__link\" href=\"https:\/\/ibiza-yachts.com\/es\/rentals\/leopard-90\/\" tabindex=\"-1\" ><div class=\"elementor-post__thumbnail\"><img decoding=\"async\" width=\"750\" height=\"499\" data-src=\"https:\/\/ibiza-yachts.com\/wp-content\/uploads\/2024\/04\/START-UP-LEOPARD-90-1_page-0006-scaled-e1713361895711-768x511.jpg\" class=\"attachment-medium_large size-medium_large wp-image-14945 lazyload\" alt=\"\" data-srcset=\"https:\/\/ibiza-yachts.com\/wp-content\/uploads\/2024\/04\/START-UP-LEOPARD-90-1_page-0006-scaled-e1713361895711-768x511.jpg 768w, https:\/\/ibiza-yachts.com\/wp-content\/uploads\/2024\/04\/START-UP-LEOPARD-90-1_page-0006-scaled-e1713361895711-300x200.jpg 300w, https:\/\/ibiza-yachts.com\/wp-content\/uploads\/2024\/04\/START-UP-LEOPARD-90-1_page-0006-scaled-e1713361895711-1024x682.jpg 1024w, https:\/\/ibiza-yachts.com\/wp-content\/uploads\/2024\/04\/START-UP-LEOPARD-90-1_page-0006-scaled-e1713361895711-1536x1022.jpg 1536w, https:\/\/ibiza-yachts.com\/wp-content\/uploads\/2024\/04\/START-UP-LEOPARD-90-1_page-0006-scaled-e1713361895711-1568x1044.jpg 1568w, https:\/\/ibiza-yachts.com\/wp-content\/uploads\/2024\/04\/START-UP-LEOPARD-90-1_page-0006-scaled-e1713361895711.jpg 1690w\" data-sizes=\"(max-width: 750px) 100vw, 750px\" style=\"--smush-placeholder-width: 750px; --smush-placeholder-aspect-ratio: 750\/499;width:100%;height:66.57%;max-width:1690px;\" src=\"data:image\/gif;base64,R0lGODlhAQABAAAAACH5BAEKAAEALAAAAAABAAEAAAICTAEAOw==\" \/><\/div><\/a>\n\t\t\t\t<div class=\"elementor-post__text\">\n\t\t\t\t<h3 class=\"elementor-post__title\">\n\t\t\t<a href=\"https:\/\/ibiza-yachts.com\/es\/rentals\/leopard-90\/\" >\n\t\t\t\tLeopard 90\t\t\t<\/a>\n\t\t<\/h3>\n\t\t\t\t<div class=\"elementor-post__excerpt\">\n\t\t\t<p>27m &#8211; Leopard &#8211; \u20ac7,500<\/p>\n\t\t<\/div>\n\t\t\t\t<\/div>\n\t\t\t\t\t<\/div>\n\t\t<\/article>\n\t\t\t\t<article class=\"elementor-post elementor-grid-item post-19273 yachts type-yachts status-publish has-post-thumbnail hentry category-sport-boat broker-oliver entry\">\n\t\t\t<div class=\"elementor-post__card\">\n\t\t\t\t<a class=\"elementor-post__thumbnail__link\" href=\"https:\/\/ibiza-yachts.com\/es\/rentals\/leopard-102-d\/\" tabindex=\"-1\" ><div class=\"elementor-post__thumbnail\"><img decoding=\"async\" width=\"750\" height=\"500\" data-src=\"https:\/\/ibiza-yachts.com\/wp-content\/uploads\/2025\/02\/Leopard-102-Dark-Knight-25-e1740405978750-768x512.jpg\" class=\"attachment-medium_large size-medium_large wp-image-19394 lazyload\" alt=\"\" data-srcset=\"https:\/\/ibiza-yachts.com\/wp-content\/uploads\/2025\/02\/Leopard-102-Dark-Knight-25-e1740405978750-768x512.jpg 768w, https:\/\/ibiza-yachts.com\/wp-content\/uploads\/2025\/02\/Leopard-102-Dark-Knight-25-e1740405978750-300x200.jpg 300w, https:\/\/ibiza-yachts.com\/wp-content\/uploads\/2025\/02\/Leopard-102-Dark-Knight-25-e1740405978750-1024x683.jpg 1024w, https:\/\/ibiza-yachts.com\/wp-content\/uploads\/2025\/02\/Leopard-102-Dark-Knight-25-e1740405978750-1536x1025.jpg 1536w, https:\/\/ibiza-yachts.com\/wp-content\/uploads\/2025\/02\/Leopard-102-Dark-Knight-25-e1740405978750.jpg 1553w\" data-sizes=\"(max-width: 750px) 100vw, 750px\" style=\"--smush-placeholder-width: 750px; --smush-placeholder-aspect-ratio: 750\/500;width:100%;height:66.71%;max-width:1553px;\" src=\"data:image\/gif;base64,R0lGODlhAQABAAAAACH5BAEKAAEALAAAAAABAAEAAAICTAEAOw==\" \/><\/div><\/a>\n\t\t\t\t<div class=\"elementor-post__text\">\n\t\t\t\t<h3 class=\"elementor-post__title\">\n\t\t\t<a href=\"https:\/\/ibiza-yachts.com\/es\/rentals\/leopard-102-d\/\" >\n\t\t\t\tLeopard 102 D\t\t\t<\/a>\n\t\t<\/h3>\n\t\t\t\t<div class=\"elementor-post__excerpt\">\n\t\t\t<p>30m &#8211; Leopard 102 &#8211; \u20ac13,999<\/p>\n\t\t<\/div>\n\t\t\t\t<\/div>\n\t\t\t\t\t<\/div>\n\t\t<\/article>\n\t\t\t\t<article class=\"elementor-post elementor-grid-item post-19503 yachts type-yachts status-publish has-post-thumbnail hentry category-sport-boat broker-oliver entry\">\n\t\t\t<div class=\"elementor-post__card\">\n\t\t\t\t<a class=\"elementor-post__thumbnail__link\" href=\"https:\/\/ibiza-yachts.com\/es\/rentals\/leopard-102-l\/\" tabindex=\"-1\" ><div class=\"elementor-post__thumbnail\"><img decoding=\"async\" width=\"750\" height=\"500\" data-src=\"https:\/\/ibiza-yachts.com\/wp-content\/uploads\/2025\/02\/Leopard-102-La-Romana-1-e1740408691108-768x512.jpeg\" class=\"attachment-medium_large size-medium_large wp-image-19639 lazyload\" alt=\"\" data-srcset=\"https:\/\/ibiza-yachts.com\/wp-content\/uploads\/2025\/02\/Leopard-102-La-Romana-1-e1740408691108-768x512.jpeg 768w, https:\/\/ibiza-yachts.com\/wp-content\/uploads\/2025\/02\/Leopard-102-La-Romana-1-e1740408691108-300x200.jpeg 300w, https:\/\/ibiza-yachts.com\/wp-content\/uploads\/2025\/02\/Leopard-102-La-Romana-1-e1740408691108-1024x683.jpeg 1024w, https:\/\/ibiza-yachts.com\/wp-content\/uploads\/2025\/02\/Leopard-102-La-Romana-1-e1740408691108-1536x1024.jpeg 1536w, https:\/\/ibiza-yachts.com\/wp-content\/uploads\/2025\/02\/Leopard-102-La-Romana-1-e1740408691108-1568x1045.jpeg 1568w, https:\/\/ibiza-yachts.com\/wp-content\/uploads\/2025\/02\/Leopard-102-La-Romana-1-e1740408691108.jpeg 2037w\" data-sizes=\"(max-width: 750px) 100vw, 750px\" style=\"--smush-placeholder-width: 750px; --smush-placeholder-aspect-ratio: 750\/500;width:100%;height:66.67%;max-width:2037px;\" src=\"data:image\/gif;base64,R0lGODlhAQABAAAAACH5BAEKAAEALAAAAAABAAEAAAICTAEAOw==\" \/><\/div><\/a>\n\t\t\t\t<div class=\"elementor-post__text\">\n\t\t\t\t<h3 class=\"elementor-post__title\">\n\t\t\t<a href=\"https:\/\/ibiza-yachts.com\/es\/rentals\/leopard-102-l\/\" >\n\t\t\t\tLeopard 102 L\t\t\t<\/a>\n\t\t<\/h3>\n\t\t\t\t<div class=\"elementor-post__excerpt\">\n\t\t\t<p>31m &#8211; Leopard 102 &#8211; \u20ac13999<\/p>\n\t\t<\/div>\n\t\t\t\t<\/div>\n\t\t\t\t\t<\/div>\n\t\t<\/article>\n\t\t\t\t<\/div>\n\t\t\n\t\t\t\t\t\t<\/div>\n\t\t\t\t<\/div>\n\t\t\t\t\t<\/div>\n\t\t<\/div>\n\t\t\t\t\t<\/div>\n\t\t<\/section>\n\t\t\t\t<\/div>\n\t\t","protected":false},"excerpt":{"rendered":"<p>LEOPARd LEOPARDO DE ALQUILER EN IBIZA La lista definitiva de yates Leopard para alquilar en Ibiza. Si buscas un yate para pasar el d\u00eda, el Leopard es uno de los mejores. Con un dise\u00f1o radical, una impresionante ba\u00f1era con amplios sol\u00e1riums y un confortable interior, son ideales para navegar por las aguas mediterr\u00e1neas que rodean&hellip; <a class=\"more-link\" href=\"https:\/\/ibiza-yachts.com\/es\/rentals\/leopard-102-l\/\">Seguir leyendo <span class=\"screen-reader-text\">Leopard 102 L<\/span><\/a><\/p>\n","protected":false},"author":3,"featured_media":18874,"parent":0,"menu_order":0,"comment_status":"closed","ping_status":"closed","template":"elementor_header_footer","meta":{"_acf_changed":false,"footnotes":""},"class_list":["post-18873","page","type-page","status-publish","has-post-thumbnail","hentry","entry"],"acf":[],"yoast_head":"<!-- This site is optimized with the Yoast SEO plugin v23.5 - https:\/\/yoast.com\/wordpress\/plugins\/seo\/ -->\n<title>Alquiler de Leopard en Ibiza - Alquiler de Leopard en Ibiza - Ibiza Yachts<\/title>\n<meta name=\"description\" content=\"\u00a1Sube a bordo de un emblem\u00e1tico Leopardo en Ibiza! Navega por nuestra selecci\u00f3n de Leopard de alquiler en Ibiza y emb\u00e1rcate en un crucero de lujo.\" \/>\n<meta name=\"robots\" content=\"index, follow, max-snippet:-1, max-image-preview:large, max-video-preview:-1\" \/>\n<link rel=\"canonical\" href=\"https:\/\/ibiza-yachts.com\/es\/leopardo\/\" \/>\n<meta property=\"og:locale\" content=\"es_ES\" \/>\n<meta property=\"og:type\" content=\"article\" \/>\n<meta property=\"og:title\" content=\"Alquiler de Leopard en Ibiza - Alquiler de Leopard en Ibiza - Ibiza Yachts\" \/>\n<meta property=\"og:description\" content=\"\u00a1Sube a bordo de un emblem\u00e1tico Leopardo en Ibiza! Navega por nuestra selecci\u00f3n de Leopard de alquiler en Ibiza y emb\u00e1rcate en un crucero de lujo.\" \/>\n<meta property=\"og:url\" content=\"https:\/\/ibiza-yachts.com\/es\/leopardo\/\" \/>\n<meta property=\"og:site_name\" content=\"Ibiza Yachts\" \/>\n<meta property=\"article:modified_time\" content=\"2025-10-10T15:35:26+00:00\" \/>\n<meta property=\"og:image\" content=\"https:\/\/ibiza-yachts.com\/wp-content\/uploads\/2022\/08\/VanDutch-55-5.jpg\" \/>\n\t<meta property=\"og:image:width\" content=\"1500\" \/>\n\t<meta property=\"og:image:height\" content=\"1000\" \/>\n\t<meta property=\"og:image:type\" content=\"image\/jpeg\" \/>\n<meta name=\"twitter:card\" content=\"summary_large_image\" \/>\n<script type=\"application\/ld+json\" class=\"yoast-schema-graph\">{\"@context\":\"https:\/\/schema.org\",\"@graph\":[{\"@type\":\"WebPage\",\"@id\":\"https:\/\/ibiza-yachts.com\/es\/leopardo\/\",\"url\":\"https:\/\/ibiza-yachts.com\/es\/leopardo\/\",\"name\":\"Alquiler de Leopard en Ibiza - Alquiler de Leopard en Ibiza - Ibiza Yachts\",\"isPartOf\":{\"@id\":\"https:\/\/ibiza-yachts.com\/es\/#website\"},\"primaryImageOfPage\":{\"@id\":\"https:\/\/ibiza-yachts.com\/es\/leopardo\/#primaryimage\"},\"image\":{\"@id\":\"https:\/\/ibiza-yachts.com\/es\/leopardo\/#primaryimage\"},\"thumbnailUrl\":\"https:\/\/ibiza-yachts.com\/wp-content\/uploads\/2022\/08\/VanDutch-55-5.jpg\",\"datePublished\":\"2024-04-18T07:39:14+00:00\",\"dateModified\":\"2025-10-10T15:35:26+00:00\",\"description\":\"\u00a1Sube a bordo de un emblem\u00e1tico Leopardo en Ibiza! Navega por nuestra selecci\u00f3n de Leopard de alquiler en Ibiza y emb\u00e1rcate en un crucero de lujo.\",\"breadcrumb\":{\"@id\":\"https:\/\/ibiza-yachts.com\/es\/leopardo\/#breadcrumb\"},\"inLanguage\":\"es\",\"potentialAction\":[{\"@type\":\"ReadAction\",\"target\":[\"https:\/\/ibiza-yachts.com\/es\/leopardo\/\"]}]},{\"@type\":\"ImageObject\",\"inLanguage\":\"es\",\"@id\":\"https:\/\/ibiza-yachts.com\/es\/leopardo\/#primaryimage\",\"url\":\"https:\/\/ibiza-yachts.com\/wp-content\/uploads\/2022\/08\/VanDutch-55-5.jpg\",\"contentUrl\":\"https:\/\/ibiza-yachts.com\/wp-content\/uploads\/2022\/08\/VanDutch-55-5.jpg\",\"width\":1500,\"height\":1000},{\"@type\":\"BreadcrumbList\",\"@id\":\"https:\/\/ibiza-yachts.com\/es\/leopardo\/#breadcrumb\",\"itemListElement\":[{\"@type\":\"ListItem\",\"position\":1,\"name\":\"Home\",\"item\":\"https:\/\/ibiza-yachts.com\/es\/\"},{\"@type\":\"ListItem\",\"position\":2,\"name\":\"Leopardo\"}]},{\"@type\":\"WebSite\",\"@id\":\"https:\/\/ibiza-yachts.com\/es\/#website\",\"url\":\"https:\/\/ibiza-yachts.com\/es\/\",\"name\":\"Ibiza Yachts\",\"description\":\"Ibiza Yachts for Charter\",\"publisher\":{\"@id\":\"https:\/\/ibiza-yachts.com\/es\/#organization\"},\"potentialAction\":[{\"@type\":\"SearchAction\",\"target\":{\"@type\":\"EntryPoint\",\"urlTemplate\":\"https:\/\/ibiza-yachts.com\/es\/?s={search_term_string}\"},\"query-input\":{\"@type\":\"PropertyValueSpecification\",\"valueRequired\":true,\"valueName\":\"search_term_string\"}}],\"inLanguage\":\"es\"},{\"@type\":\"Organization\",\"@id\":\"https:\/\/ibiza-yachts.com\/es\/#organization\",\"name\":\"Ibiza Yachts\",\"url\":\"https:\/\/ibiza-yachts.com\/es\/\",\"logo\":{\"@type\":\"ImageObject\",\"inLanguage\":\"es\",\"@id\":\"https:\/\/ibiza-yachts.com\/es\/#\/schema\/logo\/image\/\",\"url\":\"https:\/\/ibiza-yachts.com\/wp-content\/uploads\/2022\/01\/Cannes-Villa-Logo.jpg\",\"contentUrl\":\"https:\/\/ibiza-yachts.com\/wp-content\/uploads\/2022\/01\/Cannes-Villa-Logo.jpg\",\"width\":1704,\"height\":1704,\"caption\":\"Ibiza Yachts\"},\"image\":{\"@id\":\"https:\/\/ibiza-yachts.com\/es\/#\/schema\/logo\/image\/\"}}]}<\/script>\n<!-- \/ Yoast SEO plugin. -->","yoast_head_json":{"title":"Alquiler de Leopard en Ibiza - Alquiler de Leopard en Ibiza - Ibiza Yachts","description":"\u00a1Sube a bordo de un emblem\u00e1tico Leopardo en Ibiza! Navega por nuestra selecci\u00f3n de Leopard de alquiler en Ibiza y emb\u00e1rcate en un crucero de lujo.","robots":{"index":"index","follow":"follow","max-snippet":"max-snippet:-1","max-image-preview":"max-image-preview:large","max-video-preview":"max-video-preview:-1"},"canonical":"https:\/\/ibiza-yachts.com\/es\/leopardo\/","og_locale":"es_ES","og_type":"article","og_title":"Alquiler de Leopard en Ibiza - Alquiler de Leopard en Ibiza - Ibiza Yachts","og_description":"\u00a1Sube a bordo de un emblem\u00e1tico Leopardo en Ibiza! Navega por nuestra selecci\u00f3n de Leopard de alquiler en Ibiza y emb\u00e1rcate en un crucero de lujo.","og_url":"https:\/\/ibiza-yachts.com\/es\/leopardo\/","og_site_name":"Ibiza Yachts","article_modified_time":"2025-10-10T15:35:26+00:00","og_image":[{"width":1500,"height":1000,"url":"https:\/\/ibiza-yachts.com\/wp-content\/uploads\/2022\/08\/VanDutch-55-5.jpg","type":"image\/jpeg"}],"twitter_card":"summary_large_image","schema":{"@context":"https:\/\/schema.org","@graph":[{"@type":"WebPage","@id":"https:\/\/ibiza-yachts.com\/es\/leopardo\/","url":"https:\/\/ibiza-yachts.com\/es\/leopardo\/","name":"Alquiler de Leopard en Ibiza - Alquiler de Leopard en Ibiza - Ibiza Yachts","isPartOf":{"@id":"https:\/\/ibiza-yachts.com\/es\/#website"},"primaryImageOfPage":{"@id":"https:\/\/ibiza-yachts.com\/es\/leopardo\/#primaryimage"},"image":{"@id":"https:\/\/ibiza-yachts.com\/es\/leopardo\/#primaryimage"},"thumbnailUrl":"https:\/\/ibiza-yachts.com\/wp-content\/uploads\/2022\/08\/VanDutch-55-5.jpg","datePublished":"2024-04-18T07:39:14+00:00","dateModified":"2025-10-10T15:35:26+00:00","description":"\u00a1Sube a bordo de un emblem\u00e1tico Leopardo en Ibiza! Navega por nuestra selecci\u00f3n de Leopard de alquiler en Ibiza y emb\u00e1rcate en un crucero de lujo.","breadcrumb":{"@id":"https:\/\/ibiza-yachts.com\/es\/leopardo\/#breadcrumb"},"inLanguage":"es","potentialAction":[{"@type":"ReadAction","target":["https:\/\/ibiza-yachts.com\/es\/leopardo\/"]}]},{"@type":"ImageObject","inLanguage":"es","@id":"https:\/\/ibiza-yachts.com\/es\/leopardo\/#primaryimage","url":"https:\/\/ibiza-yachts.com\/wp-content\/uploads\/2022\/08\/VanDutch-55-5.jpg","contentUrl":"https:\/\/ibiza-yachts.com\/wp-content\/uploads\/2022\/08\/VanDutch-55-5.jpg","width":1500,"height":1000},{"@type":"BreadcrumbList","@id":"https:\/\/ibiza-yachts.com\/es\/leopardo\/#breadcrumb","itemListElement":[{"@type":"ListItem","position":1,"name":"Home","item":"https:\/\/ibiza-yachts.com\/es\/"},{"@type":"ListItem","position":2,"name":"Leopardo"}]},{"@type":"WebSite","@id":"https:\/\/ibiza-yachts.com\/es\/#website","url":"https:\/\/ibiza-yachts.com\/es\/","name":"Ibiza Yachts","description":"Ibiza Yachts for Charter","publisher":{"@id":"https:\/\/ibiza-yachts.com\/es\/#organization"},"potentialAction":[{"@type":"SearchAction","target":{"@type":"EntryPoint","urlTemplate":"https:\/\/ibiza-yachts.com\/es\/?s={search_term_string}"},"query-input":{"@type":"PropertyValueSpecification","valueRequired":true,"valueName":"search_term_string"}}],"inLanguage":"es"},{"@type":"Organization","@id":"https:\/\/ibiza-yachts.com\/es\/#organization","name":"Ibiza Yachts","url":"https:\/\/ibiza-yachts.com\/es\/","logo":{"@type":"ImageObject","inLanguage":"es","@id":"https:\/\/ibiza-yachts.com\/es\/#\/schema\/logo\/image\/","url":"https:\/\/ibiza-yachts.com\/wp-content\/uploads\/2022\/01\/Cannes-Villa-Logo.jpg","contentUrl":"https:\/\/ibiza-yachts.com\/wp-content\/uploads\/2022\/01\/Cannes-Villa-Logo.jpg","width":1704,"height":1704,"caption":"Ibiza Yachts"},"image":{"@id":"https:\/\/ibiza-yachts.com\/es\/#\/schema\/logo\/image\/"}}]}},"distributor_meta":false,"distributor_terms":false,"distributor_media":false,"distributor_original_site_name":"Ibiza Yachts","distributor_original_site_url":"https:\/\/ibiza-yachts.com\/es\/","push-errors":false,"_links":{"self":[{"href":"https:\/\/ibiza-yachts.com\/es\/wp-json\/wp\/v2\/pages\/18873","targetHints":{"allow":["GET"]}}],"collection":[{"href":"https:\/\/ibiza-yachts.com\/es\/wp-json\/wp\/v2\/pages"}],"about":[{"href":"https:\/\/ibiza-yachts.com\/es\/wp-json\/wp\/v2\/types\/page"}],"author":[{"embeddable":true,"href":"https:\/\/ibiza-yachts.com\/es\/wp-json\/wp\/v2\/users\/3"}],"replies":[{"embeddable":true,"href":"https:\/\/ibiza-yachts.com\/es\/wp-json\/wp\/v2\/comments?post=18873"}],"version-history":[{"count":0,"href":"https:\/\/ibiza-yachts.com\/es\/wp-json\/wp\/v2\/pages\/18873\/revisions"}],"wp:featuredmedia":[{"embeddable":true,"href":"https:\/\/ibiza-yachts.com\/es\/wp-json\/wp\/v2\/media\/18874"}],"wp:attachment":[{"href":"https:\/\/ibiza-yachts.com\/es\/wp-json\/wp\/v2\/media?parent=18873"}],"curies":[{"name":"wp","href":"https:\/\/api.w.org\/{rel}","templated":true}]}}