{"id":18912,"date":"2023-07-10T15:01:30","date_gmt":"2023-07-10T15:01:30","guid":{"rendered":"https:\/\/ibiza-yachts.com\/pardo\/"},"modified":"2025-10-10T15:40:11","modified_gmt":"2025-10-10T15:40:11","slug":"pardo","status":"publish","type":"page","link":"https:\/\/ibiza-yachts.com\/es\/pardo\/","title":{"rendered":"Pardo"},"content":{"rendered":"\t\t<div data-elementor-type=\"wp-page\" data-elementor-id=\"18912\" class=\"elementor elementor-18912 elementor-3551\" data-elementor-post-type=\"page\">\n\t\t\t\t\t\t<section class=\"elementor-section elementor-top-section elementor-element elementor-element-b7e567a elementor-section-height-min-height elementor-section-items-bottom elementor-section-content-bottom elementor-section-boxed elementor-section-height-default\" data-id=\"b7e567a\" data-element_type=\"section\" data-e-type=\"section\" data-settings=\"{&quot;background_background&quot;:&quot;classic&quot;}\">\n\t\t\t\t\t\t<div class=\"elementor-container elementor-column-gap-default\">\n\t\t\t\t\t<div class=\"elementor-column elementor-col-100 elementor-top-column elementor-element elementor-element-a2b1923\" data-id=\"a2b1923\" data-element_type=\"column\" data-e-type=\"column\">\n\t\t\t<div class=\"elementor-widget-wrap elementor-element-populated\">\n\t\t\t\t\t\t<div class=\"elementor-element elementor-element-6a8a18f elementor-widget elementor-widget-heading\" data-id=\"6a8a18f\" data-element_type=\"widget\" data-e-type=\"widget\" data-widget_type=\"heading.default\">\n\t\t\t\t<div class=\"elementor-widget-container\">\n\t\t\t\t\t<h1 class=\"elementor-heading-title elementor-size-default\">Pardo<\/h1>\t\t\t\t<\/div>\n\t\t\t\t<\/div>\n\t\t\t\t\t<\/div>\n\t\t<\/div>\n\t\t\t\t\t<\/div>\n\t\t<\/section>\n\t\t\t\t<section class=\"elementor-section elementor-top-section elementor-element elementor-element-9da68ef elementor-section-boxed elementor-section-height-default elementor-section-height-default\" data-id=\"9da68ef\" data-element_type=\"section\" data-e-type=\"section\">\n\t\t\t\t\t\t<div class=\"elementor-container elementor-column-gap-default\">\n\t\t\t\t\t<div class=\"elementor-column elementor-col-100 elementor-top-column elementor-element elementor-element-6726422\" data-id=\"6726422\" data-element_type=\"column\" data-e-type=\"column\">\n\t\t\t<div class=\"elementor-widget-wrap elementor-element-populated\">\n\t\t\t\t\t\t<div class=\"elementor-element elementor-element-61f4c80 elementor-widget elementor-widget-heading\" data-id=\"61f4c80\" data-element_type=\"widget\" data-e-type=\"widget\" data-widget_type=\"heading.default\">\n\t\t\t\t<div class=\"elementor-widget-container\">\n\t\t\t\t\t<h2 class=\"elementor-heading-title elementor-size-default\">Pardo ALQUILER EN Ibiza<\/h2>\t\t\t\t<\/div>\n\t\t\t\t<\/div>\n\t\t\t\t<div class=\"elementor-element elementor-element-f341bd7 elementor-widget elementor-widget-text-editor\" data-id=\"f341bd7\" data-element_type=\"widget\" data-e-type=\"widget\" data-widget_type=\"text-editor.default\">\n\t\t\t\t<div class=\"elementor-widget-container\">\n\t\t\t\t\t\t\t\t\t<p>Situado en el vibrante puerto deportivo de Ibiza, Pardo Yachts ofrece una experiencia inigualable de alquiler de yates de lujo, ideal para quienes desean explorar el din\u00e1mico encanto de las Islas Baleares. Nuestra flota de yates Pardo para alquiler ejemplifica el pin\u00e1culo de la artesan\u00eda italiana. Desde el elegante Pardo 38 hasta el magn\u00edfico Pardo 50, nuestros yates presentan dise\u00f1os abiertos y transitables que combinan alto rendimiento con dise\u00f1os innovadores y amplias cubiertas, perfectas para reuniones sociales o para disfrutar de una apacible soledad. Todos los yates est\u00e1n tripulados por profesionales experimentados dedicados a garantizar un viaje seguro, tranquilo y sin contratiempos. Tanto si vas de isla en isla por las cristalinas aguas del Mediterr\u00e1neo como si admiras las impresionantes puestas de sol de Ibiza, alquilar un yate Pardo te promete una aventura memorable en el regazo del lujo.    <\/p>\t\t\t\t\t\t\t\t<\/div>\n\t\t\t\t<\/div>\n\t\t\t\t\t<\/div>\n\t\t<\/div>\n\t\t\t\t\t<\/div>\n\t\t<\/section>\n\t\t\t\t<section class=\"elementor-section elementor-top-section elementor-element elementor-element-70decb7 elementor-section-boxed elementor-section-height-default elementor-section-height-default\" data-id=\"70decb7\" data-element_type=\"section\" data-e-type=\"section\">\n\t\t\t\t\t\t<div class=\"elementor-container elementor-column-gap-default\">\n\t\t\t\t\t<div class=\"elementor-column elementor-col-100 elementor-top-column elementor-element elementor-element-8a6d6c1\" data-id=\"8a6d6c1\" data-element_type=\"column\" data-e-type=\"column\">\n\t\t\t<div class=\"elementor-widget-wrap elementor-element-populated\">\n\t\t\t\t\t\t<div class=\"elementor-element elementor-element-f5b93a2 elementor-widget elementor-widget-heading\" data-id=\"f5b93a2\" data-element_type=\"widget\" data-e-type=\"widget\" data-widget_type=\"heading.default\">\n\t\t\t\t<div class=\"elementor-widget-container\">\n\t\t\t\t\t<h3 class=\"elementor-heading-title elementor-size-default\">Ibiza Pardo Charter<\/h3>\t\t\t\t<\/div>\n\t\t\t\t<\/div>\n\t\t\t\t<div class=\"elementor-element elementor-element-1341b27 elementor-widget elementor-widget-text-editor\" data-id=\"1341b27\" data-element_type=\"widget\" data-e-type=\"widget\" data-widget_type=\"text-editor.default\">\n\t\t\t\t<div class=\"elementor-widget-container\">\n\t\t\t\t\t\t\t\t\t<p>Navega por nuestra selecci\u00f3n de los mejores barcos Pardo para alquilar en Ibiza:<\/p>\t\t\t\t\t\t\t\t<\/div>\n\t\t\t\t<\/div>\n\t\t\t\t<div class=\"elementor-element elementor-element-99103da elementor-posts--align-center elementor-grid-3 elementor-grid-tablet-2 elementor-grid-mobile-1 elementor-posts--thumbnail-top elementor-card-shadow-yes elementor-posts__hover-gradient elementor-widget elementor-widget-posts\" data-id=\"99103da\" data-element_type=\"widget\" data-e-type=\"widget\" data-settings=\"{&quot;cards_masonry&quot;:&quot;yes&quot;,&quot;cards_columns&quot;:&quot;3&quot;,&quot;cards_columns_tablet&quot;:&quot;2&quot;,&quot;cards_columns_mobile&quot;:&quot;1&quot;,&quot;cards_row_gap&quot;:{&quot;unit&quot;:&quot;px&quot;,&quot;size&quot;:35,&quot;sizes&quot;:[]},&quot;cards_row_gap_tablet&quot;:{&quot;unit&quot;:&quot;px&quot;,&quot;size&quot;:&quot;&quot;,&quot;sizes&quot;:[]},&quot;cards_row_gap_mobile&quot;:{&quot;unit&quot;:&quot;px&quot;,&quot;size&quot;:&quot;&quot;,&quot;sizes&quot;:[]}}\" data-widget_type=\"posts.cards\">\n\t\t\t\t<div class=\"elementor-widget-container\">\n\t\t\t\t\t\t\t<div class=\"elementor-posts-container elementor-posts elementor-posts--skin-cards elementor-grid\">\n\t\t\t\t<article class=\"elementor-post elementor-grid-item post-15892 yachts type-yachts status-publish has-post-thumbnail hentry category-uncategorized tag-featured broker-oliver entry\">\n\t\t\t<div class=\"elementor-post__card\">\n\t\t\t\t<a class=\"elementor-post__thumbnail__link\" href=\"https:\/\/ibiza-yachts.com\/es\/rentals\/pardo-50\/\" tabindex=\"-1\" ><div class=\"elementor-post__thumbnail\"><img fetchpriority=\"high\" decoding=\"async\" width=\"750\" height=\"500\" src=\"https:\/\/ibiza-yachts.com\/wp-content\/uploads\/2024\/09\/Pardo-50-14-768x512.jpeg\" class=\"attachment-medium_large size-medium_large wp-image-15941\" alt=\"\" srcset=\"https:\/\/ibiza-yachts.com\/wp-content\/uploads\/2024\/09\/Pardo-50-14-768x512.jpeg 768w, https:\/\/ibiza-yachts.com\/wp-content\/uploads\/2024\/09\/Pardo-50-14-300x200.jpeg 300w, https:\/\/ibiza-yachts.com\/wp-content\/uploads\/2024\/09\/Pardo-50-14-1024x683.jpeg 1024w, https:\/\/ibiza-yachts.com\/wp-content\/uploads\/2024\/09\/Pardo-50-14.jpeg 1080w\" sizes=\"(max-width: 750px) 100vw, 750px\" style=\"width:100%;height:66.67%;max-width:1080px;\" \/><\/div><\/a>\n\t\t\t\t<div class=\"elementor-post__text\">\n\t\t\t\t<h3 class=\"elementor-post__title\">\n\t\t\t<a href=\"https:\/\/ibiza-yachts.com\/es\/rentals\/pardo-50\/\" >\n\t\t\t\tPardo 50\t\t\t<\/a>\n\t\t<\/h3>\n\t\t\t\t<div class=\"elementor-post__excerpt\">\n\t\t\t<p>16m &#8211; Pardo &#8211; \u20ac3,530<\/p>\n\t\t<\/div>\n\t\t\t\t<\/div>\n\t\t\t\t\t<\/div>\n\t\t<\/article>\n\t\t\t\t<\/div>\n\t\t\n\t\t\t\t\t\t<\/div>\n\t\t\t\t<\/div>\n\t\t\t\t\t<\/div>\n\t\t<\/div>\n\t\t\t\t\t<\/div>\n\t\t<\/section>\n\t\t\t\t<\/div>\n\t\t","protected":false},"excerpt":{"rendered":"<p>Pardo Pardo ALQUILER EN Ibiza Situado en el vibrante puerto deportivo de Ibiza, Pardo Yachts ofrece una experiencia inigualable de alquiler de yates de lujo, ideal para quienes desean explorar el din\u00e1mico encanto de las Islas Baleares. Nuestra flota de yates Pardo para alquiler ejemplifica el pin\u00e1culo de la artesan\u00eda italiana. Desde el elegante Pardo&hellip; <a class=\"more-link\" href=\"https:\/\/ibiza-yachts.com\/es\/rentals\/pardo-50\/\">Seguir leyendo <span class=\"screen-reader-text\">Pardo 50<\/span><\/a><\/p>\n","protected":false},"author":3,"featured_media":18914,"parent":0,"menu_order":0,"comment_status":"closed","ping_status":"closed","template":"elementor_header_footer","meta":{"_acf_changed":false,"footnotes":""},"class_list":["post-18912","page","type-page","status-publish","has-post-thumbnail","hentry","entry"],"acf":[],"yoast_head":"<!-- This site is optimized with the Yoast SEO plugin v27.4 - https:\/\/yoast.com\/product\/yoast-seo-wordpress\/ -->\n<title>Alquiler de Pardo en Ibiza - Alquiler de Pardo en Ibiza - Ibiza Yachts<\/title>\n<meta name=\"description\" content=\"\u00a1Sube a bordo de un emblem\u00e1tico Pardo en Ibiza! Navega por nuestra selecci\u00f3n de Pardo de alquiler en Ibiza y emb\u00e1rcate en un crucero de lujo.\" \/>\n<meta name=\"robots\" content=\"index, follow, max-snippet:-1, max-image-preview:large, max-video-preview:-1\" \/>\n<link rel=\"canonical\" href=\"https:\/\/ibiza-yachts.com\/es\/pardo\/\" \/>\n<meta property=\"og:locale\" content=\"es_ES\" \/>\n<meta property=\"og:type\" content=\"article\" \/>\n<meta property=\"og:title\" content=\"Alquiler de Pardo en Ibiza - Alquiler de Pardo en Ibiza - Ibiza Yachts\" \/>\n<meta property=\"og:description\" content=\"\u00a1Sube a bordo de un emblem\u00e1tico Pardo en Ibiza! Navega por nuestra selecci\u00f3n de Pardo de alquiler en Ibiza y emb\u00e1rcate en un crucero de lujo.\" \/>\n<meta property=\"og:url\" content=\"https:\/\/ibiza-yachts.com\/es\/pardo\/\" \/>\n<meta property=\"og:site_name\" content=\"Ibiza Yachts\" \/>\n<meta property=\"article:modified_time\" content=\"2025-10-10T15:40:11+00:00\" \/>\n<meta property=\"og:image\" content=\"https:\/\/ibiza-yachts.com\/wp-content\/uploads\/2023\/04\/Pardo-38-for-rent-6.jpeg\" \/>\n\t<meta property=\"og:image:width\" content=\"1215\" \/>\n\t<meta property=\"og:image:height\" content=\"810\" \/>\n\t<meta property=\"og:image:type\" content=\"image\/jpeg\" \/>\n<meta name=\"twitter:card\" content=\"summary_large_image\" \/>\n<meta name=\"twitter:label1\" content=\"Tiempo de lectura\" \/>\n\t<meta name=\"twitter:data1\" content=\"1 minuto\" \/>\n<script type=\"application\/ld+json\" class=\"yoast-schema-graph\">{\"@context\":\"https:\\\/\\\/schema.org\",\"@graph\":[{\"@type\":\"WebPage\",\"@id\":\"https:\\\/\\\/ibiza-yachts.com\\\/es\\\/pardo\\\/\",\"url\":\"https:\\\/\\\/ibiza-yachts.com\\\/es\\\/pardo\\\/\",\"name\":\"Alquiler de Pardo en Ibiza - Alquiler de Pardo en Ibiza - Ibiza Yachts\",\"isPartOf\":{\"@id\":\"https:\\\/\\\/ibiza-yachts.com\\\/es\\\/#website\"},\"primaryImageOfPage\":{\"@id\":\"https:\\\/\\\/ibiza-yachts.com\\\/es\\\/pardo\\\/#primaryimage\"},\"image\":{\"@id\":\"https:\\\/\\\/ibiza-yachts.com\\\/es\\\/pardo\\\/#primaryimage\"},\"thumbnailUrl\":\"https:\\\/\\\/ibiza-yachts.com\\\/wp-content\\\/uploads\\\/2023\\\/04\\\/Pardo-38-for-rent-6.jpeg\",\"datePublished\":\"2023-07-10T15:01:30+00:00\",\"dateModified\":\"2025-10-10T15:40:11+00:00\",\"description\":\"\u00a1Sube a bordo de un emblem\u00e1tico Pardo en Ibiza! Navega por nuestra selecci\u00f3n de Pardo de alquiler en Ibiza y emb\u00e1rcate en un crucero de lujo.\",\"breadcrumb\":{\"@id\":\"https:\\\/\\\/ibiza-yachts.com\\\/es\\\/pardo\\\/#breadcrumb\"},\"inLanguage\":\"es\",\"potentialAction\":[{\"@type\":\"ReadAction\",\"target\":[\"https:\\\/\\\/ibiza-yachts.com\\\/es\\\/pardo\\\/\"]}]},{\"@type\":\"ImageObject\",\"inLanguage\":\"es\",\"@id\":\"https:\\\/\\\/ibiza-yachts.com\\\/es\\\/pardo\\\/#primaryimage\",\"url\":\"https:\\\/\\\/ibiza-yachts.com\\\/wp-content\\\/uploads\\\/2023\\\/04\\\/Pardo-38-for-rent-6.jpeg\",\"contentUrl\":\"https:\\\/\\\/ibiza-yachts.com\\\/wp-content\\\/uploads\\\/2023\\\/04\\\/Pardo-38-for-rent-6.jpeg\",\"width\":1215,\"height\":810},{\"@type\":\"BreadcrumbList\",\"@id\":\"https:\\\/\\\/ibiza-yachts.com\\\/es\\\/pardo\\\/#breadcrumb\",\"itemListElement\":[{\"@type\":\"ListItem\",\"position\":1,\"name\":\"Home\",\"item\":\"https:\\\/\\\/ibiza-yachts.com\\\/es\\\/\"},{\"@type\":\"ListItem\",\"position\":2,\"name\":\"Pardo\"}]},{\"@type\":\"WebSite\",\"@id\":\"https:\\\/\\\/ibiza-yachts.com\\\/es\\\/#website\",\"url\":\"https:\\\/\\\/ibiza-yachts.com\\\/es\\\/\",\"name\":\"Ibiza Yachts\",\"description\":\"Ibiza Yachts for Charter\",\"publisher\":{\"@id\":\"https:\\\/\\\/ibiza-yachts.com\\\/es\\\/#organization\"},\"potentialAction\":[{\"@type\":\"SearchAction\",\"target\":{\"@type\":\"EntryPoint\",\"urlTemplate\":\"https:\\\/\\\/ibiza-yachts.com\\\/es\\\/?s={search_term_string}\"},\"query-input\":{\"@type\":\"PropertyValueSpecification\",\"valueRequired\":true,\"valueName\":\"search_term_string\"}}],\"inLanguage\":\"es\"},{\"@type\":\"Organization\",\"@id\":\"https:\\\/\\\/ibiza-yachts.com\\\/es\\\/#organization\",\"name\":\"Ibiza Yachts\",\"url\":\"https:\\\/\\\/ibiza-yachts.com\\\/es\\\/\",\"logo\":{\"@type\":\"ImageObject\",\"inLanguage\":\"es\",\"@id\":\"https:\\\/\\\/ibiza-yachts.com\\\/es\\\/#\\\/schema\\\/logo\\\/image\\\/\",\"url\":\"https:\\\/\\\/ibiza-yachts.com\\\/wp-content\\\/uploads\\\/2022\\\/01\\\/Cannes-Villa-Logo.jpg\",\"contentUrl\":\"https:\\\/\\\/ibiza-yachts.com\\\/wp-content\\\/uploads\\\/2022\\\/01\\\/Cannes-Villa-Logo.jpg\",\"width\":1704,\"height\":1704,\"caption\":\"Ibiza Yachts\"},\"image\":{\"@id\":\"https:\\\/\\\/ibiza-yachts.com\\\/es\\\/#\\\/schema\\\/logo\\\/image\\\/\"}}]}<\/script>\n<!-- \/ Yoast SEO plugin. -->","yoast_head_json":{"title":"Alquiler de Pardo en Ibiza - Alquiler de Pardo en Ibiza - Ibiza Yachts","description":"\u00a1Sube a bordo de un emblem\u00e1tico Pardo en Ibiza! Navega por nuestra selecci\u00f3n de Pardo de alquiler en Ibiza y emb\u00e1rcate en un crucero de lujo.","robots":{"index":"index","follow":"follow","max-snippet":"max-snippet:-1","max-image-preview":"max-image-preview:large","max-video-preview":"max-video-preview:-1"},"canonical":"https:\/\/ibiza-yachts.com\/es\/pardo\/","og_locale":"es_ES","og_type":"article","og_title":"Alquiler de Pardo en Ibiza - Alquiler de Pardo en Ibiza - Ibiza Yachts","og_description":"\u00a1Sube a bordo de un emblem\u00e1tico Pardo en Ibiza! Navega por nuestra selecci\u00f3n de Pardo de alquiler en Ibiza y emb\u00e1rcate en un crucero de lujo.","og_url":"https:\/\/ibiza-yachts.com\/es\/pardo\/","og_site_name":"Ibiza Yachts","article_modified_time":"2025-10-10T15:40:11+00:00","og_image":[{"width":1215,"height":810,"url":"https:\/\/ibiza-yachts.com\/wp-content\/uploads\/2023\/04\/Pardo-38-for-rent-6.jpeg","type":"image\/jpeg"}],"twitter_card":"summary_large_image","twitter_misc":{"Tiempo de lectura":"1 minuto"},"schema":{"@context":"https:\/\/schema.org","@graph":[{"@type":"WebPage","@id":"https:\/\/ibiza-yachts.com\/es\/pardo\/","url":"https:\/\/ibiza-yachts.com\/es\/pardo\/","name":"Alquiler de Pardo en Ibiza - Alquiler de Pardo en Ibiza - Ibiza Yachts","isPartOf":{"@id":"https:\/\/ibiza-yachts.com\/es\/#website"},"primaryImageOfPage":{"@id":"https:\/\/ibiza-yachts.com\/es\/pardo\/#primaryimage"},"image":{"@id":"https:\/\/ibiza-yachts.com\/es\/pardo\/#primaryimage"},"thumbnailUrl":"https:\/\/ibiza-yachts.com\/wp-content\/uploads\/2023\/04\/Pardo-38-for-rent-6.jpeg","datePublished":"2023-07-10T15:01:30+00:00","dateModified":"2025-10-10T15:40:11+00:00","description":"\u00a1Sube a bordo de un emblem\u00e1tico Pardo en Ibiza! Navega por nuestra selecci\u00f3n de Pardo de alquiler en Ibiza y emb\u00e1rcate en un crucero de lujo.","breadcrumb":{"@id":"https:\/\/ibiza-yachts.com\/es\/pardo\/#breadcrumb"},"inLanguage":"es","potentialAction":[{"@type":"ReadAction","target":["https:\/\/ibiza-yachts.com\/es\/pardo\/"]}]},{"@type":"ImageObject","inLanguage":"es","@id":"https:\/\/ibiza-yachts.com\/es\/pardo\/#primaryimage","url":"https:\/\/ibiza-yachts.com\/wp-content\/uploads\/2023\/04\/Pardo-38-for-rent-6.jpeg","contentUrl":"https:\/\/ibiza-yachts.com\/wp-content\/uploads\/2023\/04\/Pardo-38-for-rent-6.jpeg","width":1215,"height":810},{"@type":"BreadcrumbList","@id":"https:\/\/ibiza-yachts.com\/es\/pardo\/#breadcrumb","itemListElement":[{"@type":"ListItem","position":1,"name":"Home","item":"https:\/\/ibiza-yachts.com\/es\/"},{"@type":"ListItem","position":2,"name":"Pardo"}]},{"@type":"WebSite","@id":"https:\/\/ibiza-yachts.com\/es\/#website","url":"https:\/\/ibiza-yachts.com\/es\/","name":"Ibiza Yachts","description":"Ibiza Yachts for Charter","publisher":{"@id":"https:\/\/ibiza-yachts.com\/es\/#organization"},"potentialAction":[{"@type":"SearchAction","target":{"@type":"EntryPoint","urlTemplate":"https:\/\/ibiza-yachts.com\/es\/?s={search_term_string}"},"query-input":{"@type":"PropertyValueSpecification","valueRequired":true,"valueName":"search_term_string"}}],"inLanguage":"es"},{"@type":"Organization","@id":"https:\/\/ibiza-yachts.com\/es\/#organization","name":"Ibiza Yachts","url":"https:\/\/ibiza-yachts.com\/es\/","logo":{"@type":"ImageObject","inLanguage":"es","@id":"https:\/\/ibiza-yachts.com\/es\/#\/schema\/logo\/image\/","url":"https:\/\/ibiza-yachts.com\/wp-content\/uploads\/2022\/01\/Cannes-Villa-Logo.jpg","contentUrl":"https:\/\/ibiza-yachts.com\/wp-content\/uploads\/2022\/01\/Cannes-Villa-Logo.jpg","width":1704,"height":1704,"caption":"Ibiza Yachts"},"image":{"@id":"https:\/\/ibiza-yachts.com\/es\/#\/schema\/logo\/image\/"}}]}},"distributor_meta":false,"distributor_terms":false,"distributor_media":false,"distributor_original_site_name":"Ibiza Yachts","distributor_original_site_url":"https:\/\/ibiza-yachts.com\/es\/","push-errors":false,"_links":{"self":[{"href":"https:\/\/ibiza-yachts.com\/es\/wp-json\/wp\/v2\/pages\/18912","targetHints":{"allow":["GET"]}}],"collection":[{"href":"https:\/\/ibiza-yachts.com\/es\/wp-json\/wp\/v2\/pages"}],"about":[{"href":"https:\/\/ibiza-yachts.com\/es\/wp-json\/wp\/v2\/types\/page"}],"author":[{"embeddable":true,"href":"https:\/\/ibiza-yachts.com\/es\/wp-json\/wp\/v2\/users\/3"}],"replies":[{"embeddable":true,"href":"https:\/\/ibiza-yachts.com\/es\/wp-json\/wp\/v2\/comments?post=18912"}],"version-history":[{"count":0,"href":"https:\/\/ibiza-yachts.com\/es\/wp-json\/wp\/v2\/pages\/18912\/revisions"}],"wp:featuredmedia":[{"embeddable":true,"href":"https:\/\/ibiza-yachts.com\/es\/wp-json\/wp\/v2\/media\/18914"}],"wp:attachment":[{"href":"https:\/\/ibiza-yachts.com\/es\/wp-json\/wp\/v2\/media?parent=18912"}],"curies":[{"name":"wp","href":"https:\/\/api.w.org\/{rel}","templated":true}]}}