{"id":18926,"date":"2023-11-11T10:01:22","date_gmt":"2023-11-11T10:01:22","guid":{"rendered":"https:\/\/ibiza-yachts.com\/superyates\/"},"modified":"2025-10-10T15:39:43","modified_gmt":"2025-10-10T15:39:43","slug":"superyates","status":"publish","type":"page","link":"https:\/\/ibiza-yachts.com\/es\/superyates\/","title":{"rendered":"Superyates"},"content":{"rendered":"\t\t<div data-elementor-type=\"wp-page\" data-elementor-id=\"18926\" class=\"elementor elementor-18926 elementor-3790\" data-elementor-post-type=\"page\">\n\t\t\t\t\t\t<section class=\"elementor-section elementor-top-section elementor-element elementor-element-b7e567a elementor-section-height-min-height elementor-section-items-bottom elementor-section-content-bottom elementor-section-boxed elementor-section-height-default\" data-id=\"b7e567a\" data-element_type=\"section\" data-e-type=\"section\" data-settings=\"{&quot;background_background&quot;:&quot;classic&quot;}\">\n\t\t\t\t\t\t<div class=\"elementor-container elementor-column-gap-default\">\n\t\t\t\t\t<div class=\"elementor-column elementor-col-100 elementor-top-column elementor-element elementor-element-a2b1923\" data-id=\"a2b1923\" data-element_type=\"column\" data-e-type=\"column\">\n\t\t\t<div class=\"elementor-widget-wrap elementor-element-populated\">\n\t\t\t\t\t\t<div class=\"elementor-element elementor-element-6a8a18f elementor-widget elementor-widget-heading\" data-id=\"6a8a18f\" data-element_type=\"widget\" data-e-type=\"widget\" data-widget_type=\"heading.default\">\n\t\t\t\t<div class=\"elementor-widget-container\">\n\t\t\t\t\t<h2 class=\"elementor-heading-title elementor-size-default\">Superyates<\/h2>\t\t\t\t<\/div>\n\t\t\t\t<\/div>\n\t\t\t\t\t<\/div>\n\t\t<\/div>\n\t\t\t\t\t<\/div>\n\t\t<\/section>\n\t\t\t\t<section class=\"elementor-section elementor-top-section elementor-element elementor-element-9da68ef elementor-section-boxed elementor-section-height-default elementor-section-height-default\" data-id=\"9da68ef\" data-element_type=\"section\" data-e-type=\"section\">\n\t\t\t\t\t\t<div class=\"elementor-container elementor-column-gap-default\">\n\t\t\t\t\t<div class=\"elementor-column elementor-col-100 elementor-top-column elementor-element elementor-element-6726422\" data-id=\"6726422\" data-element_type=\"column\" data-e-type=\"column\">\n\t\t\t<div class=\"elementor-widget-wrap elementor-element-populated\">\n\t\t\t\t\t\t<div class=\"elementor-element elementor-element-61f4c80 elementor-widget elementor-widget-heading\" data-id=\"61f4c80\" data-element_type=\"widget\" data-e-type=\"widget\" data-widget_type=\"heading.default\">\n\t\t\t\t<div class=\"elementor-widget-container\">\n\t\t\t\t\t<h1 class=\"elementor-heading-title elementor-size-default\">Ibiza Alquiler de Superyates<\/h1>\t\t\t\t<\/div>\n\t\t\t\t<\/div>\n\t\t\t\t<div class=\"elementor-element elementor-element-f341bd7 elementor-widget elementor-widget-text-editor\" data-id=\"f341bd7\" data-element_type=\"widget\" data-e-type=\"widget\" data-widget_type=\"text-editor.default\">\n\t\t\t\t<div class=\"elementor-widget-container\">\n\t\t\t\t\t\t\t\t\t<p>En el entorno elitista y vibrante de Ibiza, el alquiler de superyates representa la cumbre del lujo n\u00e1utico y la exclusividad. Nuestra flota de superyates de alquiler en este emblem\u00e1tico destino est\u00e1 cuidadosamente seleccionada para satisfacer los m\u00e1s altos est\u00e1ndares de la exigente \u00e9lite de la n\u00e1utica. Cada yate de nuestra colecci\u00f3n es una obra maestra flotante, que combina ingenier\u00eda de vanguardia, dise\u00f1o elegante y suntuosas comodidades para garantizar una experiencia sin igual en el Mediterr\u00e1neo. Estos superyates ofrecen amplias cubiertas, opulentos espacios habitables y sofisticados sistemas de entretenimiento, junto con tripulaciones profesionales dedicadas a proporcionar un servicio impecable. Ya sea para una fiesta fastuosa, un tranquilo crucero por la costa o una exploraci\u00f3n aventurera de calas ocultas y playas exclusivas, nuestros alquileres de superyates satisfacen todos los deseos.    <\/p>\t\t\t\t\t\t\t\t<\/div>\n\t\t\t\t<\/div>\n\t\t\t\t\t<\/div>\n\t\t<\/div>\n\t\t\t\t\t<\/div>\n\t\t<\/section>\n\t\t\t\t<section class=\"elementor-section elementor-top-section elementor-element elementor-element-70decb7 elementor-section-boxed elementor-section-height-default elementor-section-height-default\" data-id=\"70decb7\" data-element_type=\"section\" data-e-type=\"section\">\n\t\t\t\t\t\t<div class=\"elementor-container elementor-column-gap-default\">\n\t\t\t\t\t<div class=\"elementor-column elementor-col-100 elementor-top-column elementor-element elementor-element-8a6d6c1\" data-id=\"8a6d6c1\" data-element_type=\"column\" data-e-type=\"column\">\n\t\t\t<div class=\"elementor-widget-wrap elementor-element-populated\">\n\t\t\t\t\t\t<div class=\"elementor-element elementor-element-f5b93a2 elementor-widget elementor-widget-heading\" data-id=\"f5b93a2\" data-element_type=\"widget\" data-e-type=\"widget\" data-widget_type=\"heading.default\">\n\t\t\t\t<div class=\"elementor-widget-container\">\n\t\t\t\t\t<h2 class=\"elementor-heading-title elementor-size-default\">Superyates para alquilar en Ibiza<\/h2>\t\t\t\t<\/div>\n\t\t\t\t<\/div>\n\t\t\t\t<div class=\"elementor-element elementor-element-1341b27 elementor-widget elementor-widget-text-editor\" data-id=\"1341b27\" data-element_type=\"widget\" data-e-type=\"widget\" data-widget_type=\"text-editor.default\">\n\t\t\t\t<div class=\"elementor-widget-container\">\n\t\t\t\t\t\t\t\t\t<p>Echa un vistazo a nuestra selecci\u00f3n de los mejores superyates de alquiler en Ibiza:<\/p>\t\t\t\t\t\t\t\t<\/div>\n\t\t\t\t<\/div>\n\t\t\t\t<div class=\"elementor-element elementor-element-99103da elementor-posts--align-center elementor-grid-3 elementor-grid-tablet-2 elementor-grid-mobile-1 elementor-posts--thumbnail-top elementor-card-shadow-yes elementor-posts__hover-gradient elementor-widget elementor-widget-posts\" data-id=\"99103da\" data-element_type=\"widget\" data-e-type=\"widget\" data-settings=\"{&quot;cards_masonry&quot;:&quot;yes&quot;,&quot;cards_columns&quot;:&quot;3&quot;,&quot;cards_columns_tablet&quot;:&quot;2&quot;,&quot;cards_columns_mobile&quot;:&quot;1&quot;,&quot;cards_row_gap&quot;:{&quot;unit&quot;:&quot;px&quot;,&quot;size&quot;:35,&quot;sizes&quot;:[]},&quot;cards_row_gap_tablet&quot;:{&quot;unit&quot;:&quot;px&quot;,&quot;size&quot;:&quot;&quot;,&quot;sizes&quot;:[]},&quot;cards_row_gap_mobile&quot;:{&quot;unit&quot;:&quot;px&quot;,&quot;size&quot;:&quot;&quot;,&quot;sizes&quot;:[]}}\" data-widget_type=\"posts.cards\">\n\t\t\t\t<div class=\"elementor-widget-container\">\n\t\t\t\t\t\t\t<div class=\"elementor-posts-container elementor-posts elementor-posts--skin-cards elementor-grid\">\n\t\t\t\t<article class=\"elementor-post elementor-grid-item post-14193 yachts type-yachts status-publish has-post-thumbnail hentry category-sport-boat tag-crew tag-featured tag-luxury broker-oliver entry\">\n\t\t\t<div class=\"elementor-post__card\">\n\t\t\t\t<a class=\"elementor-post__thumbnail__link\" href=\"https:\/\/ibiza-yachts.com\/es\/rentals\/mangusta-92-3\/\" tabindex=\"-1\" ><div class=\"elementor-post__thumbnail\"><img fetchpriority=\"high\" decoding=\"async\" width=\"750\" height=\"501\" src=\"https:\/\/ibiza-yachts.com\/wp-content\/uploads\/2024\/04\/Mangusta-92-Chill-Out-29-e1725549265456-768x513.jpg\" class=\"attachment-medium_large size-medium_large wp-image-17016\" alt=\"\" srcset=\"https:\/\/ibiza-yachts.com\/wp-content\/uploads\/2024\/04\/Mangusta-92-Chill-Out-29-e1725549265456-768x513.jpg 768w, https:\/\/ibiza-yachts.com\/wp-content\/uploads\/2024\/04\/Mangusta-92-Chill-Out-29-e1725549265456-300x200.jpg 300w, https:\/\/ibiza-yachts.com\/wp-content\/uploads\/2024\/04\/Mangusta-92-Chill-Out-29-e1725549265456-1024x684.jpg 1024w, https:\/\/ibiza-yachts.com\/wp-content\/uploads\/2024\/04\/Mangusta-92-Chill-Out-29-e1725549265456.jpg 1185w\" sizes=\"(max-width: 750px) 100vw, 750px\" style=\"width:100%;height:66.75%;max-width:1185px;\" \/><\/div><\/a>\n\t\t\t\t<div class=\"elementor-post__text\">\n\t\t\t\t<h3 class=\"elementor-post__title\">\n\t\t\t<a href=\"https:\/\/ibiza-yachts.com\/es\/rentals\/mangusta-92-3\/\" >\n\t\t\t\tMangusta 92\t\t\t<\/a>\n\t\t<\/h3>\n\t\t\t\t<div class=\"elementor-post__excerpt\">\n\t\t\t<p>28m \u2013 Mangusta \u2013 \u20ac6,950<\/p>\n\t\t<\/div>\n\t\t\t\t<\/div>\n\t\t\t\t\t<\/div>\n\t\t<\/article>\n\t\t\t\t<article class=\"elementor-post elementor-grid-item post-14092 yachts type-yachts status-publish has-post-thumbnail hentry category-sport-boat tag-crew tag-featured tag-luxury broker-oliver entry\">\n\t\t\t<div class=\"elementor-post__card\">\n\t\t\t\t<a class=\"elementor-post__thumbnail__link\" href=\"https:\/\/ibiza-yachts.com\/es\/rentals\/mangusta-108-2\/\" tabindex=\"-1\" ><div class=\"elementor-post__thumbnail\"><img decoding=\"async\" width=\"750\" height=\"500\" data-src=\"https:\/\/ibiza-yachts.com\/wp-content\/uploads\/2024\/04\/BELISA-MANGUSTA-108_page-0004-scaled-e1713061135407-768x512.jpg\" class=\"attachment-medium_large size-medium_large wp-image-14101 lazyload\" alt=\"\" data-srcset=\"https:\/\/ibiza-yachts.com\/wp-content\/uploads\/2024\/04\/BELISA-MANGUSTA-108_page-0004-scaled-e1713061135407-768x512.jpg 768w, https:\/\/ibiza-yachts.com\/wp-content\/uploads\/2024\/04\/BELISA-MANGUSTA-108_page-0004-scaled-e1713061135407-300x200.jpg 300w, https:\/\/ibiza-yachts.com\/wp-content\/uploads\/2024\/04\/BELISA-MANGUSTA-108_page-0004-scaled-e1713061135407-1024x682.jpg 1024w, https:\/\/ibiza-yachts.com\/wp-content\/uploads\/2024\/04\/BELISA-MANGUSTA-108_page-0004-scaled-e1713061135407-1536x1024.jpg 1536w, https:\/\/ibiza-yachts.com\/wp-content\/uploads\/2024\/04\/BELISA-MANGUSTA-108_page-0004-scaled-e1713061135407.jpg 1550w\" data-sizes=\"(max-width: 750px) 100vw, 750px\" style=\"--smush-placeholder-width: 750px; --smush-placeholder-aspect-ratio: 750\/500;width:100%;height:66.65%;max-width:1550px;\" src=\"data:image\/gif;base64,R0lGODlhAQABAAAAACH5BAEKAAEALAAAAAABAAEAAAICTAEAOw==\" \/><\/div><\/a>\n\t\t\t\t<div class=\"elementor-post__text\">\n\t\t\t\t<h3 class=\"elementor-post__title\">\n\t\t\t<a href=\"https:\/\/ibiza-yachts.com\/es\/rentals\/mangusta-108-2\/\" >\n\t\t\t\tMangusta 108\t\t\t<\/a>\n\t\t<\/h3>\n\t\t\t\t<div class=\"elementor-post__excerpt\">\n\t\t\t<p>32m \u2013 Mangusta \u2013 \u20ac11,000<\/p>\n\t\t<\/div>\n\t\t\t\t<\/div>\n\t\t\t\t\t<\/div>\n\t\t<\/article>\n\t\t\t\t<article class=\"elementor-post elementor-grid-item post-16219 yachts type-yachts status-publish has-post-thumbnail hentry category-sport-boat tag-crew tag-featured broker-oliver entry\">\n\t\t\t<div class=\"elementor-post__card\">\n\t\t\t\t<a class=\"elementor-post__thumbnail__link\" href=\"https:\/\/ibiza-yachts.com\/es\/rentals\/mangusta-130\/\" tabindex=\"-1\" ><div class=\"elementor-post__thumbnail\"><img decoding=\"async\" width=\"750\" height=\"499\" data-src=\"https:\/\/ibiza-yachts.com\/wp-content\/uploads\/2024\/09\/Mangusta-130-7-e1725456723111-768x511.jpg\" class=\"attachment-medium_large size-medium_large wp-image-16240 lazyload\" alt=\"\" data-srcset=\"https:\/\/ibiza-yachts.com\/wp-content\/uploads\/2024\/09\/Mangusta-130-7-e1725456723111-768x511.jpg 768w, https:\/\/ibiza-yachts.com\/wp-content\/uploads\/2024\/09\/Mangusta-130-7-e1725456723111-300x200.jpg 300w, https:\/\/ibiza-yachts.com\/wp-content\/uploads\/2024\/09\/Mangusta-130-7-e1725456723111.jpg 1000w\" data-sizes=\"(max-width: 750px) 100vw, 750px\" style=\"--smush-placeholder-width: 750px; --smush-placeholder-aspect-ratio: 750\/499;width:100%;height:66.5%;max-width:1000px;\" src=\"data:image\/gif;base64,R0lGODlhAQABAAAAACH5BAEKAAEALAAAAAABAAEAAAICTAEAOw==\" \/><\/div><\/a>\n\t\t\t\t<div class=\"elementor-post__text\">\n\t\t\t\t<h3 class=\"elementor-post__title\">\n\t\t\t<a href=\"https:\/\/ibiza-yachts.com\/es\/rentals\/mangusta-130\/\" >\n\t\t\t\tMangusta 130\t\t\t<\/a>\n\t\t<\/h3>\n\t\t\t\t<div class=\"elementor-post__excerpt\">\n\t\t\t<p>40m &#8211; Mangusta &#8211; \u20ac23,550<\/p>\n\t\t<\/div>\n\t\t\t\t<\/div>\n\t\t\t\t\t<\/div>\n\t\t<\/article>\n\t\t\t\t<\/div>\n\t\t\n\t\t\t\t\t\t<\/div>\n\t\t\t\t<\/div>\n\t\t\t\t\t<\/div>\n\t\t<\/div>\n\t\t\t\t\t<\/div>\n\t\t<\/section>\n\t\t\t\t<\/div>\n\t\t","protected":false},"excerpt":{"rendered":"<p>Superyates Ibiza Alquiler de Superyates En el entorno elitista y vibrante de Ibiza, el alquiler de superyates representa la cumbre del lujo n\u00e1utico y la exclusividad. Nuestra flota de superyates de alquiler en este emblem\u00e1tico destino est\u00e1 cuidadosamente seleccionada para satisfacer los m\u00e1s altos est\u00e1ndares de la exigente \u00e9lite de la n\u00e1utica. Cada yate de&hellip; <a class=\"more-link\" href=\"https:\/\/ibiza-yachts.com\/es\/rentals\/mangusta-130\/\">Seguir leyendo <span class=\"screen-reader-text\">Mangusta 130<\/span><\/a><\/p>\n","protected":false},"author":3,"featured_media":17918,"parent":0,"menu_order":0,"comment_status":"closed","ping_status":"closed","template":"elementor_header_footer","meta":{"_acf_changed":false,"footnotes":""},"class_list":["post-18926","page","type-page","status-publish","has-post-thumbnail","hentry","entry"],"acf":[],"yoast_head":"<!-- This site is optimized with the Yoast SEO plugin v23.5 - https:\/\/yoast.com\/wordpress\/plugins\/seo\/ -->\n<title>Ibiza Alquiler de superyates - Ibiza Yachts<\/title>\n<meta name=\"description\" content=\"\u00a1Alquila un Superyate en Ibiza por unos d\u00edas! Navega por nuestros alquileres de Superyates en Ibiza y emb\u00e1rcate en un crucero de lujo.\" \/>\n<meta name=\"robots\" content=\"index, follow, max-snippet:-1, max-image-preview:large, max-video-preview:-1\" \/>\n<link rel=\"canonical\" href=\"https:\/\/ibiza-yachts.com\/es\/superyates\/\" \/>\n<meta property=\"og:locale\" content=\"es_ES\" \/>\n<meta property=\"og:type\" content=\"article\" \/>\n<meta property=\"og:title\" content=\"Ibiza Alquiler de superyates - Ibiza Yachts\" \/>\n<meta property=\"og:description\" content=\"\u00a1Alquila un Superyate en Ibiza por unos d\u00edas! Navega por nuestros alquileres de Superyates en Ibiza y emb\u00e1rcate en un crucero de lujo.\" \/>\n<meta property=\"og:url\" content=\"https:\/\/ibiza-yachts.com\/es\/superyates\/\" \/>\n<meta property=\"og:site_name\" content=\"Ibiza Yachts\" \/>\n<meta property=\"article:modified_time\" content=\"2025-10-10T15:39:43+00:00\" \/>\n<meta property=\"og:image\" content=\"https:\/\/ibiza-yachts.com\/wp-content\/uploads\/2022\/02\/Mangusta-33-for-Charter-7.jpg\" \/>\n\t<meta property=\"og:image:width\" content=\"2000\" \/>\n\t<meta property=\"og:image:height\" content=\"1500\" \/>\n\t<meta property=\"og:image:type\" content=\"image\/jpeg\" \/>\n<meta name=\"twitter:card\" content=\"summary_large_image\" \/>\n<meta name=\"twitter:label1\" content=\"Tiempo de lectura\" \/>\n\t<meta name=\"twitter:data1\" content=\"1 minuto\" \/>\n<script type=\"application\/ld+json\" class=\"yoast-schema-graph\">{\"@context\":\"https:\/\/schema.org\",\"@graph\":[{\"@type\":\"WebPage\",\"@id\":\"https:\/\/ibiza-yachts.com\/es\/superyates\/\",\"url\":\"https:\/\/ibiza-yachts.com\/es\/superyates\/\",\"name\":\"Ibiza Alquiler de superyates - Ibiza Yachts\",\"isPartOf\":{\"@id\":\"https:\/\/ibiza-yachts.com\/es\/#website\"},\"primaryImageOfPage\":{\"@id\":\"https:\/\/ibiza-yachts.com\/es\/superyates\/#primaryimage\"},\"image\":{\"@id\":\"https:\/\/ibiza-yachts.com\/es\/superyates\/#primaryimage\"},\"thumbnailUrl\":\"https:\/\/ibiza-yachts.com\/wp-content\/uploads\/2022\/02\/Mangusta-33-for-Charter-7.jpg\",\"datePublished\":\"2023-11-11T10:01:22+00:00\",\"dateModified\":\"2025-10-10T15:39:43+00:00\",\"description\":\"\u00a1Alquila un Superyate en Ibiza por unos d\u00edas! Navega por nuestros alquileres de Superyates en Ibiza y emb\u00e1rcate en un crucero de lujo.\",\"breadcrumb\":{\"@id\":\"https:\/\/ibiza-yachts.com\/es\/superyates\/#breadcrumb\"},\"inLanguage\":\"es\",\"potentialAction\":[{\"@type\":\"ReadAction\",\"target\":[\"https:\/\/ibiza-yachts.com\/es\/superyates\/\"]}]},{\"@type\":\"ImageObject\",\"inLanguage\":\"es\",\"@id\":\"https:\/\/ibiza-yachts.com\/es\/superyates\/#primaryimage\",\"url\":\"https:\/\/ibiza-yachts.com\/wp-content\/uploads\/2022\/02\/Mangusta-33-for-Charter-7.jpg\",\"contentUrl\":\"https:\/\/ibiza-yachts.com\/wp-content\/uploads\/2022\/02\/Mangusta-33-for-Charter-7.jpg\",\"width\":2000,\"height\":1500},{\"@type\":\"BreadcrumbList\",\"@id\":\"https:\/\/ibiza-yachts.com\/es\/superyates\/#breadcrumb\",\"itemListElement\":[{\"@type\":\"ListItem\",\"position\":1,\"name\":\"Home\",\"item\":\"https:\/\/ibiza-yachts.com\/es\/\"},{\"@type\":\"ListItem\",\"position\":2,\"name\":\"Superyates\"}]},{\"@type\":\"WebSite\",\"@id\":\"https:\/\/ibiza-yachts.com\/es\/#website\",\"url\":\"https:\/\/ibiza-yachts.com\/es\/\",\"name\":\"Ibiza Yachts\",\"description\":\"Ibiza Yachts for Charter\",\"publisher\":{\"@id\":\"https:\/\/ibiza-yachts.com\/es\/#organization\"},\"potentialAction\":[{\"@type\":\"SearchAction\",\"target\":{\"@type\":\"EntryPoint\",\"urlTemplate\":\"https:\/\/ibiza-yachts.com\/es\/?s={search_term_string}\"},\"query-input\":{\"@type\":\"PropertyValueSpecification\",\"valueRequired\":true,\"valueName\":\"search_term_string\"}}],\"inLanguage\":\"es\"},{\"@type\":\"Organization\",\"@id\":\"https:\/\/ibiza-yachts.com\/es\/#organization\",\"name\":\"Ibiza Yachts\",\"url\":\"https:\/\/ibiza-yachts.com\/es\/\",\"logo\":{\"@type\":\"ImageObject\",\"inLanguage\":\"es\",\"@id\":\"https:\/\/ibiza-yachts.com\/es\/#\/schema\/logo\/image\/\",\"url\":\"https:\/\/ibiza-yachts.com\/wp-content\/uploads\/2022\/01\/Cannes-Villa-Logo.jpg\",\"contentUrl\":\"https:\/\/ibiza-yachts.com\/wp-content\/uploads\/2022\/01\/Cannes-Villa-Logo.jpg\",\"width\":1704,\"height\":1704,\"caption\":\"Ibiza Yachts\"},\"image\":{\"@id\":\"https:\/\/ibiza-yachts.com\/es\/#\/schema\/logo\/image\/\"}}]}<\/script>\n<!-- \/ Yoast SEO plugin. -->","yoast_head_json":{"title":"Ibiza Alquiler de superyates - Ibiza Yachts","description":"\u00a1Alquila un Superyate en Ibiza por unos d\u00edas! Navega por nuestros alquileres de Superyates en Ibiza y emb\u00e1rcate en un crucero de lujo.","robots":{"index":"index","follow":"follow","max-snippet":"max-snippet:-1","max-image-preview":"max-image-preview:large","max-video-preview":"max-video-preview:-1"},"canonical":"https:\/\/ibiza-yachts.com\/es\/superyates\/","og_locale":"es_ES","og_type":"article","og_title":"Ibiza Alquiler de superyates - Ibiza Yachts","og_description":"\u00a1Alquila un Superyate en Ibiza por unos d\u00edas! Navega por nuestros alquileres de Superyates en Ibiza y emb\u00e1rcate en un crucero de lujo.","og_url":"https:\/\/ibiza-yachts.com\/es\/superyates\/","og_site_name":"Ibiza Yachts","article_modified_time":"2025-10-10T15:39:43+00:00","og_image":[{"width":2000,"height":1500,"url":"https:\/\/ibiza-yachts.com\/wp-content\/uploads\/2022\/02\/Mangusta-33-for-Charter-7.jpg","type":"image\/jpeg"}],"twitter_card":"summary_large_image","twitter_misc":{"Tiempo de lectura":"1 minuto"},"schema":{"@context":"https:\/\/schema.org","@graph":[{"@type":"WebPage","@id":"https:\/\/ibiza-yachts.com\/es\/superyates\/","url":"https:\/\/ibiza-yachts.com\/es\/superyates\/","name":"Ibiza Alquiler de superyates - Ibiza Yachts","isPartOf":{"@id":"https:\/\/ibiza-yachts.com\/es\/#website"},"primaryImageOfPage":{"@id":"https:\/\/ibiza-yachts.com\/es\/superyates\/#primaryimage"},"image":{"@id":"https:\/\/ibiza-yachts.com\/es\/superyates\/#primaryimage"},"thumbnailUrl":"https:\/\/ibiza-yachts.com\/wp-content\/uploads\/2022\/02\/Mangusta-33-for-Charter-7.jpg","datePublished":"2023-11-11T10:01:22+00:00","dateModified":"2025-10-10T15:39:43+00:00","description":"\u00a1Alquila un Superyate en Ibiza por unos d\u00edas! Navega por nuestros alquileres de Superyates en Ibiza y emb\u00e1rcate en un crucero de lujo.","breadcrumb":{"@id":"https:\/\/ibiza-yachts.com\/es\/superyates\/#breadcrumb"},"inLanguage":"es","potentialAction":[{"@type":"ReadAction","target":["https:\/\/ibiza-yachts.com\/es\/superyates\/"]}]},{"@type":"ImageObject","inLanguage":"es","@id":"https:\/\/ibiza-yachts.com\/es\/superyates\/#primaryimage","url":"https:\/\/ibiza-yachts.com\/wp-content\/uploads\/2022\/02\/Mangusta-33-for-Charter-7.jpg","contentUrl":"https:\/\/ibiza-yachts.com\/wp-content\/uploads\/2022\/02\/Mangusta-33-for-Charter-7.jpg","width":2000,"height":1500},{"@type":"BreadcrumbList","@id":"https:\/\/ibiza-yachts.com\/es\/superyates\/#breadcrumb","itemListElement":[{"@type":"ListItem","position":1,"name":"Home","item":"https:\/\/ibiza-yachts.com\/es\/"},{"@type":"ListItem","position":2,"name":"Superyates"}]},{"@type":"WebSite","@id":"https:\/\/ibiza-yachts.com\/es\/#website","url":"https:\/\/ibiza-yachts.com\/es\/","name":"Ibiza Yachts","description":"Ibiza Yachts for Charter","publisher":{"@id":"https:\/\/ibiza-yachts.com\/es\/#organization"},"potentialAction":[{"@type":"SearchAction","target":{"@type":"EntryPoint","urlTemplate":"https:\/\/ibiza-yachts.com\/es\/?s={search_term_string}"},"query-input":{"@type":"PropertyValueSpecification","valueRequired":true,"valueName":"search_term_string"}}],"inLanguage":"es"},{"@type":"Organization","@id":"https:\/\/ibiza-yachts.com\/es\/#organization","name":"Ibiza Yachts","url":"https:\/\/ibiza-yachts.com\/es\/","logo":{"@type":"ImageObject","inLanguage":"es","@id":"https:\/\/ibiza-yachts.com\/es\/#\/schema\/logo\/image\/","url":"https:\/\/ibiza-yachts.com\/wp-content\/uploads\/2022\/01\/Cannes-Villa-Logo.jpg","contentUrl":"https:\/\/ibiza-yachts.com\/wp-content\/uploads\/2022\/01\/Cannes-Villa-Logo.jpg","width":1704,"height":1704,"caption":"Ibiza Yachts"},"image":{"@id":"https:\/\/ibiza-yachts.com\/es\/#\/schema\/logo\/image\/"}}]}},"distributor_meta":false,"distributor_terms":false,"distributor_media":false,"distributor_original_site_name":"Ibiza Yachts","distributor_original_site_url":"https:\/\/ibiza-yachts.com\/es\/","push-errors":false,"_links":{"self":[{"href":"https:\/\/ibiza-yachts.com\/es\/wp-json\/wp\/v2\/pages\/18926","targetHints":{"allow":["GET"]}}],"collection":[{"href":"https:\/\/ibiza-yachts.com\/es\/wp-json\/wp\/v2\/pages"}],"about":[{"href":"https:\/\/ibiza-yachts.com\/es\/wp-json\/wp\/v2\/types\/page"}],"author":[{"embeddable":true,"href":"https:\/\/ibiza-yachts.com\/es\/wp-json\/wp\/v2\/users\/3"}],"replies":[{"embeddable":true,"href":"https:\/\/ibiza-yachts.com\/es\/wp-json\/wp\/v2\/comments?post=18926"}],"version-history":[{"count":0,"href":"https:\/\/ibiza-yachts.com\/es\/wp-json\/wp\/v2\/pages\/18926\/revisions"}],"wp:featuredmedia":[{"embeddable":true,"href":"https:\/\/ibiza-yachts.com\/es\/wp-json\/wp\/v2\/media\/17918"}],"wp:attachment":[{"href":"https:\/\/ibiza-yachts.com\/es\/wp-json\/wp\/v2\/media?parent=18926"}],"curies":[{"name":"wp","href":"https:\/\/api.w.org\/{rel}","templated":true}]}}