{"id":18971,"date":"2022-03-19T11:35:21","date_gmt":"2022-03-19T11:35:21","guid":{"rendered":"https:\/\/ibiza-yachts.com\/wajer\/"},"modified":"2025-03-18T18:55:19","modified_gmt":"2025-03-18T18:55:19","slug":"wajer","status":"publish","type":"page","link":"https:\/\/ibiza-yachts.com\/es\/wajer\/","title":{"rendered":"Wajer"},"content":{"rendered":"\t\t<div data-elementor-type=\"wp-page\" data-elementor-id=\"18971\" class=\"elementor elementor-18971 elementor-2370\" data-elementor-post-type=\"page\">\n\t\t\t\t\t\t<section class=\"elementor-section elementor-top-section elementor-element elementor-element-b7e567a elementor-section-height-min-height elementor-section-items-bottom elementor-section-content-bottom elementor-section-boxed elementor-section-height-default\" data-id=\"b7e567a\" data-element_type=\"section\" data-e-type=\"section\" data-settings=\"{&quot;background_background&quot;:&quot;classic&quot;}\">\n\t\t\t\t\t\t<div class=\"elementor-container elementor-column-gap-default\">\n\t\t\t\t\t<div class=\"elementor-column elementor-col-100 elementor-top-column elementor-element elementor-element-a2b1923\" data-id=\"a2b1923\" data-element_type=\"column\" data-e-type=\"column\">\n\t\t\t<div class=\"elementor-widget-wrap elementor-element-populated\">\n\t\t\t\t\t\t<div class=\"elementor-element elementor-element-6a8a18f elementor-widget elementor-widget-heading\" data-id=\"6a8a18f\" data-element_type=\"widget\" data-e-type=\"widget\" data-widget_type=\"heading.default\">\n\t\t\t\t<div class=\"elementor-widget-container\">\n\t\t\t\t\t<h1 class=\"elementor-heading-title elementor-size-default\">Wajer<\/h1>\t\t\t\t<\/div>\n\t\t\t\t<\/div>\n\t\t\t\t\t<\/div>\n\t\t<\/div>\n\t\t\t\t\t<\/div>\n\t\t<\/section>\n\t\t\t\t<section class=\"elementor-section elementor-top-section elementor-element elementor-element-9da68ef elementor-section-boxed elementor-section-height-default elementor-section-height-default\" data-id=\"9da68ef\" data-element_type=\"section\" data-e-type=\"section\">\n\t\t\t\t\t\t<div class=\"elementor-container elementor-column-gap-default\">\n\t\t\t\t\t<div class=\"elementor-column elementor-col-100 elementor-top-column elementor-element elementor-element-6726422\" data-id=\"6726422\" data-element_type=\"column\" data-e-type=\"column\">\n\t\t\t<div class=\"elementor-widget-wrap elementor-element-populated\">\n\t\t\t\t\t\t<div class=\"elementor-element elementor-element-61f4c80 elementor-widget elementor-widget-heading\" data-id=\"61f4c80\" data-element_type=\"widget\" data-e-type=\"widget\" data-widget_type=\"heading.default\">\n\t\t\t\t<div class=\"elementor-widget-container\">\n\t\t\t\t\t<h2 class=\"elementor-heading-title elementor-size-default\">Wajer EN ALQUILER EN Ibiza<\/h2>\t\t\t\t<\/div>\n\t\t\t\t<\/div>\n\t\t\t\t<div class=\"elementor-element elementor-element-32f3719 elementor-widget elementor-widget-text-editor\" data-id=\"32f3719\" data-element_type=\"widget\" data-e-type=\"widget\" data-widget_type=\"text-editor.default\">\n\t\t\t\t<div class=\"elementor-widget-container\">\n\t\t\t\t\t\t\t\t\t<p>Sube a bordo de una de las embarcaciones de persecuci\u00f3n favoritas en el mundo de la n\u00e1utica. La atenci\u00f3n al detalle y la calidad holandesa de estas embarcaciones \u00fanicas las han hecho excepcionalmente populares entre la escena n\u00e1utica, garantizando que atraer\u00e1s todas las miradas al llegar a cualquier bah\u00eda de la zona de Ibiza. Echa un vistazo a nuestra impresionante selecci\u00f3n de barcos Wajer.  <\/p>\n\t\t\t\t\t\t\t\t<\/div>\n\t\t\t\t<\/div>\n\t\t\t\t\t<\/div>\n\t\t<\/div>\n\t\t\t\t\t<\/div>\n\t\t<\/section>\n\t\t\t\t<section class=\"elementor-section elementor-top-section elementor-element elementor-element-70decb7 elementor-section-boxed elementor-section-height-default elementor-section-height-default\" data-id=\"70decb7\" data-element_type=\"section\" data-e-type=\"section\">\n\t\t\t\t\t\t<div class=\"elementor-container elementor-column-gap-default\">\n\t\t\t\t\t<div class=\"elementor-column elementor-col-100 elementor-top-column elementor-element elementor-element-8a6d6c1\" data-id=\"8a6d6c1\" data-element_type=\"column\" data-e-type=\"column\">\n\t\t\t<div class=\"elementor-widget-wrap elementor-element-populated\">\n\t\t\t\t\t\t<div class=\"elementor-element elementor-element-f5b93a2 elementor-widget elementor-widget-heading\" data-id=\"f5b93a2\" data-element_type=\"widget\" data-e-type=\"widget\" data-widget_type=\"heading.default\">\n\t\t\t\t<div class=\"elementor-widget-container\">\n\t\t\t\t\t<h3 class=\"elementor-heading-title elementor-size-default\">Ibiza ALQUILER DE WAJER<\/h3>\t\t\t\t<\/div>\n\t\t\t\t<\/div>\n\t\t\t\t<div class=\"elementor-element elementor-element-1341b27 elementor-widget elementor-widget-text-editor\" data-id=\"1341b27\" data-element_type=\"widget\" data-e-type=\"widget\" data-widget_type=\"text-editor.default\">\n\t\t\t\t<div class=\"elementor-widget-container\">\n\t\t\t\t\t\t\t\t\t<p>Navega por nuestra selecci\u00f3n de los mejores barcos Wajer de alquiler en Ibiza:<\/p>\n\t\t\t\t\t\t\t\t<\/div>\n\t\t\t\t<\/div>\n\t\t\t\t\t<\/div>\n\t\t<\/div>\n\t\t\t\t\t<\/div>\n\t\t<\/section>\n\t\t\t\t<\/div>\n\t\t","protected":false},"excerpt":{"rendered":"<p>Wajer Wajer PARA ALQUILER EN Ibiza Sube a bordo de uno de los barcos de persecuci\u00f3n favoritos en el mundo de la n\u00e1utica. La atenci\u00f3n al detalle y la calidad holandesa de estos yates \u00fanicos los han hecho excepcionalmente populares entre la escena n\u00e1utica, asegurando que atraer\u00e1s todas las miradas al llegar a cualquier bah\u00eda&hellip; <a class=\"more-link\" href=\"https:\/\/ibiza-yachts.com\/es\/wajer\/\">Seguir leyendo <span class=\"screen-reader-text\">Wajer<\/span><\/a><\/p>\n","protected":false},"author":3,"featured_media":18973,"parent":0,"menu_order":0,"comment_status":"closed","ping_status":"closed","template":"elementor_header_footer","meta":{"_acf_changed":false,"footnotes":""},"class_list":["post-18971","page","type-page","status-publish","has-post-thumbnail","hentry","entry"],"acf":[],"yoast_head":"<!-- This site is optimized with the Yoast SEO plugin v23.5 - https:\/\/yoast.com\/wordpress\/plugins\/seo\/ -->\n<title>Alquiler de Wajer en Ibiza - Alquiler de Wajer en Ibiza - Ibiza Yachts<\/title>\n<meta name=\"description\" content=\"\u00a1Sube a bordo de un emblem\u00e1tico Wajer en Ibiza! Navega por nuestra selecci\u00f3n de Wajer de alquiler en Ibiza y emb\u00e1rcate en un crucero de lujo.\" \/>\n<meta name=\"robots\" content=\"index, follow, max-snippet:-1, max-image-preview:large, max-video-preview:-1\" \/>\n<link rel=\"canonical\" href=\"https:\/\/ibiza-yachts.com\/es\/wajer\/\" \/>\n<meta property=\"og:locale\" content=\"es_ES\" \/>\n<meta property=\"og:type\" content=\"article\" \/>\n<meta property=\"og:title\" content=\"Alquiler de Wajer en Ibiza - Alquiler de Wajer en Ibiza - Ibiza Yachts\" \/>\n<meta property=\"og:description\" content=\"\u00a1Sube a bordo de un emblem\u00e1tico Wajer en Ibiza! Navega por nuestra selecci\u00f3n de Wajer de alquiler en Ibiza y emb\u00e1rcate en un crucero de lujo.\" \/>\n<meta property=\"og:url\" content=\"https:\/\/ibiza-yachts.com\/es\/wajer\/\" \/>\n<meta property=\"og:site_name\" content=\"Ibiza Yachts\" \/>\n<meta property=\"article:modified_time\" content=\"2025-03-18T18:55:19+00:00\" \/>\n<meta property=\"og:image\" content=\"https:\/\/ibiza-yachts.com\/wp-content\/uploads\/2022\/02\/Wajer-38s-for-Rent-2.jpg\" \/>\n\t<meta property=\"og:image:width\" content=\"1920\" \/>\n\t<meta property=\"og:image:height\" content=\"1280\" \/>\n\t<meta property=\"og:image:type\" content=\"image\/jpeg\" \/>\n<meta name=\"twitter:card\" content=\"summary_large_image\" \/>\n<script type=\"application\/ld+json\" class=\"yoast-schema-graph\">{\"@context\":\"https:\/\/schema.org\",\"@graph\":[{\"@type\":\"WebPage\",\"@id\":\"https:\/\/ibiza-yachts.com\/es\/wajer\/\",\"url\":\"https:\/\/ibiza-yachts.com\/es\/wajer\/\",\"name\":\"Alquiler de Wajer en Ibiza - Alquiler de Wajer en Ibiza - Ibiza Yachts\",\"isPartOf\":{\"@id\":\"https:\/\/ibiza-yachts.com\/es\/#website\"},\"primaryImageOfPage\":{\"@id\":\"https:\/\/ibiza-yachts.com\/es\/wajer\/#primaryimage\"},\"image\":{\"@id\":\"https:\/\/ibiza-yachts.com\/es\/wajer\/#primaryimage\"},\"thumbnailUrl\":\"https:\/\/ibiza-yachts.com\/wp-content\/uploads\/2022\/02\/Wajer-38s-for-Rent-2.jpg\",\"datePublished\":\"2022-03-19T11:35:21+00:00\",\"dateModified\":\"2025-03-18T18:55:19+00:00\",\"description\":\"\u00a1Sube a bordo de un emblem\u00e1tico Wajer en Ibiza! Navega por nuestra selecci\u00f3n de Wajer de alquiler en Ibiza y emb\u00e1rcate en un crucero de lujo.\",\"breadcrumb\":{\"@id\":\"https:\/\/ibiza-yachts.com\/es\/wajer\/#breadcrumb\"},\"inLanguage\":\"es\",\"potentialAction\":[{\"@type\":\"ReadAction\",\"target\":[\"https:\/\/ibiza-yachts.com\/es\/wajer\/\"]}]},{\"@type\":\"ImageObject\",\"inLanguage\":\"es\",\"@id\":\"https:\/\/ibiza-yachts.com\/es\/wajer\/#primaryimage\",\"url\":\"https:\/\/ibiza-yachts.com\/wp-content\/uploads\/2022\/02\/Wajer-38s-for-Rent-2.jpg\",\"contentUrl\":\"https:\/\/ibiza-yachts.com\/wp-content\/uploads\/2022\/02\/Wajer-38s-for-Rent-2.jpg\",\"width\":1920,\"height\":1280},{\"@type\":\"BreadcrumbList\",\"@id\":\"https:\/\/ibiza-yachts.com\/es\/wajer\/#breadcrumb\",\"itemListElement\":[{\"@type\":\"ListItem\",\"position\":1,\"name\":\"Home\",\"item\":\"https:\/\/ibiza-yachts.com\/es\/\"},{\"@type\":\"ListItem\",\"position\":2,\"name\":\"Wajer\"}]},{\"@type\":\"WebSite\",\"@id\":\"https:\/\/ibiza-yachts.com\/es\/#website\",\"url\":\"https:\/\/ibiza-yachts.com\/es\/\",\"name\":\"Ibiza Yachts\",\"description\":\"Ibiza Yachts for Charter\",\"publisher\":{\"@id\":\"https:\/\/ibiza-yachts.com\/es\/#organization\"},\"potentialAction\":[{\"@type\":\"SearchAction\",\"target\":{\"@type\":\"EntryPoint\",\"urlTemplate\":\"https:\/\/ibiza-yachts.com\/es\/?s={search_term_string}\"},\"query-input\":{\"@type\":\"PropertyValueSpecification\",\"valueRequired\":true,\"valueName\":\"search_term_string\"}}],\"inLanguage\":\"es\"},{\"@type\":\"Organization\",\"@id\":\"https:\/\/ibiza-yachts.com\/es\/#organization\",\"name\":\"Ibiza Yachts\",\"url\":\"https:\/\/ibiza-yachts.com\/es\/\",\"logo\":{\"@type\":\"ImageObject\",\"inLanguage\":\"es\",\"@id\":\"https:\/\/ibiza-yachts.com\/es\/#\/schema\/logo\/image\/\",\"url\":\"https:\/\/ibiza-yachts.com\/wp-content\/uploads\/2022\/01\/Cannes-Villa-Logo.jpg\",\"contentUrl\":\"https:\/\/ibiza-yachts.com\/wp-content\/uploads\/2022\/01\/Cannes-Villa-Logo.jpg\",\"width\":1704,\"height\":1704,\"caption\":\"Ibiza Yachts\"},\"image\":{\"@id\":\"https:\/\/ibiza-yachts.com\/es\/#\/schema\/logo\/image\/\"}}]}<\/script>\n<!-- \/ Yoast SEO plugin. -->","yoast_head_json":{"title":"Alquiler de Wajer en Ibiza - Alquiler de Wajer en Ibiza - Ibiza Yachts","description":"\u00a1Sube a bordo de un emblem\u00e1tico Wajer en Ibiza! Navega por nuestra selecci\u00f3n de Wajer de alquiler en Ibiza y emb\u00e1rcate en un crucero de lujo.","robots":{"index":"index","follow":"follow","max-snippet":"max-snippet:-1","max-image-preview":"max-image-preview:large","max-video-preview":"max-video-preview:-1"},"canonical":"https:\/\/ibiza-yachts.com\/es\/wajer\/","og_locale":"es_ES","og_type":"article","og_title":"Alquiler de Wajer en Ibiza - Alquiler de Wajer en Ibiza - Ibiza Yachts","og_description":"\u00a1Sube a bordo de un emblem\u00e1tico Wajer en Ibiza! Navega por nuestra selecci\u00f3n de Wajer de alquiler en Ibiza y emb\u00e1rcate en un crucero de lujo.","og_url":"https:\/\/ibiza-yachts.com\/es\/wajer\/","og_site_name":"Ibiza Yachts","article_modified_time":"2025-03-18T18:55:19+00:00","og_image":[{"width":1920,"height":1280,"url":"https:\/\/ibiza-yachts.com\/wp-content\/uploads\/2022\/02\/Wajer-38s-for-Rent-2.jpg","type":"image\/jpeg"}],"twitter_card":"summary_large_image","schema":{"@context":"https:\/\/schema.org","@graph":[{"@type":"WebPage","@id":"https:\/\/ibiza-yachts.com\/es\/wajer\/","url":"https:\/\/ibiza-yachts.com\/es\/wajer\/","name":"Alquiler de Wajer en Ibiza - Alquiler de Wajer en Ibiza - Ibiza Yachts","isPartOf":{"@id":"https:\/\/ibiza-yachts.com\/es\/#website"},"primaryImageOfPage":{"@id":"https:\/\/ibiza-yachts.com\/es\/wajer\/#primaryimage"},"image":{"@id":"https:\/\/ibiza-yachts.com\/es\/wajer\/#primaryimage"},"thumbnailUrl":"https:\/\/ibiza-yachts.com\/wp-content\/uploads\/2022\/02\/Wajer-38s-for-Rent-2.jpg","datePublished":"2022-03-19T11:35:21+00:00","dateModified":"2025-03-18T18:55:19+00:00","description":"\u00a1Sube a bordo de un emblem\u00e1tico Wajer en Ibiza! Navega por nuestra selecci\u00f3n de Wajer de alquiler en Ibiza y emb\u00e1rcate en un crucero de lujo.","breadcrumb":{"@id":"https:\/\/ibiza-yachts.com\/es\/wajer\/#breadcrumb"},"inLanguage":"es","potentialAction":[{"@type":"ReadAction","target":["https:\/\/ibiza-yachts.com\/es\/wajer\/"]}]},{"@type":"ImageObject","inLanguage":"es","@id":"https:\/\/ibiza-yachts.com\/es\/wajer\/#primaryimage","url":"https:\/\/ibiza-yachts.com\/wp-content\/uploads\/2022\/02\/Wajer-38s-for-Rent-2.jpg","contentUrl":"https:\/\/ibiza-yachts.com\/wp-content\/uploads\/2022\/02\/Wajer-38s-for-Rent-2.jpg","width":1920,"height":1280},{"@type":"BreadcrumbList","@id":"https:\/\/ibiza-yachts.com\/es\/wajer\/#breadcrumb","itemListElement":[{"@type":"ListItem","position":1,"name":"Home","item":"https:\/\/ibiza-yachts.com\/es\/"},{"@type":"ListItem","position":2,"name":"Wajer"}]},{"@type":"WebSite","@id":"https:\/\/ibiza-yachts.com\/es\/#website","url":"https:\/\/ibiza-yachts.com\/es\/","name":"Ibiza Yachts","description":"Ibiza Yachts for Charter","publisher":{"@id":"https:\/\/ibiza-yachts.com\/es\/#organization"},"potentialAction":[{"@type":"SearchAction","target":{"@type":"EntryPoint","urlTemplate":"https:\/\/ibiza-yachts.com\/es\/?s={search_term_string}"},"query-input":{"@type":"PropertyValueSpecification","valueRequired":true,"valueName":"search_term_string"}}],"inLanguage":"es"},{"@type":"Organization","@id":"https:\/\/ibiza-yachts.com\/es\/#organization","name":"Ibiza Yachts","url":"https:\/\/ibiza-yachts.com\/es\/","logo":{"@type":"ImageObject","inLanguage":"es","@id":"https:\/\/ibiza-yachts.com\/es\/#\/schema\/logo\/image\/","url":"https:\/\/ibiza-yachts.com\/wp-content\/uploads\/2022\/01\/Cannes-Villa-Logo.jpg","contentUrl":"https:\/\/ibiza-yachts.com\/wp-content\/uploads\/2022\/01\/Cannes-Villa-Logo.jpg","width":1704,"height":1704,"caption":"Ibiza Yachts"},"image":{"@id":"https:\/\/ibiza-yachts.com\/es\/#\/schema\/logo\/image\/"}}]}},"distributor_meta":false,"distributor_terms":false,"distributor_media":false,"distributor_original_site_name":"Ibiza Yachts","distributor_original_site_url":"https:\/\/ibiza-yachts.com\/es\/","push-errors":false,"_links":{"self":[{"href":"https:\/\/ibiza-yachts.com\/es\/wp-json\/wp\/v2\/pages\/18971","targetHints":{"allow":["GET"]}}],"collection":[{"href":"https:\/\/ibiza-yachts.com\/es\/wp-json\/wp\/v2\/pages"}],"about":[{"href":"https:\/\/ibiza-yachts.com\/es\/wp-json\/wp\/v2\/types\/page"}],"author":[{"embeddable":true,"href":"https:\/\/ibiza-yachts.com\/es\/wp-json\/wp\/v2\/users\/3"}],"replies":[{"embeddable":true,"href":"https:\/\/ibiza-yachts.com\/es\/wp-json\/wp\/v2\/comments?post=18971"}],"version-history":[{"count":0,"href":"https:\/\/ibiza-yachts.com\/es\/wp-json\/wp\/v2\/pages\/18971\/revisions"}],"wp:featuredmedia":[{"embeddable":true,"href":"https:\/\/ibiza-yachts.com\/es\/wp-json\/wp\/v2\/media\/18973"}],"wp:attachment":[{"href":"https:\/\/ibiza-yachts.com\/es\/wp-json\/wp\/v2\/media?parent=18971"}],"curies":[{"name":"wp","href":"https:\/\/api.w.org\/{rel}","templated":true}]}}