{"id":11018,"date":"2022-01-14T22:04:54","date_gmt":"2022-01-14T22:04:54","guid":{"rendered":"https:\/\/ibiza-yachts.com\/page-daccueil\/"},"modified":"2025-10-09T15:13:00","modified_gmt":"2025-10-09T15:13:00","slug":"page-daccueil","status":"publish","type":"page","link":"https:\/\/ibiza-yachts.com\/fr\/","title":{"rendered":"Page d&rsquo;accueil"},"content":{"rendered":"\t\t<div data-elementor-type=\"wp-page\" data-elementor-id=\"11018\" class=\"elementor elementor-11018 elementor-5\" data-elementor-post-type=\"page\">\n\t\t\t\t\t\t<section class=\"elementor-section elementor-top-section elementor-element elementor-element-7775676 elementor-section-height-min-height elementor-section-items-bottom elementor-section-content-bottom elementor-section-boxed elementor-section-height-default\" data-id=\"7775676\" data-element_type=\"section\" data-e-type=\"section\" data-settings=\"{&quot;background_background&quot;:&quot;classic&quot;}\">\n\t\t\t\t\t\t<div class=\"elementor-container elementor-column-gap-default\">\n\t\t\t\t\t<div class=\"elementor-column elementor-col-100 elementor-top-column elementor-element elementor-element-9cb90af\" data-id=\"9cb90af\" data-element_type=\"column\" data-e-type=\"column\">\n\t\t\t<div class=\"elementor-widget-wrap elementor-element-populated\">\n\t\t\t\t\t\t<div class=\"elementor-element elementor-element-bc06590 elementor-widget elementor-widget-heading\" data-id=\"bc06590\" data-element_type=\"widget\" data-e-type=\"widget\" data-widget_type=\"heading.default\">\n\t\t\t\t<div class=\"elementor-widget-container\">\n\t\t\t\t\t<h2 class=\"elementor-heading-title elementor-size-default\">Ibiza Yachts<\/h2>\t\t\t\t<\/div>\n\t\t\t\t<\/div>\n\t\t\t\t\t<\/div>\n\t\t<\/div>\n\t\t\t\t\t<\/div>\n\t\t<\/section>\n\t\t\t\t<section class=\"elementor-section elementor-top-section elementor-element elementor-element-9da68ef elementor-section-boxed elementor-section-height-default elementor-section-height-default\" data-id=\"9da68ef\" data-element_type=\"section\" data-e-type=\"section\">\n\t\t\t\t\t\t<div class=\"elementor-container elementor-column-gap-default\">\n\t\t\t\t\t<div class=\"elementor-column elementor-col-100 elementor-top-column elementor-element elementor-element-6726422\" data-id=\"6726422\" data-element_type=\"column\" data-e-type=\"column\">\n\t\t\t<div class=\"elementor-widget-wrap elementor-element-populated\">\n\t\t\t\t\t\t<div class=\"elementor-element elementor-element-61f4c80 elementor-widget elementor-widget-heading\" data-id=\"61f4c80\" data-element_type=\"widget\" data-e-type=\"widget\" data-widget_type=\"heading.default\">\n\t\t\t\t<div class=\"elementor-widget-container\">\n\t\t\t\t\t<h1 class=\"elementor-heading-title elementor-size-default\">Ibiza Yachts \u00e0 louer<\/h1>\t\t\t\t<\/div>\n\t\t\t\t<\/div>\n\t\t\t\t<div class=\"elementor-element elementor-element-f341bd7 elementor-widget elementor-widget-text-editor\" data-id=\"f341bd7\" data-element_type=\"widget\" data-e-type=\"widget\" data-widget_type=\"text-editor.default\">\n\t\t\t\t<div class=\"elementor-widget-container\">\n\t\t\t\t\t\t\t\t\t<p>D\u00e9couvrez l&rsquo;attrait d&rsquo;Ibiza gr\u00e2ce \u00e0 nos locations de bateaux. Depuis ses humbles origines d&rsquo;\u00eele culturelle traditionnelle jusqu&rsquo;\u00e0 son statut actuel de terrain de jeu de l&rsquo;\u00e9lite, Ibiza attire les riches et les c\u00e9l\u00e8bres ann\u00e9e apr\u00e8s ann\u00e9e avec son glamour et son extravagance in\u00e9gal\u00e9s. Diff\u00e9renciez-vous de la masse en arrivant aux clubs de plage avec style \u00e0 bord d&rsquo;un yacht luxueux ; apr\u00e8s tout, l&rsquo;attrait d&rsquo;Ibiza ne r\u00e9side pas seulement dans ses rivages, mais aussi dans sa culture maritime dynamique. Explorez notre s\u00e9lection de bateaux et de yachts disponibles \u00e0 la location \u00e0 Ibiza, parfaits pour naviguer dans les baies pittoresques ou passer des journ\u00e9es inoubliables sur les eaux d&rsquo;Ibiza. Que vous cherchiez une excursion d&rsquo;une journ\u00e9e ou une aventure d&rsquo;une semaine, notre flotte a tout ce qu&rsquo;il vous faut. Visitez notre site Web pour d\u00e9couvrir les plus beaux yachts lou\u00e9s \u00e0 Ibiza.     <\/p>\t\t\t\t\t\t\t\t<\/div>\n\t\t\t\t<\/div>\n\t\t\t\t\t<\/div>\n\t\t<\/div>\n\t\t\t\t\t<\/div>\n\t\t<\/section>\n\t\t\t\t<section class=\"elementor-section elementor-top-section elementor-element elementor-element-7736835 elementor-hidden-mobile elementor-section-boxed elementor-section-height-default elementor-section-height-default\" data-id=\"7736835\" data-element_type=\"section\" data-e-type=\"section\">\n\t\t\t\t\t\t<div class=\"elementor-container elementor-column-gap-default\">\n\t\t\t\t\t<div class=\"elementor-column elementor-col-50 elementor-top-column elementor-element elementor-element-ffd6efd\" data-id=\"ffd6efd\" data-element_type=\"column\" data-e-type=\"column\">\n\t\t\t<div class=\"elementor-widget-wrap elementor-element-populated\">\n\t\t\t\t\t\t<div class=\"elementor-element elementor-element-e9aee71 elementor-widget elementor-widget-heading\" data-id=\"e9aee71\" data-element_type=\"widget\" data-e-type=\"widget\" data-widget_type=\"heading.default\">\n\t\t\t\t<div class=\"elementor-widget-container\">\n\t\t\t\t\t<h3 class=\"elementor-heading-title elementor-size-default\">louer un yacht \u00e0 Ibiza<\/h3>\t\t\t\t<\/div>\n\t\t\t\t<\/div>\n\t\t\t\t<div class=\"elementor-element elementor-element-6840229 elementor-widget elementor-widget-text-editor\" data-id=\"6840229\" data-element_type=\"widget\" data-e-type=\"widget\" data-widget_type=\"text-editor.default\">\n\t\t\t\t<div class=\"elementor-widget-container\">\n\t\t\t\t\t\t\t\t\t<p>Trouvez et r\u00e9servez le yacht de vos r\u00eaves \u00e0 louer \u00e0 Ibiza sur notre site et b\u00e9n\u00e9ficiez des offres les plus exclusives. D\u00e9couvrez tous les yachts de luxe et b\u00e9n\u00e9ficiez des conseils de nos courtiers experts pour choisir le meilleur pour vous et vos amis.  Laissez-nous vous mettre en contact avec les agents les plus comp\u00e9tents sur place pour vous aider \u00e0 planifier votre escapade de luxe tout en b\u00e9n\u00e9ficiant de tous nos services pour rendre votre charter m\u00e9morable.  <\/p>\t\t\t\t\t\t\t\t<\/div>\n\t\t\t\t<\/div>\n\t\t\t\t<div class=\"elementor-element elementor-element-006b665 elementor-icon-list--layout-traditional elementor-list-item-link-full_width elementor-widget elementor-widget-icon-list\" data-id=\"006b665\" data-element_type=\"widget\" data-e-type=\"widget\" data-widget_type=\"icon-list.default\">\n\t\t\t\t<div class=\"elementor-widget-container\">\n\t\t\t\t\t\t\t<ul class=\"elementor-icon-list-items\">\n\t\t\t\t\t\t\t<li class=\"elementor-icon-list-item\">\n\t\t\t\t\t\t\t\t\t\t\t<a href=\"https:\/\/ibiza-yachts.com\/riva\/\">\n\n\t\t\t\t\t\t\t\t\t\t\t\t<span class=\"elementor-icon-list-icon\">\n\t\t\t\t\t\t\t<i aria-hidden=\"true\" class=\"fas fa-arrow-right\"><\/i>\t\t\t\t\t\t<\/span>\n\t\t\t\t\t\t\t\t\t\t<span class=\"elementor-icon-list-text\">Riva classique<\/span>\n\t\t\t\t\t\t\t\t\t\t\t<\/a>\n\t\t\t\t\t\t\t\t\t<\/li>\n\t\t\t\t\t\t\t\t<li class=\"elementor-icon-list-item\">\n\t\t\t\t\t\t\t\t\t\t\t<a href=\"https:\/\/ibiza-yachts.com\/van-dutch\/\">\n\n\t\t\t\t\t\t\t\t\t\t\t\t<span class=\"elementor-icon-list-icon\">\n\t\t\t\t\t\t\t<i aria-hidden=\"true\" class=\"fas fa-arrow-right\"><\/i>\t\t\t\t\t\t<\/span>\n\t\t\t\t\t\t\t\t\t\t<span class=\"elementor-icon-list-text\">L'embl\u00e9matique VanDutch<\/span>\n\t\t\t\t\t\t\t\t\t\t\t<\/a>\n\t\t\t\t\t\t\t\t\t<\/li>\n\t\t\t\t\t\t\t\t<li class=\"elementor-icon-list-item\">\n\t\t\t\t\t\t\t\t\t\t\t<a href=\"https:\/\/ibiza-yachts.com\/yachts\/\">\n\n\t\t\t\t\t\t\t\t\t\t\t\t<span class=\"elementor-icon-list-icon\">\n\t\t\t\t\t\t\t<i aria-hidden=\"true\" class=\"fas fa-arrow-right\"><\/i>\t\t\t\t\t\t<\/span>\n\t\t\t\t\t\t\t\t\t\t<span class=\"elementor-icon-list-text\">Charte hebdomadaire<\/span>\n\t\t\t\t\t\t\t\t\t\t\t<\/a>\n\t\t\t\t\t\t\t\t\t<\/li>\n\t\t\t\t\t\t\t\t<li class=\"elementor-icon-list-item\">\n\t\t\t\t\t\t\t\t\t\t\t<a href=\"https:\/\/ibiza-yachts.com\/superyachts\/\">\n\n\t\t\t\t\t\t\t\t\t\t\t\t<span class=\"elementor-icon-list-icon\">\n\t\t\t\t\t\t\t<i aria-hidden=\"true\" class=\"fas fa-arrow-right\"><\/i>\t\t\t\t\t\t<\/span>\n\t\t\t\t\t\t\t\t\t\t<span class=\"elementor-icon-list-text\">Superyachts<\/span>\n\t\t\t\t\t\t\t\t\t\t\t<\/a>\n\t\t\t\t\t\t\t\t\t<\/li>\n\t\t\t\t\t\t\t\t<li class=\"elementor-icon-list-item\">\n\t\t\t\t\t\t\t\t\t\t\t<a href=\"https:\/\/ibiza-yachts.com\/to-la-guerite\/\">\n\n\t\t\t\t\t\t\t\t\t\t\t\t<span class=\"elementor-icon-list-icon\">\n\t\t\t\t\t\t\t<i aria-hidden=\"true\" class=\"fas fa-arrow-right\"><\/i>\t\t\t\t\t\t<\/span>\n\t\t\t\t\t\t\t\t\t\t<span class=\"elementor-icon-list-text\">Vers Formentera  <\/span>\n\t\t\t\t\t\t\t\t\t\t\t<\/a>\n\t\t\t\t\t\t\t\t\t<\/li>\n\t\t\t\t\t\t<\/ul>\n\t\t\t\t\t\t<\/div>\n\t\t\t\t<\/div>\n\t\t\t\t\t<\/div>\n\t\t<\/div>\n\t\t\t\t<div class=\"elementor-column elementor-col-50 elementor-top-column elementor-element elementor-element-e437ead\" data-id=\"e437ead\" data-element_type=\"column\" data-e-type=\"column\">\n\t\t\t<div class=\"elementor-widget-wrap elementor-element-populated\">\n\t\t\t\t\t\t<div class=\"elementor-element elementor-element-5a51e0f elementor-widget elementor-widget-image\" data-id=\"5a51e0f\" data-element_type=\"widget\" data-e-type=\"widget\" data-widget_type=\"image.default\">\n\t\t\t\t<div class=\"elementor-widget-container\">\n\t\t\t\t\t\t\t\t\t\t\t\t\t\t\t\t<a href=\"https:\/\/ibiza-yachts.com\/rentals\/sunseeker-115\/\">\n\t\t\t\t\t\t\t<img fetchpriority=\"high\" decoding=\"async\" width=\"750\" height=\"499\" src=\"https:\/\/ibiza-yachts.com\/wp-content\/uploads\/2024\/04\/Ibiza-Headers-4-1024x681.jpg\" class=\"attachment-large size-large wp-image-14764\" alt=\"\" srcset=\"https:\/\/ibiza-yachts.com\/wp-content\/uploads\/2024\/04\/Ibiza-Headers-4-1024x681.jpg 1024w, https:\/\/ibiza-yachts.com\/wp-content\/uploads\/2024\/04\/Ibiza-Headers-4-300x199.jpg 300w, https:\/\/ibiza-yachts.com\/wp-content\/uploads\/2024\/04\/Ibiza-Headers-4-768x511.jpg 768w, https:\/\/ibiza-yachts.com\/wp-content\/uploads\/2024\/04\/Ibiza-Headers-4-1536x1021.jpg 1536w, https:\/\/ibiza-yachts.com\/wp-content\/uploads\/2024\/04\/Ibiza-Headers-4-2048x1362.jpg 2048w, https:\/\/ibiza-yachts.com\/wp-content\/uploads\/2024\/04\/Ibiza-Headers-4-1568x1043.jpg 1568w\" sizes=\"(max-width: 750px) 100vw, 750px\" style=\"width:100%;height:66.48%;max-width:2560px\" \/>\t\t\t\t\t\t\t\t<\/a>\n\t\t\t\t\t\t\t\t\t\t\t\t\t\t\t<\/div>\n\t\t\t\t<\/div>\n\t\t\t\t\t<\/div>\n\t\t<\/div>\n\t\t\t\t\t<\/div>\n\t\t<\/section>\n\t\t\t\t<section class=\"elementor-section elementor-top-section elementor-element elementor-element-70decb7 elementor-section-boxed elementor-section-height-default elementor-section-height-default\" data-id=\"70decb7\" data-element_type=\"section\" data-e-type=\"section\">\n\t\t\t\t\t\t<div class=\"elementor-container elementor-column-gap-default\">\n\t\t\t\t\t<div class=\"elementor-column elementor-col-100 elementor-top-column elementor-element elementor-element-8a6d6c1\" data-id=\"8a6d6c1\" data-element_type=\"column\" data-e-type=\"column\">\n\t\t\t<div class=\"elementor-widget-wrap elementor-element-populated\">\n\t\t\t\t\t\t<div class=\"elementor-element elementor-element-f5b93a2 elementor-widget elementor-widget-heading\" data-id=\"f5b93a2\" data-element_type=\"widget\" data-e-type=\"widget\" data-widget_type=\"heading.default\">\n\t\t\t\t<div class=\"elementor-widget-container\">\n\t\t\t\t\t<h2 class=\"elementor-heading-title elementor-size-default\">Yachts en vedette<\/h2>\t\t\t\t<\/div>\n\t\t\t\t<\/div>\n\t\t\t\t<div class=\"elementor-element elementor-element-1341b27 elementor-widget elementor-widget-text-editor\" data-id=\"1341b27\" data-element_type=\"widget\" data-e-type=\"widget\" data-widget_type=\"text-editor.default\">\n\t\t\t\t<div class=\"elementor-widget-container\">\n\t\t\t\t\t\t\t\t\t<p>Les yachts pr\u00e9f\u00e9r\u00e9s de notre \u00e9quipe pour la location \u00e0 Ibiza :<\/p>\t\t\t\t\t\t\t\t<\/div>\n\t\t\t\t<\/div>\n\t\t\t\t\t<\/div>\n\t\t<\/div>\n\t\t\t\t\t<\/div>\n\t\t<\/section>\n\t\t\t\t<section class=\"elementor-section elementor-top-section elementor-element elementor-element-9e64500 elementor-section-boxed elementor-section-height-default elementor-section-height-default\" data-id=\"9e64500\" data-element_type=\"section\" data-e-type=\"section\">\n\t\t\t\t\t\t<div class=\"elementor-container elementor-column-gap-default\">\n\t\t\t\t\t<div class=\"elementor-column elementor-col-100 elementor-top-column elementor-element elementor-element-9c9e467\" data-id=\"9c9e467\" data-element_type=\"column\" data-e-type=\"column\">\n\t\t\t<div class=\"elementor-widget-wrap elementor-element-populated\">\n\t\t\t\t\t\t<div class=\"elementor-element elementor-element-94d6e12 elementor-widget elementor-widget-heading\" data-id=\"94d6e12\" data-element_type=\"widget\" data-e-type=\"widget\" data-widget_type=\"heading.default\">\n\t\t\t\t<div class=\"elementor-widget-container\">\n\t\t\t\t\t<h2 class=\"elementor-heading-title elementor-size-default\">Yachts \u00e0 louer \u00e0 Ibiza<\/h2>\t\t\t\t<\/div>\n\t\t\t\t<\/div>\n\t\t\t\t<div class=\"elementor-element elementor-element-191b842 elementor-widget elementor-widget-text-editor\" data-id=\"191b842\" data-element_type=\"widget\" data-e-type=\"widget\" data-widget_type=\"text-editor.default\">\n\t\t\t\t<div class=\"elementor-widget-container\">\n\t\t\t\t\t\t\t\t\t<p>Parcourez notre s\u00e9lection des meilleurs yachts de luxe lou\u00e9s \u00e0 Ibzia :<\/p>\t\t\t\t\t\t\t\t<\/div>\n\t\t\t\t<\/div>\n\t\t\t\t<div class=\"elementor-element elementor-element-a5aac1f elementor-align-center elementor-widget elementor-widget-button\" data-id=\"a5aac1f\" data-element_type=\"widget\" data-e-type=\"widget\" data-widget_type=\"button.default\">\n\t\t\t\t<div class=\"elementor-widget-container\">\n\t\t\t\t\t\t\t\t\t<div class=\"elementor-button-wrapper\">\n\t\t\t\t\t<a class=\"elementor-button elementor-button-link elementor-size-sm\" href=\"https:\/\/ibiza-yachts.com\/rentals\/\">\n\t\t\t\t\t\t<span class=\"elementor-button-content-wrapper\">\n\t\t\t\t\t\t\t\t\t<span class=\"elementor-button-text\">Tous les yachts<\/span>\n\t\t\t\t\t<\/span>\n\t\t\t\t\t<\/a>\n\t\t\t\t<\/div>\n\t\t\t\t\t\t\t\t<\/div>\n\t\t\t\t<\/div>\n\t\t\t\t\t<\/div>\n\t\t<\/div>\n\t\t\t\t\t<\/div>\n\t\t<\/section>\n\t\t\t\t<section class=\"elementor-section elementor-top-section elementor-element elementor-element-81f6476 elementor-section-boxed elementor-section-height-default elementor-section-height-default\" data-id=\"81f6476\" data-element_type=\"section\" data-e-type=\"section\">\n\t\t\t\t\t\t<div class=\"elementor-container elementor-column-gap-default\">\n\t\t\t\t\t<div class=\"elementor-column elementor-col-100 elementor-top-column elementor-element elementor-element-b4592fd\" data-id=\"b4592fd\" data-element_type=\"column\" data-e-type=\"column\">\n\t\t\t<div class=\"elementor-widget-wrap elementor-element-populated\">\n\t\t\t\t\t\t<div class=\"elementor-element elementor-element-7e16369 elementor-widget elementor-widget-heading\" data-id=\"7e16369\" data-element_type=\"widget\" data-e-type=\"widget\" data-widget_type=\"heading.default\">\n\t\t\t\t<div class=\"elementor-widget-container\">\n\t\t\t\t\t<h2 class=\"elementor-heading-title elementor-size-default\">Yachts de luxe<\/h2>\t\t\t\t<\/div>\n\t\t\t\t<\/div>\n\t\t\t\t<div class=\"elementor-element elementor-element-e7329c5 elementor-widget elementor-widget-text-editor\" data-id=\"e7329c5\" data-element_type=\"widget\" data-e-type=\"widget\" data-widget_type=\"text-editor.default\">\n\t\t\t\t<div class=\"elementor-widget-container\">\n\t\t\t\t\t\t\t\t\t<p>Parcourez notre s\u00e9lection des plus beaux yachts de luxe lou\u00e9s \u00e0 Ibiza :<\/p>\t\t\t\t\t\t\t\t<\/div>\n\t\t\t\t<\/div>\n\t\t\t\t<div class=\"elementor-element elementor-element-57c82ac elementor-align-center elementor-widget elementor-widget-button\" data-id=\"57c82ac\" data-element_type=\"widget\" data-e-type=\"widget\" data-widget_type=\"button.default\">\n\t\t\t\t<div class=\"elementor-widget-container\">\n\t\t\t\t\t\t\t\t\t<div class=\"elementor-button-wrapper\">\n\t\t\t\t\t<a class=\"elementor-button elementor-button-link elementor-size-sm\" href=\"https:\/\/ibiza-yachts.com\/luxury-boats\/\">\n\t\t\t\t\t\t<span class=\"elementor-button-content-wrapper\">\n\t\t\t\t\t\t\t\t\t<span class=\"elementor-button-text\">Bateaux de luxe<\/span>\n\t\t\t\t\t<\/span>\n\t\t\t\t\t<\/a>\n\t\t\t\t<\/div>\n\t\t\t\t\t\t\t\t<\/div>\n\t\t\t\t<\/div>\n\t\t\t\t\t<\/div>\n\t\t<\/div>\n\t\t\t\t\t<\/div>\n\t\t<\/section>\n\t\t\t\t<\/div>\n\t\t","protected":false},"excerpt":{"rendered":"<p>Ibiza Yachts Ibiza Yachts \u00e0 louer D\u00e9couvrez l&rsquo;attrait d&rsquo;Ibiza gr\u00e2ce \u00e0 nos locations de bateaux. Depuis ses humbles origines d&rsquo;\u00eele culturelle traditionnelle jusqu&rsquo;\u00e0 son statut actuel de terrain de jeu de l&rsquo;\u00e9lite, Ibiza attire les riches et les c\u00e9l\u00e8bres ann\u00e9e apr\u00e8s ann\u00e9e avec son glamour et son extravagance in\u00e9gal\u00e9s. Diff\u00e9renciez-vous de la masse en arrivant&hellip; <a class=\"more-link\" href=\"https:\/\/ibiza-yachts.com\/fr\/\">Poursuivre la lecture <span class=\"screen-reader-text\">Page d&rsquo;accueil<\/span><\/a><\/p>\n","protected":false},"author":3,"featured_media":9133,"parent":0,"menu_order":0,"comment_status":"closed","ping_status":"closed","template":"elementor_header_footer","meta":{"_acf_changed":false,"footnotes":""},"class_list":["post-11018","page","type-page","status-publish","has-post-thumbnail","hentry","entry"],"acf":[],"yoast_head":"<!-- This site is optimized with the Yoast SEO plugin v23.5 - https:\/\/yoast.com\/wordpress\/plugins\/seo\/ -->\n<title>Ibiza Yachts for Rent - Ibiza Yacht Rental | Ibiza Yachts<\/title>\n<meta name=\"description\" content=\"Ibiza Yacht vous permet de trouver facilement un bateau \u00e0 louer \u00e0 Ibiza. Parcourez nos Yachts Ibiza \u00e0 louer pour profiter du week-end.\" \/>\n<meta name=\"robots\" content=\"index, follow, max-snippet:-1, max-image-preview:large, max-video-preview:-1\" \/>\n<link rel=\"canonical\" href=\"https:\/\/ibiza-yachts.com\/fr\/\" \/>\n<meta property=\"og:locale\" content=\"fr_FR\" \/>\n<meta property=\"og:type\" content=\"article\" \/>\n<meta property=\"og:title\" content=\"Ibiza Yachts for Rent - Ibiza Yacht Rental | Ibiza Yachts\" \/>\n<meta property=\"og:description\" content=\"Ibiza Yacht vous permet de trouver facilement un bateau \u00e0 louer \u00e0 Ibiza. Parcourez nos Yachts Ibiza \u00e0 louer pour profiter du week-end.\" \/>\n<meta property=\"og:url\" content=\"https:\/\/ibiza-yachts.com\/fr\/\" \/>\n<meta property=\"og:site_name\" content=\"Ibiza Yachts\" \/>\n<meta property=\"article:modified_time\" content=\"2025-10-09T15:13:00+00:00\" \/>\n<meta property=\"og:image\" content=\"http:\/\/ibiza-yachts.com\/wp-content\/uploads\/2022\/08\/St-Tropez-Boats-4.jpg\" \/>\n\t<meta property=\"og:image:width\" content=\"1300\" \/>\n\t<meta property=\"og:image:height\" content=\"867\" \/>\n\t<meta property=\"og:image:type\" content=\"image\/jpeg\" \/>\n<meta name=\"twitter:card\" content=\"summary_large_image\" \/>\n<meta name=\"twitter:label1\" content=\"Dur\u00e9e de lecture estim\u00e9e\" \/>\n\t<meta name=\"twitter:data1\" content=\"2 minutes\" \/>\n<script type=\"application\/ld+json\" class=\"yoast-schema-graph\">{\"@context\":\"https:\/\/schema.org\",\"@graph\":[{\"@type\":\"WebPage\",\"@id\":\"https:\/\/ibiza-yachts.com\/fr\/\",\"url\":\"https:\/\/ibiza-yachts.com\/fr\/\",\"name\":\"Ibiza Yachts for Rent - Ibiza Yacht Rental | Ibiza Yachts\",\"isPartOf\":{\"@id\":\"https:\/\/ibiza-yachts.com\/fr\/#website\"},\"primaryImageOfPage\":{\"@id\":\"https:\/\/ibiza-yachts.com\/fr\/#primaryimage\"},\"image\":{\"@id\":\"https:\/\/ibiza-yachts.com\/fr\/#primaryimage\"},\"thumbnailUrl\":\"https:\/\/ibiza-yachts.com\/wp-content\/uploads\/2022\/08\/St-Tropez-Boats-4.jpg\",\"datePublished\":\"2022-01-14T22:04:54+00:00\",\"dateModified\":\"2025-10-09T15:13:00+00:00\",\"description\":\"Ibiza Yacht vous permet de trouver facilement un bateau \u00e0 louer \u00e0 Ibiza. Parcourez nos Yachts Ibiza \u00e0 louer pour profiter du week-end.\",\"breadcrumb\":{\"@id\":\"https:\/\/ibiza-yachts.com\/fr\/#breadcrumb\"},\"inLanguage\":\"fr-FR\",\"potentialAction\":[{\"@type\":\"ReadAction\",\"target\":[\"https:\/\/ibiza-yachts.com\/fr\/\"]}]},{\"@type\":\"ImageObject\",\"inLanguage\":\"fr-FR\",\"@id\":\"https:\/\/ibiza-yachts.com\/fr\/#primaryimage\",\"url\":\"https:\/\/ibiza-yachts.com\/wp-content\/uploads\/2022\/08\/St-Tropez-Boats-4.jpg\",\"contentUrl\":\"https:\/\/ibiza-yachts.com\/wp-content\/uploads\/2022\/08\/St-Tropez-Boats-4.jpg\",\"width\":1300,\"height\":867},{\"@type\":\"BreadcrumbList\",\"@id\":\"https:\/\/ibiza-yachts.com\/fr\/#breadcrumb\",\"itemListElement\":[{\"@type\":\"ListItem\",\"position\":1,\"name\":\"Home\",\"item\":\"https:\/\/ibiza-yachts.com\/fr\/\"},{\"@type\":\"ListItem\",\"position\":2,\"name\":\"Page d&#8217;accueil\"}]},{\"@type\":\"WebSite\",\"@id\":\"https:\/\/ibiza-yachts.com\/fr\/#website\",\"url\":\"https:\/\/ibiza-yachts.com\/fr\/\",\"name\":\"Ibiza Yachts\",\"description\":\"Ibiza Yachts for Charter\",\"publisher\":{\"@id\":\"https:\/\/ibiza-yachts.com\/fr\/#organization\"},\"potentialAction\":[{\"@type\":\"SearchAction\",\"target\":{\"@type\":\"EntryPoint\",\"urlTemplate\":\"https:\/\/ibiza-yachts.com\/fr\/?s={search_term_string}\"},\"query-input\":{\"@type\":\"PropertyValueSpecification\",\"valueRequired\":true,\"valueName\":\"search_term_string\"}}],\"inLanguage\":\"fr-FR\"},{\"@type\":\"Organization\",\"@id\":\"https:\/\/ibiza-yachts.com\/fr\/#organization\",\"name\":\"Ibiza Yachts\",\"url\":\"https:\/\/ibiza-yachts.com\/fr\/\",\"logo\":{\"@type\":\"ImageObject\",\"inLanguage\":\"fr-FR\",\"@id\":\"https:\/\/ibiza-yachts.com\/fr\/#\/schema\/logo\/image\/\",\"url\":\"https:\/\/ibiza-yachts.com\/wp-content\/uploads\/2022\/01\/Cannes-Villa-Logo.jpg\",\"contentUrl\":\"https:\/\/ibiza-yachts.com\/wp-content\/uploads\/2022\/01\/Cannes-Villa-Logo.jpg\",\"width\":1704,\"height\":1704,\"caption\":\"Ibiza Yachts\"},\"image\":{\"@id\":\"https:\/\/ibiza-yachts.com\/fr\/#\/schema\/logo\/image\/\"}}]}<\/script>\n<!-- \/ Yoast SEO plugin. -->","yoast_head_json":{"title":"Ibiza Yachts for Rent - Ibiza Yacht Rental | Ibiza Yachts","description":"Ibiza Yacht vous permet de trouver facilement un bateau \u00e0 louer \u00e0 Ibiza. Parcourez nos Yachts Ibiza \u00e0 louer pour profiter du week-end.","robots":{"index":"index","follow":"follow","max-snippet":"max-snippet:-1","max-image-preview":"max-image-preview:large","max-video-preview":"max-video-preview:-1"},"canonical":"https:\/\/ibiza-yachts.com\/fr\/","og_locale":"fr_FR","og_type":"article","og_title":"Ibiza Yachts for Rent - Ibiza Yacht Rental | Ibiza Yachts","og_description":"Ibiza Yacht vous permet de trouver facilement un bateau \u00e0 louer \u00e0 Ibiza. Parcourez nos Yachts Ibiza \u00e0 louer pour profiter du week-end.","og_url":"https:\/\/ibiza-yachts.com\/fr\/","og_site_name":"Ibiza Yachts","article_modified_time":"2025-10-09T15:13:00+00:00","og_image":[{"width":1300,"height":867,"url":"http:\/\/ibiza-yachts.com\/wp-content\/uploads\/2022\/08\/St-Tropez-Boats-4.jpg","type":"image\/jpeg"}],"twitter_card":"summary_large_image","twitter_misc":{"Dur\u00e9e de lecture estim\u00e9e":"2 minutes"},"schema":{"@context":"https:\/\/schema.org","@graph":[{"@type":"WebPage","@id":"https:\/\/ibiza-yachts.com\/fr\/","url":"https:\/\/ibiza-yachts.com\/fr\/","name":"Ibiza Yachts for Rent - Ibiza Yacht Rental | Ibiza Yachts","isPartOf":{"@id":"https:\/\/ibiza-yachts.com\/fr\/#website"},"primaryImageOfPage":{"@id":"https:\/\/ibiza-yachts.com\/fr\/#primaryimage"},"image":{"@id":"https:\/\/ibiza-yachts.com\/fr\/#primaryimage"},"thumbnailUrl":"https:\/\/ibiza-yachts.com\/wp-content\/uploads\/2022\/08\/St-Tropez-Boats-4.jpg","datePublished":"2022-01-14T22:04:54+00:00","dateModified":"2025-10-09T15:13:00+00:00","description":"Ibiza Yacht vous permet de trouver facilement un bateau \u00e0 louer \u00e0 Ibiza. Parcourez nos Yachts Ibiza \u00e0 louer pour profiter du week-end.","breadcrumb":{"@id":"https:\/\/ibiza-yachts.com\/fr\/#breadcrumb"},"inLanguage":"fr-FR","potentialAction":[{"@type":"ReadAction","target":["https:\/\/ibiza-yachts.com\/fr\/"]}]},{"@type":"ImageObject","inLanguage":"fr-FR","@id":"https:\/\/ibiza-yachts.com\/fr\/#primaryimage","url":"https:\/\/ibiza-yachts.com\/wp-content\/uploads\/2022\/08\/St-Tropez-Boats-4.jpg","contentUrl":"https:\/\/ibiza-yachts.com\/wp-content\/uploads\/2022\/08\/St-Tropez-Boats-4.jpg","width":1300,"height":867},{"@type":"BreadcrumbList","@id":"https:\/\/ibiza-yachts.com\/fr\/#breadcrumb","itemListElement":[{"@type":"ListItem","position":1,"name":"Home","item":"https:\/\/ibiza-yachts.com\/fr\/"},{"@type":"ListItem","position":2,"name":"Page d&#8217;accueil"}]},{"@type":"WebSite","@id":"https:\/\/ibiza-yachts.com\/fr\/#website","url":"https:\/\/ibiza-yachts.com\/fr\/","name":"Ibiza Yachts","description":"Ibiza Yachts for Charter","publisher":{"@id":"https:\/\/ibiza-yachts.com\/fr\/#organization"},"potentialAction":[{"@type":"SearchAction","target":{"@type":"EntryPoint","urlTemplate":"https:\/\/ibiza-yachts.com\/fr\/?s={search_term_string}"},"query-input":{"@type":"PropertyValueSpecification","valueRequired":true,"valueName":"search_term_string"}}],"inLanguage":"fr-FR"},{"@type":"Organization","@id":"https:\/\/ibiza-yachts.com\/fr\/#organization","name":"Ibiza Yachts","url":"https:\/\/ibiza-yachts.com\/fr\/","logo":{"@type":"ImageObject","inLanguage":"fr-FR","@id":"https:\/\/ibiza-yachts.com\/fr\/#\/schema\/logo\/image\/","url":"https:\/\/ibiza-yachts.com\/wp-content\/uploads\/2022\/01\/Cannes-Villa-Logo.jpg","contentUrl":"https:\/\/ibiza-yachts.com\/wp-content\/uploads\/2022\/01\/Cannes-Villa-Logo.jpg","width":1704,"height":1704,"caption":"Ibiza Yachts"},"image":{"@id":"https:\/\/ibiza-yachts.com\/fr\/#\/schema\/logo\/image\/"}}]}},"distributor_meta":false,"distributor_terms":false,"distributor_media":false,"distributor_original_site_name":"Ibiza Yachts","distributor_original_site_url":"https:\/\/ibiza-yachts.com\/fr\/","push-errors":false,"_links":{"self":[{"href":"https:\/\/ibiza-yachts.com\/fr\/wp-json\/wp\/v2\/pages\/11018","targetHints":{"allow":["GET"]}}],"collection":[{"href":"https:\/\/ibiza-yachts.com\/fr\/wp-json\/wp\/v2\/pages"}],"about":[{"href":"https:\/\/ibiza-yachts.com\/fr\/wp-json\/wp\/v2\/types\/page"}],"author":[{"embeddable":true,"href":"https:\/\/ibiza-yachts.com\/fr\/wp-json\/wp\/v2\/users\/3"}],"replies":[{"embeddable":true,"href":"https:\/\/ibiza-yachts.com\/fr\/wp-json\/wp\/v2\/comments?post=11018"}],"version-history":[{"count":0,"href":"https:\/\/ibiza-yachts.com\/fr\/wp-json\/wp\/v2\/pages\/11018\/revisions"}],"wp:featuredmedia":[{"embeddable":true,"href":"https:\/\/ibiza-yachts.com\/fr\/wp-json\/wp\/v2\/media\/9133"}],"wp:attachment":[{"href":"https:\/\/ibiza-yachts.com\/fr\/wp-json\/wp\/v2\/media?parent=11018"}],"curies":[{"name":"wp","href":"https:\/\/api.w.org\/{rel}","templated":true}]}}