{"id":11060,"date":"2022-03-19T11:11:41","date_gmt":"2022-03-19T11:11:41","guid":{"rendered":"https:\/\/ibiza-yachts.com\/riva\/"},"modified":"2025-10-10T15:36:09","modified_gmt":"2025-10-10T15:36:09","slug":"riva","status":"publish","type":"page","link":"https:\/\/ibiza-yachts.com\/fr\/riva\/","title":{"rendered":"Riva"},"content":{"rendered":"\t\t<div data-elementor-type=\"wp-page\" data-elementor-id=\"11060\" class=\"elementor elementor-11060 elementor-2341\" data-elementor-post-type=\"page\">\n\t\t\t\t\t\t<section class=\"elementor-section elementor-top-section elementor-element elementor-element-b7e567a elementor-section-height-min-height elementor-section-items-bottom elementor-section-content-bottom elementor-section-boxed elementor-section-height-default\" data-id=\"b7e567a\" data-element_type=\"section\" data-e-type=\"section\" data-settings=\"{&quot;background_background&quot;:&quot;classic&quot;}\">\n\t\t\t\t\t\t<div class=\"elementor-container elementor-column-gap-default\">\n\t\t\t\t\t<div class=\"elementor-column elementor-col-100 elementor-top-column elementor-element elementor-element-a2b1923\" data-id=\"a2b1923\" data-element_type=\"column\" data-e-type=\"column\">\n\t\t\t<div class=\"elementor-widget-wrap elementor-element-populated\">\n\t\t\t\t\t\t<div class=\"elementor-element elementor-element-6a8a18f elementor-widget elementor-widget-heading\" data-id=\"6a8a18f\" data-element_type=\"widget\" data-e-type=\"widget\" data-widget_type=\"heading.default\">\n\t\t\t\t<div class=\"elementor-widget-container\">\n\t\t\t\t\t<h1 class=\"elementor-heading-title elementor-size-default\">RIVA<\/h1>\t\t\t\t<\/div>\n\t\t\t\t<\/div>\n\t\t\t\t\t<\/div>\n\t\t<\/div>\n\t\t\t\t\t<\/div>\n\t\t<\/section>\n\t\t\t\t<section class=\"elementor-section elementor-top-section elementor-element elementor-element-9da68ef elementor-section-boxed elementor-section-height-default elementor-section-height-default\" data-id=\"9da68ef\" data-element_type=\"section\" data-e-type=\"section\">\n\t\t\t\t\t\t<div class=\"elementor-container elementor-column-gap-default\">\n\t\t\t\t\t<div class=\"elementor-column elementor-col-100 elementor-top-column elementor-element elementor-element-6726422\" data-id=\"6726422\" data-element_type=\"column\" data-e-type=\"column\">\n\t\t\t<div class=\"elementor-widget-wrap elementor-element-populated\">\n\t\t\t\t\t\t<div class=\"elementor-element elementor-element-61f4c80 elementor-widget elementor-widget-heading\" data-id=\"61f4c80\" data-element_type=\"widget\" data-e-type=\"widget\" data-widget_type=\"heading.default\">\n\t\t\t\t<div class=\"elementor-widget-container\">\n\t\t\t\t\t<h2 class=\"elementor-heading-title elementor-size-default\">RIVA POUR LA CHARTE A Ibiza<\/h2>\t\t\t\t<\/div>\n\t\t\t\t<\/div>\n\t\t\t\t<div class=\"elementor-element elementor-element-f341bd7 elementor-widget elementor-widget-text-editor\" data-id=\"f341bd7\" data-element_type=\"widget\" data-e-type=\"widget\" data-widget_type=\"text-editor.default\">\n\t\t\t\t<div class=\"elementor-widget-container\">\n\t\t\t\t\t\t\t\t\t<p>Comptant parmi les plus beaux yachts \u00e0 louer au monde, les Riva offrent une attention toute particuli\u00e8re aux d\u00e9tails et aux caract\u00e9ristiques de luxe. Du petit Aquariva au grand Riva Ribelle, ces yachts sont parmi les plus beaux \u00e0 louer \u00e0 Ibiza. Parcourez notre s\u00e9lection des meilleurs Riva et passez votre journ\u00e9e sur l&rsquo;eau en M\u00e9diterran\u00e9e.  <\/p>\t\t\t\t\t\t\t\t<\/div>\n\t\t\t\t<\/div>\n\t\t\t\t\t<\/div>\n\t\t<\/div>\n\t\t\t\t\t<\/div>\n\t\t<\/section>\n\t\t\t\t<section class=\"elementor-section elementor-top-section elementor-element elementor-element-70decb7 elementor-section-boxed elementor-section-height-default elementor-section-height-default\" data-id=\"70decb7\" data-element_type=\"section\" data-e-type=\"section\">\n\t\t\t\t\t\t<div class=\"elementor-container elementor-column-gap-default\">\n\t\t\t\t\t<div class=\"elementor-column elementor-col-100 elementor-top-column elementor-element elementor-element-8a6d6c1\" data-id=\"8a6d6c1\" data-element_type=\"column\" data-e-type=\"column\">\n\t\t\t<div class=\"elementor-widget-wrap elementor-element-populated\">\n\t\t\t\t\t\t<div class=\"elementor-element elementor-element-f5b93a2 elementor-widget elementor-widget-heading\" data-id=\"f5b93a2\" data-element_type=\"widget\" data-e-type=\"widget\" data-widget_type=\"heading.default\">\n\t\t\t\t<div class=\"elementor-widget-container\">\n\t\t\t\t\t<h3 class=\"elementor-heading-title elementor-size-default\">Ibiza RIVA charter<\/h3>\t\t\t\t<\/div>\n\t\t\t\t<\/div>\n\t\t\t\t<div class=\"elementor-element elementor-element-1341b27 elementor-widget elementor-widget-text-editor\" data-id=\"1341b27\" data-element_type=\"widget\" data-e-type=\"widget\" data-widget_type=\"text-editor.default\">\n\t\t\t\t<div class=\"elementor-widget-container\">\n\t\t\t\t\t\t\t\t\t<p>Consultez notre s\u00e9lection des plus beaux yachts Riva \u00e0 louer \u00e0 Ibiza :<\/p>\t\t\t\t\t\t\t\t<\/div>\n\t\t\t\t<\/div>\n\t\t\t\t<div class=\"elementor-element elementor-element-99103da elementor-posts--align-center elementor-grid-3 elementor-grid-tablet-2 elementor-grid-mobile-1 elementor-posts--thumbnail-top elementor-card-shadow-yes elementor-posts__hover-gradient elementor-widget elementor-widget-posts\" data-id=\"99103da\" data-element_type=\"widget\" data-e-type=\"widget\" data-settings=\"{&quot;cards_masonry&quot;:&quot;yes&quot;,&quot;cards_columns&quot;:&quot;3&quot;,&quot;cards_columns_tablet&quot;:&quot;2&quot;,&quot;cards_columns_mobile&quot;:&quot;1&quot;,&quot;cards_row_gap&quot;:{&quot;unit&quot;:&quot;px&quot;,&quot;size&quot;:35,&quot;sizes&quot;:[]},&quot;cards_row_gap_tablet&quot;:{&quot;unit&quot;:&quot;px&quot;,&quot;size&quot;:&quot;&quot;,&quot;sizes&quot;:[]},&quot;cards_row_gap_mobile&quot;:{&quot;unit&quot;:&quot;px&quot;,&quot;size&quot;:&quot;&quot;,&quot;sizes&quot;:[]}}\" data-widget_type=\"posts.cards\">\n\t\t\t\t<div class=\"elementor-widget-container\">\n\t\t\t\t\t\t\t<div class=\"elementor-posts-container elementor-posts elementor-posts--skin-cards elementor-grid\">\n\t\t\t\t<article class=\"elementor-post elementor-grid-item post-14379 yachts type-yachts status-publish has-post-thumbnail hentry category-uncategorized category-sport-boat tag-crew broker-oliver entry\">\n\t\t\t<div class=\"elementor-post__card\">\n\t\t\t\t<a class=\"elementor-post__thumbnail__link\" href=\"https:\/\/ibiza-yachts.com\/fr\/rentals\/riva-52\/\" tabindex=\"-1\" ><div class=\"elementor-post__thumbnail\"><img fetchpriority=\"high\" decoding=\"async\" width=\"750\" height=\"499\" src=\"https:\/\/ibiza-yachts.com\/wp-content\/uploads\/2024\/04\/INVICTUS-RIVA-52_page-0002-scaled-e1713189487540-768x511.jpg\" class=\"attachment-medium_large size-medium_large wp-image-14380\" alt=\"\" srcset=\"https:\/\/ibiza-yachts.com\/wp-content\/uploads\/2024\/04\/INVICTUS-RIVA-52_page-0002-scaled-e1713189487540-768x511.jpg 768w, https:\/\/ibiza-yachts.com\/wp-content\/uploads\/2024\/04\/INVICTUS-RIVA-52_page-0002-scaled-e1713189487540-300x200.jpg 300w, https:\/\/ibiza-yachts.com\/wp-content\/uploads\/2024\/04\/INVICTUS-RIVA-52_page-0002-scaled-e1713189487540-1024x681.jpg 1024w, https:\/\/ibiza-yachts.com\/wp-content\/uploads\/2024\/04\/INVICTUS-RIVA-52_page-0002-scaled-e1713189487540-1536x1022.jpg 1536w, https:\/\/ibiza-yachts.com\/wp-content\/uploads\/2024\/04\/INVICTUS-RIVA-52_page-0002-scaled-e1713189487540-1568x1043.jpg 1568w, https:\/\/ibiza-yachts.com\/wp-content\/uploads\/2024\/04\/INVICTUS-RIVA-52_page-0002-scaled-e1713189487540.jpg 1683w\" sizes=\"(max-width: 750px) 100vw, 750px\" style=\"width:100%;height:66.55%;max-width:1683px;\" \/><\/div><\/a>\n\t\t\t\t<div class=\"elementor-post__text\">\n\t\t\t\t<h3 class=\"elementor-post__title\">\n\t\t\t<a href=\"https:\/\/ibiza-yachts.com\/fr\/rentals\/riva-52\/\" >\n\t\t\t\tRiva 52\t\t\t<\/a>\n\t\t<\/h3>\n\t\t\t\t<div class=\"elementor-post__excerpt\">\n\t\t\t<p>16m \u2013 Riva \u2013 \u20ac2,750<\/p>\n\t\t<\/div>\n\t\t\t\t<\/div>\n\t\t\t\t\t<\/div>\n\t\t<\/article>\n\t\t\t\t<article class=\"elementor-post elementor-grid-item post-16863 yachts type-yachts status-publish has-post-thumbnail hentry category-flybridge tag-crew broker-oliver entry\">\n\t\t\t<div class=\"elementor-post__card\">\n\t\t\t\t<a class=\"elementor-post__thumbnail__link\" href=\"https:\/\/ibiza-yachts.com\/fr\/rentals\/riva-venere-75\/\" tabindex=\"-1\" ><div class=\"elementor-post__thumbnail\"><img decoding=\"async\" width=\"750\" height=\"500\" data-src=\"https:\/\/ibiza-yachts.com\/wp-content\/uploads\/2024\/09\/Riva-75-5-e1725542027407-768x512.jpg\" class=\"attachment-medium_large size-medium_large wp-image-16880 lazyload\" alt=\"\" data-srcset=\"https:\/\/ibiza-yachts.com\/wp-content\/uploads\/2024\/09\/Riva-75-5-e1725542027407-768x512.jpg 768w, https:\/\/ibiza-yachts.com\/wp-content\/uploads\/2024\/09\/Riva-75-5-e1725542027407-300x200.jpg 300w, https:\/\/ibiza-yachts.com\/wp-content\/uploads\/2024\/09\/Riva-75-5-e1725542027407-1024x682.jpg 1024w, https:\/\/ibiza-yachts.com\/wp-content\/uploads\/2024\/09\/Riva-75-5-e1725542027407-1536x1023.jpg 1536w, https:\/\/ibiza-yachts.com\/wp-content\/uploads\/2024\/09\/Riva-75-5-e1725542027407-1568x1045.jpg 1568w, https:\/\/ibiza-yachts.com\/wp-content\/uploads\/2024\/09\/Riva-75-5-e1725542027407.jpg 1600w\" data-sizes=\"(max-width: 750px) 100vw, 750px\" style=\"--smush-placeholder-width: 750px; --smush-placeholder-aspect-ratio: 750\/500;width:100%;height:66.63%;max-width:1600px;\" src=\"data:image\/gif;base64,R0lGODlhAQABAAAAACH5BAEKAAEALAAAAAABAAEAAAICTAEAOw==\" \/><\/div><\/a>\n\t\t\t\t<div class=\"elementor-post__text\">\n\t\t\t\t<h3 class=\"elementor-post__title\">\n\t\t\t<a href=\"https:\/\/ibiza-yachts.com\/fr\/rentals\/riva-venere-75\/\" >\n\t\t\t\tRiva Venere 75\t\t\t<\/a>\n\t\t<\/h3>\n\t\t\t\t<div class=\"elementor-post__excerpt\">\n\t\t\t<p>23m &#8211; Riva &#8211; \u20ac7,250<\/p>\n\t\t<\/div>\n\t\t\t\t<\/div>\n\t\t\t\t\t<\/div>\n\t\t<\/article>\n\t\t\t\t<\/div>\n\t\t\n\t\t\t\t\t\t<\/div>\n\t\t\t\t<\/div>\n\t\t\t\t\t<\/div>\n\t\t<\/div>\n\t\t\t\t\t<\/div>\n\t\t<\/section>\n\t\t\t\t<\/div>\n\t\t","protected":false},"excerpt":{"rendered":"<p>RIVA RIVA POUR LA CHARTE A Ibiza Comptant parmi les plus beaux yachts \u00e0 louer au monde, les Riva offrent une attention toute particuli\u00e8re aux d\u00e9tails et aux caract\u00e9ristiques de luxe. Du petit Aquariva au grand Riva Ribelle, ces yachts sont parmi les plus beaux \u00e0 louer \u00e0 Ibiza. Parcourez notre s\u00e9lection des meilleurs Riva&hellip; <a class=\"more-link\" href=\"https:\/\/ibiza-yachts.com\/fr\/rentals\/riva-venere-75\/\">Poursuivre la lecture <span class=\"screen-reader-text\">Riva Venere 75<\/span><\/a><\/p>\n","protected":false},"author":3,"featured_media":9259,"parent":0,"menu_order":0,"comment_status":"closed","ping_status":"closed","template":"elementor_header_footer","meta":{"_acf_changed":false,"footnotes":""},"class_list":["post-11060","page","type-page","status-publish","has-post-thumbnail","hentry","entry"],"acf":[],"yoast_head":"<!-- This site is optimized with the Yoast SEO plugin v23.5 - https:\/\/yoast.com\/wordpress\/plugins\/seo\/ -->\n<title>Riva \u00e0 louer \u00e0 Ibiza -Location Riva Ibiza - Ibiza Yachts<\/title>\n<meta name=\"description\" content=\"Montez \u00e0 bord d&#039;un Riva embl\u00e9matique \u00e0 Ibiza ! Parcourez notre s\u00e9lection de Riva \u00e0 louer \u00e0 Ibiza et embarquez pour une croisi\u00e8re de luxe.\" \/>\n<meta name=\"robots\" content=\"index, follow, max-snippet:-1, max-image-preview:large, max-video-preview:-1\" \/>\n<link rel=\"canonical\" href=\"https:\/\/ibiza-yachts.com\/fr\/riva\/\" \/>\n<meta property=\"og:locale\" content=\"fr_FR\" \/>\n<meta property=\"og:type\" content=\"article\" \/>\n<meta property=\"og:title\" content=\"Riva \u00e0 louer \u00e0 Ibiza -Location Riva Ibiza - Ibiza Yachts\" \/>\n<meta property=\"og:description\" content=\"Montez \u00e0 bord d&#039;un Riva embl\u00e9matique \u00e0 Ibiza ! Parcourez notre s\u00e9lection de Riva \u00e0 louer \u00e0 Ibiza et embarquez pour une croisi\u00e8re de luxe.\" \/>\n<meta property=\"og:url\" content=\"https:\/\/ibiza-yachts.com\/fr\/riva\/\" \/>\n<meta property=\"og:site_name\" content=\"Ibiza Yachts\" \/>\n<meta property=\"article:modified_time\" content=\"2025-10-10T15:36:09+00:00\" \/>\n<meta property=\"og:image\" content=\"https:\/\/ibiza-yachts.com\/wp-content\/uploads\/2022\/08\/Riva.jpg\" \/>\n\t<meta property=\"og:image:width\" content=\"1350\" \/>\n\t<meta property=\"og:image:height\" content=\"900\" \/>\n\t<meta property=\"og:image:type\" content=\"image\/jpeg\" \/>\n<meta name=\"twitter:card\" content=\"summary_large_image\" \/>\n<script type=\"application\/ld+json\" class=\"yoast-schema-graph\">{\"@context\":\"https:\/\/schema.org\",\"@graph\":[{\"@type\":\"WebPage\",\"@id\":\"https:\/\/ibiza-yachts.com\/fr\/riva\/\",\"url\":\"https:\/\/ibiza-yachts.com\/fr\/riva\/\",\"name\":\"Riva \u00e0 louer \u00e0 Ibiza -Location Riva Ibiza - Ibiza Yachts\",\"isPartOf\":{\"@id\":\"https:\/\/ibiza-yachts.com\/fr\/#website\"},\"primaryImageOfPage\":{\"@id\":\"https:\/\/ibiza-yachts.com\/fr\/riva\/#primaryimage\"},\"image\":{\"@id\":\"https:\/\/ibiza-yachts.com\/fr\/riva\/#primaryimage\"},\"thumbnailUrl\":\"https:\/\/ibiza-yachts.com\/wp-content\/uploads\/2022\/08\/Riva.jpg\",\"datePublished\":\"2022-03-19T11:11:41+00:00\",\"dateModified\":\"2025-10-10T15:36:09+00:00\",\"description\":\"Montez \u00e0 bord d'un Riva embl\u00e9matique \u00e0 Ibiza ! Parcourez notre s\u00e9lection de Riva \u00e0 louer \u00e0 Ibiza et embarquez pour une croisi\u00e8re de luxe.\",\"breadcrumb\":{\"@id\":\"https:\/\/ibiza-yachts.com\/fr\/riva\/#breadcrumb\"},\"inLanguage\":\"fr-FR\",\"potentialAction\":[{\"@type\":\"ReadAction\",\"target\":[\"https:\/\/ibiza-yachts.com\/fr\/riva\/\"]}]},{\"@type\":\"ImageObject\",\"inLanguage\":\"fr-FR\",\"@id\":\"https:\/\/ibiza-yachts.com\/fr\/riva\/#primaryimage\",\"url\":\"https:\/\/ibiza-yachts.com\/wp-content\/uploads\/2022\/08\/Riva.jpg\",\"contentUrl\":\"https:\/\/ibiza-yachts.com\/wp-content\/uploads\/2022\/08\/Riva.jpg\",\"width\":1350,\"height\":900},{\"@type\":\"BreadcrumbList\",\"@id\":\"https:\/\/ibiza-yachts.com\/fr\/riva\/#breadcrumb\",\"itemListElement\":[{\"@type\":\"ListItem\",\"position\":1,\"name\":\"Home\",\"item\":\"https:\/\/ibiza-yachts.com\/fr\/\"},{\"@type\":\"ListItem\",\"position\":2,\"name\":\"Riva\"}]},{\"@type\":\"WebSite\",\"@id\":\"https:\/\/ibiza-yachts.com\/fr\/#website\",\"url\":\"https:\/\/ibiza-yachts.com\/fr\/\",\"name\":\"Ibiza Yachts\",\"description\":\"Ibiza Yachts for Charter\",\"publisher\":{\"@id\":\"https:\/\/ibiza-yachts.com\/fr\/#organization\"},\"potentialAction\":[{\"@type\":\"SearchAction\",\"target\":{\"@type\":\"EntryPoint\",\"urlTemplate\":\"https:\/\/ibiza-yachts.com\/fr\/?s={search_term_string}\"},\"query-input\":{\"@type\":\"PropertyValueSpecification\",\"valueRequired\":true,\"valueName\":\"search_term_string\"}}],\"inLanguage\":\"fr-FR\"},{\"@type\":\"Organization\",\"@id\":\"https:\/\/ibiza-yachts.com\/fr\/#organization\",\"name\":\"Ibiza Yachts\",\"url\":\"https:\/\/ibiza-yachts.com\/fr\/\",\"logo\":{\"@type\":\"ImageObject\",\"inLanguage\":\"fr-FR\",\"@id\":\"https:\/\/ibiza-yachts.com\/fr\/#\/schema\/logo\/image\/\",\"url\":\"https:\/\/ibiza-yachts.com\/wp-content\/uploads\/2022\/01\/Cannes-Villa-Logo.jpg\",\"contentUrl\":\"https:\/\/ibiza-yachts.com\/wp-content\/uploads\/2022\/01\/Cannes-Villa-Logo.jpg\",\"width\":1704,\"height\":1704,\"caption\":\"Ibiza Yachts\"},\"image\":{\"@id\":\"https:\/\/ibiza-yachts.com\/fr\/#\/schema\/logo\/image\/\"}}]}<\/script>\n<!-- \/ Yoast SEO plugin. -->","yoast_head_json":{"title":"Riva \u00e0 louer \u00e0 Ibiza -Location Riva Ibiza - Ibiza Yachts","description":"Montez \u00e0 bord d'un Riva embl\u00e9matique \u00e0 Ibiza ! Parcourez notre s\u00e9lection de Riva \u00e0 louer \u00e0 Ibiza et embarquez pour une croisi\u00e8re de luxe.","robots":{"index":"index","follow":"follow","max-snippet":"max-snippet:-1","max-image-preview":"max-image-preview:large","max-video-preview":"max-video-preview:-1"},"canonical":"https:\/\/ibiza-yachts.com\/fr\/riva\/","og_locale":"fr_FR","og_type":"article","og_title":"Riva \u00e0 louer \u00e0 Ibiza -Location Riva Ibiza - Ibiza Yachts","og_description":"Montez \u00e0 bord d'un Riva embl\u00e9matique \u00e0 Ibiza ! Parcourez notre s\u00e9lection de Riva \u00e0 louer \u00e0 Ibiza et embarquez pour une croisi\u00e8re de luxe.","og_url":"https:\/\/ibiza-yachts.com\/fr\/riva\/","og_site_name":"Ibiza Yachts","article_modified_time":"2025-10-10T15:36:09+00:00","og_image":[{"width":1350,"height":900,"url":"https:\/\/ibiza-yachts.com\/wp-content\/uploads\/2022\/08\/Riva.jpg","type":"image\/jpeg"}],"twitter_card":"summary_large_image","schema":{"@context":"https:\/\/schema.org","@graph":[{"@type":"WebPage","@id":"https:\/\/ibiza-yachts.com\/fr\/riva\/","url":"https:\/\/ibiza-yachts.com\/fr\/riva\/","name":"Riva \u00e0 louer \u00e0 Ibiza -Location Riva Ibiza - Ibiza Yachts","isPartOf":{"@id":"https:\/\/ibiza-yachts.com\/fr\/#website"},"primaryImageOfPage":{"@id":"https:\/\/ibiza-yachts.com\/fr\/riva\/#primaryimage"},"image":{"@id":"https:\/\/ibiza-yachts.com\/fr\/riva\/#primaryimage"},"thumbnailUrl":"https:\/\/ibiza-yachts.com\/wp-content\/uploads\/2022\/08\/Riva.jpg","datePublished":"2022-03-19T11:11:41+00:00","dateModified":"2025-10-10T15:36:09+00:00","description":"Montez \u00e0 bord d'un Riva embl\u00e9matique \u00e0 Ibiza ! Parcourez notre s\u00e9lection de Riva \u00e0 louer \u00e0 Ibiza et embarquez pour une croisi\u00e8re de luxe.","breadcrumb":{"@id":"https:\/\/ibiza-yachts.com\/fr\/riva\/#breadcrumb"},"inLanguage":"fr-FR","potentialAction":[{"@type":"ReadAction","target":["https:\/\/ibiza-yachts.com\/fr\/riva\/"]}]},{"@type":"ImageObject","inLanguage":"fr-FR","@id":"https:\/\/ibiza-yachts.com\/fr\/riva\/#primaryimage","url":"https:\/\/ibiza-yachts.com\/wp-content\/uploads\/2022\/08\/Riva.jpg","contentUrl":"https:\/\/ibiza-yachts.com\/wp-content\/uploads\/2022\/08\/Riva.jpg","width":1350,"height":900},{"@type":"BreadcrumbList","@id":"https:\/\/ibiza-yachts.com\/fr\/riva\/#breadcrumb","itemListElement":[{"@type":"ListItem","position":1,"name":"Home","item":"https:\/\/ibiza-yachts.com\/fr\/"},{"@type":"ListItem","position":2,"name":"Riva"}]},{"@type":"WebSite","@id":"https:\/\/ibiza-yachts.com\/fr\/#website","url":"https:\/\/ibiza-yachts.com\/fr\/","name":"Ibiza Yachts","description":"Ibiza Yachts for Charter","publisher":{"@id":"https:\/\/ibiza-yachts.com\/fr\/#organization"},"potentialAction":[{"@type":"SearchAction","target":{"@type":"EntryPoint","urlTemplate":"https:\/\/ibiza-yachts.com\/fr\/?s={search_term_string}"},"query-input":{"@type":"PropertyValueSpecification","valueRequired":true,"valueName":"search_term_string"}}],"inLanguage":"fr-FR"},{"@type":"Organization","@id":"https:\/\/ibiza-yachts.com\/fr\/#organization","name":"Ibiza Yachts","url":"https:\/\/ibiza-yachts.com\/fr\/","logo":{"@type":"ImageObject","inLanguage":"fr-FR","@id":"https:\/\/ibiza-yachts.com\/fr\/#\/schema\/logo\/image\/","url":"https:\/\/ibiza-yachts.com\/wp-content\/uploads\/2022\/01\/Cannes-Villa-Logo.jpg","contentUrl":"https:\/\/ibiza-yachts.com\/wp-content\/uploads\/2022\/01\/Cannes-Villa-Logo.jpg","width":1704,"height":1704,"caption":"Ibiza Yachts"},"image":{"@id":"https:\/\/ibiza-yachts.com\/fr\/#\/schema\/logo\/image\/"}}]}},"distributor_meta":false,"distributor_terms":false,"distributor_media":false,"distributor_original_site_name":"Ibiza Yachts","distributor_original_site_url":"https:\/\/ibiza-yachts.com\/fr\/","push-errors":false,"_links":{"self":[{"href":"https:\/\/ibiza-yachts.com\/fr\/wp-json\/wp\/v2\/pages\/11060","targetHints":{"allow":["GET"]}}],"collection":[{"href":"https:\/\/ibiza-yachts.com\/fr\/wp-json\/wp\/v2\/pages"}],"about":[{"href":"https:\/\/ibiza-yachts.com\/fr\/wp-json\/wp\/v2\/types\/page"}],"author":[{"embeddable":true,"href":"https:\/\/ibiza-yachts.com\/fr\/wp-json\/wp\/v2\/users\/3"}],"replies":[{"embeddable":true,"href":"https:\/\/ibiza-yachts.com\/fr\/wp-json\/wp\/v2\/comments?post=11060"}],"version-history":[{"count":0,"href":"https:\/\/ibiza-yachts.com\/fr\/wp-json\/wp\/v2\/pages\/11060\/revisions"}],"wp:featuredmedia":[{"embeddable":true,"href":"https:\/\/ibiza-yachts.com\/fr\/wp-json\/wp\/v2\/media\/9259"}],"wp:attachment":[{"href":"https:\/\/ibiza-yachts.com\/fr\/wp-json\/wp\/v2\/media?parent=11060"}],"curies":[{"name":"wp","href":"https:\/\/api.w.org\/{rel}","templated":true}]}}