{"id":11147,"date":"2023-04-28T16:10:24","date_gmt":"2023-04-28T16:10:24","guid":{"rendered":"https:\/\/ibiza-yachts.com\/rib\/"},"modified":"2025-10-10T15:39:57","modified_gmt":"2025-10-10T15:39:57","slug":"rib","status":"publish","type":"page","link":"https:\/\/ibiza-yachts.com\/fr\/rib\/","title":{"rendered":"RIB"},"content":{"rendered":"\t\t<div data-elementor-type=\"wp-page\" data-elementor-id=\"11147\" class=\"elementor elementor-11147 elementor-3369\" data-elementor-post-type=\"page\">\n\t\t\t\t\t\t<section class=\"elementor-section elementor-top-section elementor-element elementor-element-b7e567a elementor-section-height-min-height elementor-section-items-bottom elementor-section-content-bottom elementor-section-boxed elementor-section-height-default\" data-id=\"b7e567a\" data-element_type=\"section\" data-e-type=\"section\" data-settings=\"{&quot;background_background&quot;:&quot;classic&quot;}\">\n\t\t\t\t\t\t<div class=\"elementor-container elementor-column-gap-default\">\n\t\t\t\t\t<div class=\"elementor-column elementor-col-100 elementor-top-column elementor-element elementor-element-a2b1923\" data-id=\"a2b1923\" data-element_type=\"column\" data-e-type=\"column\">\n\t\t\t<div class=\"elementor-widget-wrap elementor-element-populated\">\n\t\t\t\t\t\t<div class=\"elementor-element elementor-element-6a8a18f elementor-widget elementor-widget-heading\" data-id=\"6a8a18f\" data-element_type=\"widget\" data-e-type=\"widget\" data-widget_type=\"heading.default\">\n\t\t\t\t<div class=\"elementor-widget-container\">\n\t\t\t\t\t<h1 class=\"elementor-heading-title elementor-size-default\">C\u00f4tes<\/h1>\t\t\t\t<\/div>\n\t\t\t\t<\/div>\n\t\t\t\t\t<\/div>\n\t\t<\/div>\n\t\t\t\t\t<\/div>\n\t\t<\/section>\n\t\t\t\t<section class=\"elementor-section elementor-top-section elementor-element elementor-element-9da68ef elementor-section-boxed elementor-section-height-default elementor-section-height-default\" data-id=\"9da68ef\" data-element_type=\"section\" data-e-type=\"section\">\n\t\t\t\t\t\t<div class=\"elementor-container elementor-column-gap-default\">\n\t\t\t\t\t<div class=\"elementor-column elementor-col-100 elementor-top-column elementor-element elementor-element-6726422\" data-id=\"6726422\" data-element_type=\"column\" data-e-type=\"column\">\n\t\t\t<div class=\"elementor-widget-wrap elementor-element-populated\">\n\t\t\t\t\t\t<div class=\"elementor-element elementor-element-61f4c80 elementor-widget elementor-widget-heading\" data-id=\"61f4c80\" data-element_type=\"widget\" data-e-type=\"widget\" data-widget_type=\"heading.default\">\n\t\t\t\t<div class=\"elementor-widget-container\">\n\t\t\t\t\t<h2 class=\"elementor-heading-title elementor-size-default\">Rib \u00e0 louer \u00e0 Ibiza<\/h2>\t\t\t\t<\/div>\n\t\t\t\t<\/div>\n\t\t\t\t<div class=\"elementor-element elementor-element-f341bd7 elementor-widget elementor-widget-text-editor\" data-id=\"f341bd7\" data-element_type=\"widget\" data-e-type=\"widget\" data-widget_type=\"text-editor.default\">\n\t\t\t\t<div class=\"elementor-widget-container\">\n\t\t\t\t\t\t\t\t\t<p>D\u00e9couvrez le glamour et la sophistication d&rsquo;Ibiza d&rsquo;un point de vue unique gr\u00e2ce \u00e0 nos luxueux charters c\u00f4tiers. Glissez sans effort sur les eaux baign\u00e9es de soleil, en admirant le littoral \u00e9poustouflant parsem\u00e9 de vignobles luxuriants, de clubs de plage embl\u00e9matiques et d&rsquo;une culture enchanteresse. Nos bateaux haut de gamme promettent un confort, une vitesse et une maniabilit\u00e9 in\u00e9gal\u00e9s, parfaits pour explorer des criques cach\u00e9es, faire de la plong\u00e9e avec masque et tuba dans les eaux d&rsquo;Ibiza ou profiter d&rsquo;une croisi\u00e8re romantique au coucher du soleil. Avec un skipper expert \u00e0 la barre, d\u00e9couvrez la v\u00e9ritable essence d&rsquo;Ibiza et cr\u00e9ez des souvenirs inoubliables dans le cadre captivant du littoral anim\u00e9 d&rsquo;Ibiza.   <\/p>\t\t\t\t\t\t\t\t<\/div>\n\t\t\t\t<\/div>\n\t\t\t\t\t<\/div>\n\t\t<\/div>\n\t\t\t\t\t<\/div>\n\t\t<\/section>\n\t\t\t\t<section class=\"elementor-section elementor-top-section elementor-element elementor-element-70decb7 elementor-section-boxed elementor-section-height-default elementor-section-height-default\" data-id=\"70decb7\" data-element_type=\"section\" data-e-type=\"section\">\n\t\t\t\t\t\t<div class=\"elementor-container elementor-column-gap-default\">\n\t\t\t\t\t<div class=\"elementor-column elementor-col-100 elementor-top-column elementor-element elementor-element-8a6d6c1\" data-id=\"8a6d6c1\" data-element_type=\"column\" data-e-type=\"column\">\n\t\t\t<div class=\"elementor-widget-wrap elementor-element-populated\">\n\t\t\t\t\t\t<div class=\"elementor-element elementor-element-f5b93a2 elementor-widget elementor-widget-heading\" data-id=\"f5b93a2\" data-element_type=\"widget\" data-e-type=\"widget\" data-widget_type=\"heading.default\">\n\t\t\t\t<div class=\"elementor-widget-container\">\n\t\t\t\t\t<h3 class=\"elementor-heading-title elementor-size-default\">Ibiza Rib Charter<\/h3>\t\t\t\t<\/div>\n\t\t\t\t<\/div>\n\t\t\t\t<div class=\"elementor-element elementor-element-1341b27 elementor-widget elementor-widget-text-editor\" data-id=\"1341b27\" data-element_type=\"widget\" data-e-type=\"widget\" data-widget_type=\"text-editor.default\">\n\t\t\t\t<div class=\"elementor-widget-container\">\n\t\t\t\t\t\t\t\t\t<p>Parcourez notre s\u00e9lection des plus beaux Rib \u00e0 affr\u00e9ter \u00e0 Ibiza :<\/p>\t\t\t\t\t\t\t\t<\/div>\n\t\t\t\t<\/div>\n\t\t\t\t<div class=\"elementor-element elementor-element-99103da elementor-posts--align-center elementor-grid-3 elementor-grid-tablet-2 elementor-grid-mobile-1 elementor-posts--thumbnail-top elementor-card-shadow-yes elementor-posts__hover-gradient elementor-widget elementor-widget-posts\" data-id=\"99103da\" data-element_type=\"widget\" data-e-type=\"widget\" data-settings=\"{&quot;cards_masonry&quot;:&quot;yes&quot;,&quot;cards_columns&quot;:&quot;3&quot;,&quot;cards_columns_tablet&quot;:&quot;2&quot;,&quot;cards_columns_mobile&quot;:&quot;1&quot;,&quot;cards_row_gap&quot;:{&quot;unit&quot;:&quot;px&quot;,&quot;size&quot;:35,&quot;sizes&quot;:[]},&quot;cards_row_gap_tablet&quot;:{&quot;unit&quot;:&quot;px&quot;,&quot;size&quot;:&quot;&quot;,&quot;sizes&quot;:[]},&quot;cards_row_gap_mobile&quot;:{&quot;unit&quot;:&quot;px&quot;,&quot;size&quot;:&quot;&quot;,&quot;sizes&quot;:[]}}\" data-widget_type=\"posts.cards\">\n\t\t\t\t<div class=\"elementor-widget-container\">\n\t\t\t\t\t\t\t<div class=\"elementor-posts-container elementor-posts elementor-posts--skin-cards elementor-grid\">\n\t\t\t\t<article class=\"elementor-post elementor-grid-item post-16187 yachts type-yachts status-publish has-post-thumbnail hentry category-rib broker-oliver entry\">\n\t\t\t<div class=\"elementor-post__card\">\n\t\t\t\t<a class=\"elementor-post__thumbnail__link\" href=\"https:\/\/ibiza-yachts.com\/fr\/rentals\/pirelli-1100\/\" tabindex=\"-1\" ><div class=\"elementor-post__thumbnail\"><img fetchpriority=\"high\" decoding=\"async\" width=\"750\" height=\"499\" src=\"https:\/\/ibiza-yachts.com\/wp-content\/uploads\/2024\/09\/Pirelli-1100-5-e1725433322654-768x511.jpg\" class=\"attachment-medium_large size-medium_large wp-image-16204\" alt=\"\" srcset=\"https:\/\/ibiza-yachts.com\/wp-content\/uploads\/2024\/09\/Pirelli-1100-5-e1725433322654-768x511.jpg 768w, https:\/\/ibiza-yachts.com\/wp-content\/uploads\/2024\/09\/Pirelli-1100-5-e1725433322654-300x200.jpg 300w, https:\/\/ibiza-yachts.com\/wp-content\/uploads\/2024\/09\/Pirelli-1100-5-e1725433322654.jpg 975w\" sizes=\"(max-width: 750px) 100vw, 750px\" style=\"width:100%;height:66.56%;max-width:975px;\" \/><\/div><\/a>\n\t\t\t\t<div class=\"elementor-post__text\">\n\t\t\t\t<h3 class=\"elementor-post__title\">\n\t\t\t<a href=\"https:\/\/ibiza-yachts.com\/fr\/rentals\/pirelli-1100\/\" >\n\t\t\t\tPirelli 1100\t\t\t<\/a>\n\t\t<\/h3>\n\t\t\t\t<div class=\"elementor-post__excerpt\">\n\t\t\t<p>11m &#8211; Pirelli &#8211; \u20ac1,550<\/p>\n\t\t<\/div>\n\t\t\t\t<\/div>\n\t\t\t\t\t<\/div>\n\t\t<\/article>\n\t\t\t\t<\/div>\n\t\t\n\t\t\t\t\t\t<\/div>\n\t\t\t\t<\/div>\n\t\t\t\t\t<\/div>\n\t\t<\/div>\n\t\t\t\t\t<\/div>\n\t\t<\/section>\n\t\t\t\t<\/div>\n\t\t","protected":false},"excerpt":{"rendered":"<p>C\u00f4tes Rib \u00e0 louer \u00e0 Ibiza D\u00e9couvrez le glamour et la sophistication d&rsquo;Ibiza d&rsquo;un point de vue unique gr\u00e2ce \u00e0 nos luxueux charters c\u00f4tiers. Glissez sans effort sur les eaux baign\u00e9es de soleil, en admirant le littoral \u00e9poustouflant parsem\u00e9 de vignobles luxuriants, de clubs de plage embl\u00e9matiques et d&rsquo;une culture enchanteresse. Nos bateaux haut de&hellip; <a class=\"more-link\" href=\"https:\/\/ibiza-yachts.com\/fr\/rentals\/pirelli-1100\/\">Poursuivre la lecture <span class=\"screen-reader-text\">Pirelli 1100<\/span><\/a><\/p>\n","protected":false},"author":3,"featured_media":9655,"parent":0,"menu_order":0,"comment_status":"closed","ping_status":"closed","template":"elementor_header_footer","meta":{"_acf_changed":false,"footnotes":""},"class_list":["post-11147","page","type-page","status-publish","has-post-thumbnail","hentry","entry"],"acf":[],"yoast_head":"<!-- This site is optimized with the Yoast SEO plugin v23.5 - https:\/\/yoast.com\/wordpress\/plugins\/seo\/ -->\n<title>Rib \u00e0 louer \u00e0 St Tropez - Rib \u00e0 louer \u00e0 St Tropez - Ibiza Yachts.<\/title>\n<meta name=\"description\" content=\"Montez \u00e0 bord d&#039;un Rib embl\u00e9matique \u00e0 St Tropez ! Parcourez notre s\u00e9lection de Rib \u00e0 louer \u00e0 St Tropez et embarquez pour une croisi\u00e8re de luxe.\" \/>\n<meta name=\"robots\" content=\"index, follow, max-snippet:-1, max-image-preview:large, max-video-preview:-1\" \/>\n<link rel=\"canonical\" href=\"https:\/\/ibiza-yachts.com\/fr\/rib\/\" \/>\n<meta property=\"og:locale\" content=\"fr_FR\" \/>\n<meta property=\"og:type\" content=\"article\" \/>\n<meta property=\"og:title\" content=\"Rib \u00e0 louer \u00e0 St Tropez - Rib \u00e0 louer \u00e0 St Tropez - Ibiza Yachts.\" \/>\n<meta property=\"og:description\" content=\"Montez \u00e0 bord d&#039;un Rib embl\u00e9matique \u00e0 St Tropez ! Parcourez notre s\u00e9lection de Rib \u00e0 louer \u00e0 St Tropez et embarquez pour une croisi\u00e8re de luxe.\" \/>\n<meta property=\"og:url\" content=\"https:\/\/ibiza-yachts.com\/fr\/rib\/\" \/>\n<meta property=\"og:site_name\" content=\"Ibiza Yachts\" \/>\n<meta property=\"article:modified_time\" content=\"2025-10-10T15:39:57+00:00\" \/>\n<meta property=\"og:image\" content=\"https:\/\/ibiza-yachts.com\/wp-content\/uploads\/2023\/04\/Anverra-55-for-Rent-1.png\" \/>\n\t<meta property=\"og:image:width\" content=\"462\" \/>\n\t<meta property=\"og:image:height\" content=\"308\" \/>\n\t<meta property=\"og:image:type\" content=\"image\/png\" \/>\n<meta name=\"twitter:card\" content=\"summary_large_image\" \/>\n<meta name=\"twitter:label1\" content=\"Dur\u00e9e de lecture estim\u00e9e\" \/>\n\t<meta name=\"twitter:data1\" content=\"1 minute\" \/>\n<script type=\"application\/ld+json\" class=\"yoast-schema-graph\">{\"@context\":\"https:\/\/schema.org\",\"@graph\":[{\"@type\":\"WebPage\",\"@id\":\"https:\/\/ibiza-yachts.com\/fr\/rib\/\",\"url\":\"https:\/\/ibiza-yachts.com\/fr\/rib\/\",\"name\":\"Rib \u00e0 louer \u00e0 St Tropez - Rib \u00e0 louer \u00e0 St Tropez - Ibiza Yachts.\",\"isPartOf\":{\"@id\":\"https:\/\/ibiza-yachts.com\/fr\/#website\"},\"primaryImageOfPage\":{\"@id\":\"https:\/\/ibiza-yachts.com\/fr\/rib\/#primaryimage\"},\"image\":{\"@id\":\"https:\/\/ibiza-yachts.com\/fr\/rib\/#primaryimage\"},\"thumbnailUrl\":\"https:\/\/ibiza-yachts.com\/wp-content\/uploads\/2023\/04\/Anverra-55-for-Rent-1.png\",\"datePublished\":\"2023-04-28T16:10:24+00:00\",\"dateModified\":\"2025-10-10T15:39:57+00:00\",\"description\":\"Montez \u00e0 bord d'un Rib embl\u00e9matique \u00e0 St Tropez ! Parcourez notre s\u00e9lection de Rib \u00e0 louer \u00e0 St Tropez et embarquez pour une croisi\u00e8re de luxe.\",\"breadcrumb\":{\"@id\":\"https:\/\/ibiza-yachts.com\/fr\/rib\/#breadcrumb\"},\"inLanguage\":\"fr-FR\",\"potentialAction\":[{\"@type\":\"ReadAction\",\"target\":[\"https:\/\/ibiza-yachts.com\/fr\/rib\/\"]}]},{\"@type\":\"ImageObject\",\"inLanguage\":\"fr-FR\",\"@id\":\"https:\/\/ibiza-yachts.com\/fr\/rib\/#primaryimage\",\"url\":\"https:\/\/ibiza-yachts.com\/wp-content\/uploads\/2023\/04\/Anverra-55-for-Rent-1.png\",\"contentUrl\":\"https:\/\/ibiza-yachts.com\/wp-content\/uploads\/2023\/04\/Anverra-55-for-Rent-1.png\",\"width\":462,\"height\":308},{\"@type\":\"BreadcrumbList\",\"@id\":\"https:\/\/ibiza-yachts.com\/fr\/rib\/#breadcrumb\",\"itemListElement\":[{\"@type\":\"ListItem\",\"position\":1,\"name\":\"Home\",\"item\":\"https:\/\/ibiza-yachts.com\/fr\/\"},{\"@type\":\"ListItem\",\"position\":2,\"name\":\"RIB\"}]},{\"@type\":\"WebSite\",\"@id\":\"https:\/\/ibiza-yachts.com\/fr\/#website\",\"url\":\"https:\/\/ibiza-yachts.com\/fr\/\",\"name\":\"Ibiza Yachts\",\"description\":\"Ibiza Yachts for Charter\",\"publisher\":{\"@id\":\"https:\/\/ibiza-yachts.com\/fr\/#organization\"},\"potentialAction\":[{\"@type\":\"SearchAction\",\"target\":{\"@type\":\"EntryPoint\",\"urlTemplate\":\"https:\/\/ibiza-yachts.com\/fr\/?s={search_term_string}\"},\"query-input\":{\"@type\":\"PropertyValueSpecification\",\"valueRequired\":true,\"valueName\":\"search_term_string\"}}],\"inLanguage\":\"fr-FR\"},{\"@type\":\"Organization\",\"@id\":\"https:\/\/ibiza-yachts.com\/fr\/#organization\",\"name\":\"Ibiza Yachts\",\"url\":\"https:\/\/ibiza-yachts.com\/fr\/\",\"logo\":{\"@type\":\"ImageObject\",\"inLanguage\":\"fr-FR\",\"@id\":\"https:\/\/ibiza-yachts.com\/fr\/#\/schema\/logo\/image\/\",\"url\":\"https:\/\/ibiza-yachts.com\/wp-content\/uploads\/2022\/01\/Cannes-Villa-Logo.jpg\",\"contentUrl\":\"https:\/\/ibiza-yachts.com\/wp-content\/uploads\/2022\/01\/Cannes-Villa-Logo.jpg\",\"width\":1704,\"height\":1704,\"caption\":\"Ibiza Yachts\"},\"image\":{\"@id\":\"https:\/\/ibiza-yachts.com\/fr\/#\/schema\/logo\/image\/\"}}]}<\/script>\n<!-- \/ Yoast SEO plugin. -->","yoast_head_json":{"title":"Rib \u00e0 louer \u00e0 St Tropez - Rib \u00e0 louer \u00e0 St Tropez - Ibiza Yachts.","description":"Montez \u00e0 bord d'un Rib embl\u00e9matique \u00e0 St Tropez ! Parcourez notre s\u00e9lection de Rib \u00e0 louer \u00e0 St Tropez et embarquez pour une croisi\u00e8re de luxe.","robots":{"index":"index","follow":"follow","max-snippet":"max-snippet:-1","max-image-preview":"max-image-preview:large","max-video-preview":"max-video-preview:-1"},"canonical":"https:\/\/ibiza-yachts.com\/fr\/rib\/","og_locale":"fr_FR","og_type":"article","og_title":"Rib \u00e0 louer \u00e0 St Tropez - Rib \u00e0 louer \u00e0 St Tropez - Ibiza Yachts.","og_description":"Montez \u00e0 bord d'un Rib embl\u00e9matique \u00e0 St Tropez ! Parcourez notre s\u00e9lection de Rib \u00e0 louer \u00e0 St Tropez et embarquez pour une croisi\u00e8re de luxe.","og_url":"https:\/\/ibiza-yachts.com\/fr\/rib\/","og_site_name":"Ibiza Yachts","article_modified_time":"2025-10-10T15:39:57+00:00","og_image":[{"width":462,"height":308,"url":"https:\/\/ibiza-yachts.com\/wp-content\/uploads\/2023\/04\/Anverra-55-for-Rent-1.png","type":"image\/png"}],"twitter_card":"summary_large_image","twitter_misc":{"Dur\u00e9e de lecture estim\u00e9e":"1 minute"},"schema":{"@context":"https:\/\/schema.org","@graph":[{"@type":"WebPage","@id":"https:\/\/ibiza-yachts.com\/fr\/rib\/","url":"https:\/\/ibiza-yachts.com\/fr\/rib\/","name":"Rib \u00e0 louer \u00e0 St Tropez - Rib \u00e0 louer \u00e0 St Tropez - Ibiza Yachts.","isPartOf":{"@id":"https:\/\/ibiza-yachts.com\/fr\/#website"},"primaryImageOfPage":{"@id":"https:\/\/ibiza-yachts.com\/fr\/rib\/#primaryimage"},"image":{"@id":"https:\/\/ibiza-yachts.com\/fr\/rib\/#primaryimage"},"thumbnailUrl":"https:\/\/ibiza-yachts.com\/wp-content\/uploads\/2023\/04\/Anverra-55-for-Rent-1.png","datePublished":"2023-04-28T16:10:24+00:00","dateModified":"2025-10-10T15:39:57+00:00","description":"Montez \u00e0 bord d'un Rib embl\u00e9matique \u00e0 St Tropez ! Parcourez notre s\u00e9lection de Rib \u00e0 louer \u00e0 St Tropez et embarquez pour une croisi\u00e8re de luxe.","breadcrumb":{"@id":"https:\/\/ibiza-yachts.com\/fr\/rib\/#breadcrumb"},"inLanguage":"fr-FR","potentialAction":[{"@type":"ReadAction","target":["https:\/\/ibiza-yachts.com\/fr\/rib\/"]}]},{"@type":"ImageObject","inLanguage":"fr-FR","@id":"https:\/\/ibiza-yachts.com\/fr\/rib\/#primaryimage","url":"https:\/\/ibiza-yachts.com\/wp-content\/uploads\/2023\/04\/Anverra-55-for-Rent-1.png","contentUrl":"https:\/\/ibiza-yachts.com\/wp-content\/uploads\/2023\/04\/Anverra-55-for-Rent-1.png","width":462,"height":308},{"@type":"BreadcrumbList","@id":"https:\/\/ibiza-yachts.com\/fr\/rib\/#breadcrumb","itemListElement":[{"@type":"ListItem","position":1,"name":"Home","item":"https:\/\/ibiza-yachts.com\/fr\/"},{"@type":"ListItem","position":2,"name":"RIB"}]},{"@type":"WebSite","@id":"https:\/\/ibiza-yachts.com\/fr\/#website","url":"https:\/\/ibiza-yachts.com\/fr\/","name":"Ibiza Yachts","description":"Ibiza Yachts for Charter","publisher":{"@id":"https:\/\/ibiza-yachts.com\/fr\/#organization"},"potentialAction":[{"@type":"SearchAction","target":{"@type":"EntryPoint","urlTemplate":"https:\/\/ibiza-yachts.com\/fr\/?s={search_term_string}"},"query-input":{"@type":"PropertyValueSpecification","valueRequired":true,"valueName":"search_term_string"}}],"inLanguage":"fr-FR"},{"@type":"Organization","@id":"https:\/\/ibiza-yachts.com\/fr\/#organization","name":"Ibiza Yachts","url":"https:\/\/ibiza-yachts.com\/fr\/","logo":{"@type":"ImageObject","inLanguage":"fr-FR","@id":"https:\/\/ibiza-yachts.com\/fr\/#\/schema\/logo\/image\/","url":"https:\/\/ibiza-yachts.com\/wp-content\/uploads\/2022\/01\/Cannes-Villa-Logo.jpg","contentUrl":"https:\/\/ibiza-yachts.com\/wp-content\/uploads\/2022\/01\/Cannes-Villa-Logo.jpg","width":1704,"height":1704,"caption":"Ibiza Yachts"},"image":{"@id":"https:\/\/ibiza-yachts.com\/fr\/#\/schema\/logo\/image\/"}}]}},"distributor_meta":false,"distributor_terms":false,"distributor_media":false,"distributor_original_site_name":"Ibiza Yachts","distributor_original_site_url":"https:\/\/ibiza-yachts.com\/fr\/","push-errors":false,"_links":{"self":[{"href":"https:\/\/ibiza-yachts.com\/fr\/wp-json\/wp\/v2\/pages\/11147","targetHints":{"allow":["GET"]}}],"collection":[{"href":"https:\/\/ibiza-yachts.com\/fr\/wp-json\/wp\/v2\/pages"}],"about":[{"href":"https:\/\/ibiza-yachts.com\/fr\/wp-json\/wp\/v2\/types\/page"}],"author":[{"embeddable":true,"href":"https:\/\/ibiza-yachts.com\/fr\/wp-json\/wp\/v2\/users\/3"}],"replies":[{"embeddable":true,"href":"https:\/\/ibiza-yachts.com\/fr\/wp-json\/wp\/v2\/comments?post=11147"}],"version-history":[{"count":0,"href":"https:\/\/ibiza-yachts.com\/fr\/wp-json\/wp\/v2\/pages\/11147\/revisions"}],"wp:featuredmedia":[{"embeddable":true,"href":"https:\/\/ibiza-yachts.com\/fr\/wp-json\/wp\/v2\/media\/9655"}],"wp:attachment":[{"href":"https:\/\/ibiza-yachts.com\/fr\/wp-json\/wp\/v2\/media?parent=11147"}],"curies":[{"name":"wp","href":"https:\/\/api.w.org\/{rel}","templated":true}]}}