{"id":11194,"date":"2023-11-11T10:01:22","date_gmt":"2023-11-11T10:01:22","guid":{"rendered":"https:\/\/ibiza-yachts.com\/superyachts\/"},"modified":"2025-10-10T15:39:43","modified_gmt":"2025-10-10T15:39:43","slug":"superyachts","status":"publish","type":"page","link":"https:\/\/ibiza-yachts.com\/fr\/superyachts\/","title":{"rendered":"Superyachts"},"content":{"rendered":"\t\t<div data-elementor-type=\"wp-page\" data-elementor-id=\"11194\" class=\"elementor elementor-11194 elementor-3790\" data-elementor-post-type=\"page\">\n\t\t\t\t\t\t<section class=\"elementor-section elementor-top-section elementor-element elementor-element-b7e567a elementor-section-height-min-height elementor-section-items-bottom elementor-section-content-bottom elementor-section-boxed elementor-section-height-default\" data-id=\"b7e567a\" data-element_type=\"section\" data-e-type=\"section\" data-settings=\"{&quot;background_background&quot;:&quot;classic&quot;}\">\n\t\t\t\t\t\t<div class=\"elementor-container elementor-column-gap-default\">\n\t\t\t\t\t<div class=\"elementor-column elementor-col-100 elementor-top-column elementor-element elementor-element-a2b1923\" data-id=\"a2b1923\" data-element_type=\"column\" data-e-type=\"column\">\n\t\t\t<div class=\"elementor-widget-wrap elementor-element-populated\">\n\t\t\t\t\t\t<div class=\"elementor-element elementor-element-6a8a18f elementor-widget elementor-widget-heading\" data-id=\"6a8a18f\" data-element_type=\"widget\" data-e-type=\"widget\" data-widget_type=\"heading.default\">\n\t\t\t\t<div class=\"elementor-widget-container\">\n\t\t\t\t\t<h2 class=\"elementor-heading-title elementor-size-default\">Superyachts<\/h2>\t\t\t\t<\/div>\n\t\t\t\t<\/div>\n\t\t\t\t\t<\/div>\n\t\t<\/div>\n\t\t\t\t\t<\/div>\n\t\t<\/section>\n\t\t\t\t<section class=\"elementor-section elementor-top-section elementor-element elementor-element-9da68ef elementor-section-boxed elementor-section-height-default elementor-section-height-default\" data-id=\"9da68ef\" data-element_type=\"section\" data-e-type=\"section\">\n\t\t\t\t\t\t<div class=\"elementor-container elementor-column-gap-default\">\n\t\t\t\t\t<div class=\"elementor-column elementor-col-100 elementor-top-column elementor-element elementor-element-6726422\" data-id=\"6726422\" data-element_type=\"column\" data-e-type=\"column\">\n\t\t\t<div class=\"elementor-widget-wrap elementor-element-populated\">\n\t\t\t\t\t\t<div class=\"elementor-element elementor-element-61f4c80 elementor-widget elementor-widget-heading\" data-id=\"61f4c80\" data-element_type=\"widget\" data-e-type=\"widget\" data-widget_type=\"heading.default\">\n\t\t\t\t<div class=\"elementor-widget-container\">\n\t\t\t\t\t<h1 class=\"elementor-heading-title elementor-size-default\">Ibiza Superyacht Charter<\/h1>\t\t\t\t<\/div>\n\t\t\t\t<\/div>\n\t\t\t\t<div class=\"elementor-element elementor-element-f341bd7 elementor-widget elementor-widget-text-editor\" data-id=\"f341bd7\" data-element_type=\"widget\" data-e-type=\"widget\" data-widget_type=\"text-editor.default\">\n\t\t\t\t<div class=\"elementor-widget-container\">\n\t\t\t\t\t\t\t\t\t<p>Dans le cadre \u00e9litiste et dynamique d&rsquo;Ibiza, la location de superyachts repr\u00e9sente le summum du luxe nautique et de l&rsquo;exclusivit\u00e9. Notre flotte de superyachts \u00e0 louer dans cette destination embl\u00e9matique est soigneusement s\u00e9lectionn\u00e9e pour r\u00e9pondre aux normes les plus \u00e9lev\u00e9es de l&rsquo;\u00e9lite du yachting. Chaque yacht de notre collection est un chef-d&rsquo;\u0153uvre flottant, combinant une ing\u00e9nierie de pointe, un design \u00e9l\u00e9gant et des \u00e9quipements somptueux pour garantir une exp\u00e9rience in\u00e9gal\u00e9e sur la M\u00e9diterran\u00e9e. Ces superyachts offrent des ponts spacieux, des espaces de vie opulents et des syst\u00e8mes de divertissement sophistiqu\u00e9s, ainsi que des \u00e9quipages professionnels charg\u00e9s de fournir un service impeccable. Que ce soit pour une f\u00eate somptueuse, une croisi\u00e8re tranquille le long de la c\u00f4te ou une exploration aventureuse de criques cach\u00e9es et de fronts de mer exclusifs, nos charters de superyachts r\u00e9pondent \u00e0 tous les d\u00e9sirs.    <\/p>\t\t\t\t\t\t\t\t<\/div>\n\t\t\t\t<\/div>\n\t\t\t\t\t<\/div>\n\t\t<\/div>\n\t\t\t\t\t<\/div>\n\t\t<\/section>\n\t\t\t\t<section class=\"elementor-section elementor-top-section elementor-element elementor-element-70decb7 elementor-section-boxed elementor-section-height-default elementor-section-height-default\" data-id=\"70decb7\" data-element_type=\"section\" data-e-type=\"section\">\n\t\t\t\t\t\t<div class=\"elementor-container elementor-column-gap-default\">\n\t\t\t\t\t<div class=\"elementor-column elementor-col-100 elementor-top-column elementor-element elementor-element-8a6d6c1\" data-id=\"8a6d6c1\" data-element_type=\"column\" data-e-type=\"column\">\n\t\t\t<div class=\"elementor-widget-wrap elementor-element-populated\">\n\t\t\t\t\t\t<div class=\"elementor-element elementor-element-f5b93a2 elementor-widget elementor-widget-heading\" data-id=\"f5b93a2\" data-element_type=\"widget\" data-e-type=\"widget\" data-widget_type=\"heading.default\">\n\t\t\t\t<div class=\"elementor-widget-container\">\n\t\t\t\t\t<h2 class=\"elementor-heading-title elementor-size-default\">Superyachts \u00e0 louer \u00e0 Ibiza<\/h2>\t\t\t\t<\/div>\n\t\t\t\t<\/div>\n\t\t\t\t<div class=\"elementor-element elementor-element-1341b27 elementor-widget elementor-widget-text-editor\" data-id=\"1341b27\" data-element_type=\"widget\" data-e-type=\"widget\" data-widget_type=\"text-editor.default\">\n\t\t\t\t<div class=\"elementor-widget-container\">\n\t\t\t\t\t\t\t\t\t<p>Parcourez notre s\u00e9lection des meilleurs superyachts \u00e0 louer \u00e0 Ibiza :<\/p>\t\t\t\t\t\t\t\t<\/div>\n\t\t\t\t<\/div>\n\t\t\t\t<div class=\"elementor-element elementor-element-99103da elementor-posts--align-center elementor-grid-3 elementor-grid-tablet-2 elementor-grid-mobile-1 elementor-posts--thumbnail-top elementor-card-shadow-yes elementor-posts__hover-gradient elementor-widget elementor-widget-posts\" data-id=\"99103da\" data-element_type=\"widget\" data-e-type=\"widget\" data-settings=\"{&quot;cards_masonry&quot;:&quot;yes&quot;,&quot;cards_columns&quot;:&quot;3&quot;,&quot;cards_columns_tablet&quot;:&quot;2&quot;,&quot;cards_columns_mobile&quot;:&quot;1&quot;,&quot;cards_row_gap&quot;:{&quot;unit&quot;:&quot;px&quot;,&quot;size&quot;:35,&quot;sizes&quot;:[]},&quot;cards_row_gap_tablet&quot;:{&quot;unit&quot;:&quot;px&quot;,&quot;size&quot;:&quot;&quot;,&quot;sizes&quot;:[]},&quot;cards_row_gap_mobile&quot;:{&quot;unit&quot;:&quot;px&quot;,&quot;size&quot;:&quot;&quot;,&quot;sizes&quot;:[]}}\" data-widget_type=\"posts.cards\">\n\t\t\t\t<div class=\"elementor-widget-container\">\n\t\t\t\t\t\t\t<div class=\"elementor-posts-container elementor-posts elementor-posts--skin-cards elementor-grid\">\n\t\t\t\t<article class=\"elementor-post elementor-grid-item post-14193 yachts type-yachts status-publish has-post-thumbnail hentry category-sport-boat tag-crew tag-featured tag-luxury broker-oliver entry\">\n\t\t\t<div class=\"elementor-post__card\">\n\t\t\t\t<a class=\"elementor-post__thumbnail__link\" href=\"https:\/\/ibiza-yachts.com\/fr\/rentals\/mangusta-92-3\/\" tabindex=\"-1\" ><div class=\"elementor-post__thumbnail\"><img fetchpriority=\"high\" decoding=\"async\" width=\"750\" height=\"501\" src=\"https:\/\/ibiza-yachts.com\/wp-content\/uploads\/2024\/04\/Mangusta-92-Chill-Out-29-e1725549265456-768x513.jpg\" class=\"attachment-medium_large size-medium_large wp-image-17016\" alt=\"\" srcset=\"https:\/\/ibiza-yachts.com\/wp-content\/uploads\/2024\/04\/Mangusta-92-Chill-Out-29-e1725549265456-768x513.jpg 768w, https:\/\/ibiza-yachts.com\/wp-content\/uploads\/2024\/04\/Mangusta-92-Chill-Out-29-e1725549265456-300x200.jpg 300w, https:\/\/ibiza-yachts.com\/wp-content\/uploads\/2024\/04\/Mangusta-92-Chill-Out-29-e1725549265456-1024x684.jpg 1024w, https:\/\/ibiza-yachts.com\/wp-content\/uploads\/2024\/04\/Mangusta-92-Chill-Out-29-e1725549265456.jpg 1185w\" sizes=\"(max-width: 750px) 100vw, 750px\" style=\"width:100%;height:66.75%;max-width:1185px;\" \/><\/div><\/a>\n\t\t\t\t<div class=\"elementor-post__text\">\n\t\t\t\t<h3 class=\"elementor-post__title\">\n\t\t\t<a href=\"https:\/\/ibiza-yachts.com\/fr\/rentals\/mangusta-92-3\/\" >\n\t\t\t\tMangusta 92\t\t\t<\/a>\n\t\t<\/h3>\n\t\t\t\t<div class=\"elementor-post__excerpt\">\n\t\t\t<p>28m \u2013 Mangusta \u2013 \u20ac6,950<\/p>\n\t\t<\/div>\n\t\t\t\t<\/div>\n\t\t\t\t\t<\/div>\n\t\t<\/article>\n\t\t\t\t<article class=\"elementor-post elementor-grid-item post-14092 yachts type-yachts status-publish has-post-thumbnail hentry category-sport-boat tag-crew tag-featured tag-luxury broker-oliver entry\">\n\t\t\t<div class=\"elementor-post__card\">\n\t\t\t\t<a class=\"elementor-post__thumbnail__link\" href=\"https:\/\/ibiza-yachts.com\/fr\/rentals\/mangusta-108-2\/\" tabindex=\"-1\" ><div class=\"elementor-post__thumbnail\"><img decoding=\"async\" width=\"750\" height=\"500\" data-src=\"https:\/\/ibiza-yachts.com\/wp-content\/uploads\/2024\/04\/BELISA-MANGUSTA-108_page-0004-scaled-e1713061135407-768x512.jpg\" class=\"attachment-medium_large size-medium_large wp-image-14101 lazyload\" alt=\"\" data-srcset=\"https:\/\/ibiza-yachts.com\/wp-content\/uploads\/2024\/04\/BELISA-MANGUSTA-108_page-0004-scaled-e1713061135407-768x512.jpg 768w, https:\/\/ibiza-yachts.com\/wp-content\/uploads\/2024\/04\/BELISA-MANGUSTA-108_page-0004-scaled-e1713061135407-300x200.jpg 300w, https:\/\/ibiza-yachts.com\/wp-content\/uploads\/2024\/04\/BELISA-MANGUSTA-108_page-0004-scaled-e1713061135407-1024x682.jpg 1024w, https:\/\/ibiza-yachts.com\/wp-content\/uploads\/2024\/04\/BELISA-MANGUSTA-108_page-0004-scaled-e1713061135407-1536x1024.jpg 1536w, https:\/\/ibiza-yachts.com\/wp-content\/uploads\/2024\/04\/BELISA-MANGUSTA-108_page-0004-scaled-e1713061135407.jpg 1550w\" data-sizes=\"(max-width: 750px) 100vw, 750px\" style=\"--smush-placeholder-width: 750px; --smush-placeholder-aspect-ratio: 750\/500;width:100%;height:66.65%;max-width:1550px;\" src=\"data:image\/gif;base64,R0lGODlhAQABAAAAACH5BAEKAAEALAAAAAABAAEAAAICTAEAOw==\" \/><\/div><\/a>\n\t\t\t\t<div class=\"elementor-post__text\">\n\t\t\t\t<h3 class=\"elementor-post__title\">\n\t\t\t<a href=\"https:\/\/ibiza-yachts.com\/fr\/rentals\/mangusta-108-2\/\" >\n\t\t\t\tMangusta 108\t\t\t<\/a>\n\t\t<\/h3>\n\t\t\t\t<div class=\"elementor-post__excerpt\">\n\t\t\t<p>32m \u2013 Mangusta \u2013 \u20ac11,000<\/p>\n\t\t<\/div>\n\t\t\t\t<\/div>\n\t\t\t\t\t<\/div>\n\t\t<\/article>\n\t\t\t\t<article class=\"elementor-post elementor-grid-item post-16219 yachts type-yachts status-publish has-post-thumbnail hentry category-sport-boat tag-crew tag-featured broker-oliver entry\">\n\t\t\t<div class=\"elementor-post__card\">\n\t\t\t\t<a class=\"elementor-post__thumbnail__link\" href=\"https:\/\/ibiza-yachts.com\/fr\/rentals\/mangusta-130\/\" tabindex=\"-1\" ><div class=\"elementor-post__thumbnail\"><img decoding=\"async\" width=\"750\" height=\"499\" data-src=\"https:\/\/ibiza-yachts.com\/wp-content\/uploads\/2024\/09\/Mangusta-130-7-e1725456723111-768x511.jpg\" class=\"attachment-medium_large size-medium_large wp-image-16240 lazyload\" alt=\"\" data-srcset=\"https:\/\/ibiza-yachts.com\/wp-content\/uploads\/2024\/09\/Mangusta-130-7-e1725456723111-768x511.jpg 768w, https:\/\/ibiza-yachts.com\/wp-content\/uploads\/2024\/09\/Mangusta-130-7-e1725456723111-300x200.jpg 300w, https:\/\/ibiza-yachts.com\/wp-content\/uploads\/2024\/09\/Mangusta-130-7-e1725456723111.jpg 1000w\" data-sizes=\"(max-width: 750px) 100vw, 750px\" style=\"--smush-placeholder-width: 750px; --smush-placeholder-aspect-ratio: 750\/499;width:100%;height:66.5%;max-width:1000px;\" src=\"data:image\/gif;base64,R0lGODlhAQABAAAAACH5BAEKAAEALAAAAAABAAEAAAICTAEAOw==\" \/><\/div><\/a>\n\t\t\t\t<div class=\"elementor-post__text\">\n\t\t\t\t<h3 class=\"elementor-post__title\">\n\t\t\t<a href=\"https:\/\/ibiza-yachts.com\/fr\/rentals\/mangusta-130\/\" >\n\t\t\t\tMangusta 130\t\t\t<\/a>\n\t\t<\/h3>\n\t\t\t\t<div class=\"elementor-post__excerpt\">\n\t\t\t<p>40m &#8211; Mangusta &#8211; \u20ac23,550<\/p>\n\t\t<\/div>\n\t\t\t\t<\/div>\n\t\t\t\t\t<\/div>\n\t\t<\/article>\n\t\t\t\t<\/div>\n\t\t\n\t\t\t\t\t\t<\/div>\n\t\t\t\t<\/div>\n\t\t\t\t\t<\/div>\n\t\t<\/div>\n\t\t\t\t\t<\/div>\n\t\t<\/section>\n\t\t\t\t<\/div>\n\t\t","protected":false},"excerpt":{"rendered":"<p>Superyachts Ibiza Superyacht Charter Dans le cadre \u00e9litiste et dynamique d&rsquo;Ibiza, la location de superyachts repr\u00e9sente le summum du luxe nautique et de l&rsquo;exclusivit\u00e9. Notre flotte de superyachts \u00e0 louer dans cette destination embl\u00e9matique est soigneusement s\u00e9lectionn\u00e9e pour r\u00e9pondre aux normes les plus \u00e9lev\u00e9es de l&rsquo;\u00e9lite du yachting. Chaque yacht de notre collection est un&hellip; <a class=\"more-link\" href=\"https:\/\/ibiza-yachts.com\/fr\/rentals\/mangusta-130\/\">Poursuivre la lecture <span class=\"screen-reader-text\">Mangusta 130<\/span><\/a><\/p>\n","protected":false},"author":3,"featured_media":7423,"parent":0,"menu_order":0,"comment_status":"closed","ping_status":"closed","template":"elementor_header_footer","meta":{"_acf_changed":false,"footnotes":""},"class_list":["post-11194","page","type-page","status-publish","has-post-thumbnail","hentry","entry"],"acf":[],"yoast_head":"<!-- This site is optimized with the Yoast SEO plugin v23.5 - https:\/\/yoast.com\/wordpress\/plugins\/seo\/ -->\n<title>Ibiza Superyacht Charter - Ibiza Yachts<\/title>\n<meta name=\"description\" content=\"Louez un Superyacht \u00e0 Ibiza pour quelques jours ! Consultez nos locations de superyachts \u00e0 Ibiza et embarquez pour une croisi\u00e8re de luxe.\" \/>\n<meta name=\"robots\" content=\"index, follow, max-snippet:-1, max-image-preview:large, max-video-preview:-1\" \/>\n<link rel=\"canonical\" href=\"https:\/\/ibiza-yachts.com\/fr\/superyachts\/\" \/>\n<meta property=\"og:locale\" content=\"fr_FR\" \/>\n<meta property=\"og:type\" content=\"article\" \/>\n<meta property=\"og:title\" content=\"Ibiza Superyacht Charter - Ibiza Yachts\" \/>\n<meta property=\"og:description\" content=\"Louez un Superyacht \u00e0 Ibiza pour quelques jours ! Consultez nos locations de superyachts \u00e0 Ibiza et embarquez pour une croisi\u00e8re de luxe.\" \/>\n<meta property=\"og:url\" content=\"https:\/\/ibiza-yachts.com\/fr\/superyachts\/\" \/>\n<meta property=\"og:site_name\" content=\"Ibiza Yachts\" \/>\n<meta property=\"article:modified_time\" content=\"2025-10-10T15:39:43+00:00\" \/>\n<meta property=\"og:image\" content=\"https:\/\/ibiza-yachts.com\/wp-content\/uploads\/2022\/02\/Mangusta-33-for-Charter-7.jpg\" \/>\n\t<meta property=\"og:image:width\" content=\"2000\" \/>\n\t<meta property=\"og:image:height\" content=\"1500\" \/>\n\t<meta property=\"og:image:type\" content=\"image\/jpeg\" \/>\n<meta name=\"twitter:card\" content=\"summary_large_image\" \/>\n<meta name=\"twitter:label1\" content=\"Dur\u00e9e de lecture estim\u00e9e\" \/>\n\t<meta name=\"twitter:data1\" content=\"1 minute\" \/>\n<script type=\"application\/ld+json\" class=\"yoast-schema-graph\">{\"@context\":\"https:\/\/schema.org\",\"@graph\":[{\"@type\":\"WebPage\",\"@id\":\"https:\/\/ibiza-yachts.com\/fr\/superyachts\/\",\"url\":\"https:\/\/ibiza-yachts.com\/fr\/superyachts\/\",\"name\":\"Ibiza Superyacht Charter - Ibiza Yachts\",\"isPartOf\":{\"@id\":\"https:\/\/ibiza-yachts.com\/fr\/#website\"},\"primaryImageOfPage\":{\"@id\":\"https:\/\/ibiza-yachts.com\/fr\/superyachts\/#primaryimage\"},\"image\":{\"@id\":\"https:\/\/ibiza-yachts.com\/fr\/superyachts\/#primaryimage\"},\"thumbnailUrl\":\"https:\/\/ibiza-yachts.com\/wp-content\/uploads\/2022\/02\/Mangusta-33-for-Charter-7.jpg\",\"datePublished\":\"2023-11-11T10:01:22+00:00\",\"dateModified\":\"2025-10-10T15:39:43+00:00\",\"description\":\"Louez un Superyacht \u00e0 Ibiza pour quelques jours ! Consultez nos locations de superyachts \u00e0 Ibiza et embarquez pour une croisi\u00e8re de luxe.\",\"breadcrumb\":{\"@id\":\"https:\/\/ibiza-yachts.com\/fr\/superyachts\/#breadcrumb\"},\"inLanguage\":\"fr-FR\",\"potentialAction\":[{\"@type\":\"ReadAction\",\"target\":[\"https:\/\/ibiza-yachts.com\/fr\/superyachts\/\"]}]},{\"@type\":\"ImageObject\",\"inLanguage\":\"fr-FR\",\"@id\":\"https:\/\/ibiza-yachts.com\/fr\/superyachts\/#primaryimage\",\"url\":\"https:\/\/ibiza-yachts.com\/wp-content\/uploads\/2022\/02\/Mangusta-33-for-Charter-7.jpg\",\"contentUrl\":\"https:\/\/ibiza-yachts.com\/wp-content\/uploads\/2022\/02\/Mangusta-33-for-Charter-7.jpg\",\"width\":2000,\"height\":1500},{\"@type\":\"BreadcrumbList\",\"@id\":\"https:\/\/ibiza-yachts.com\/fr\/superyachts\/#breadcrumb\",\"itemListElement\":[{\"@type\":\"ListItem\",\"position\":1,\"name\":\"Home\",\"item\":\"https:\/\/ibiza-yachts.com\/fr\/\"},{\"@type\":\"ListItem\",\"position\":2,\"name\":\"Superyachts\"}]},{\"@type\":\"WebSite\",\"@id\":\"https:\/\/ibiza-yachts.com\/fr\/#website\",\"url\":\"https:\/\/ibiza-yachts.com\/fr\/\",\"name\":\"Ibiza Yachts\",\"description\":\"Ibiza Yachts for Charter\",\"publisher\":{\"@id\":\"https:\/\/ibiza-yachts.com\/fr\/#organization\"},\"potentialAction\":[{\"@type\":\"SearchAction\",\"target\":{\"@type\":\"EntryPoint\",\"urlTemplate\":\"https:\/\/ibiza-yachts.com\/fr\/?s={search_term_string}\"},\"query-input\":{\"@type\":\"PropertyValueSpecification\",\"valueRequired\":true,\"valueName\":\"search_term_string\"}}],\"inLanguage\":\"fr-FR\"},{\"@type\":\"Organization\",\"@id\":\"https:\/\/ibiza-yachts.com\/fr\/#organization\",\"name\":\"Ibiza Yachts\",\"url\":\"https:\/\/ibiza-yachts.com\/fr\/\",\"logo\":{\"@type\":\"ImageObject\",\"inLanguage\":\"fr-FR\",\"@id\":\"https:\/\/ibiza-yachts.com\/fr\/#\/schema\/logo\/image\/\",\"url\":\"https:\/\/ibiza-yachts.com\/wp-content\/uploads\/2022\/01\/Cannes-Villa-Logo.jpg\",\"contentUrl\":\"https:\/\/ibiza-yachts.com\/wp-content\/uploads\/2022\/01\/Cannes-Villa-Logo.jpg\",\"width\":1704,\"height\":1704,\"caption\":\"Ibiza Yachts\"},\"image\":{\"@id\":\"https:\/\/ibiza-yachts.com\/fr\/#\/schema\/logo\/image\/\"}}]}<\/script>\n<!-- \/ Yoast SEO plugin. -->","yoast_head_json":{"title":"Ibiza Superyacht Charter - Ibiza Yachts","description":"Louez un Superyacht \u00e0 Ibiza pour quelques jours ! Consultez nos locations de superyachts \u00e0 Ibiza et embarquez pour une croisi\u00e8re de luxe.","robots":{"index":"index","follow":"follow","max-snippet":"max-snippet:-1","max-image-preview":"max-image-preview:large","max-video-preview":"max-video-preview:-1"},"canonical":"https:\/\/ibiza-yachts.com\/fr\/superyachts\/","og_locale":"fr_FR","og_type":"article","og_title":"Ibiza Superyacht Charter - Ibiza Yachts","og_description":"Louez un Superyacht \u00e0 Ibiza pour quelques jours ! Consultez nos locations de superyachts \u00e0 Ibiza et embarquez pour une croisi\u00e8re de luxe.","og_url":"https:\/\/ibiza-yachts.com\/fr\/superyachts\/","og_site_name":"Ibiza Yachts","article_modified_time":"2025-10-10T15:39:43+00:00","og_image":[{"width":2000,"height":1500,"url":"https:\/\/ibiza-yachts.com\/wp-content\/uploads\/2022\/02\/Mangusta-33-for-Charter-7.jpg","type":"image\/jpeg"}],"twitter_card":"summary_large_image","twitter_misc":{"Dur\u00e9e de lecture estim\u00e9e":"1 minute"},"schema":{"@context":"https:\/\/schema.org","@graph":[{"@type":"WebPage","@id":"https:\/\/ibiza-yachts.com\/fr\/superyachts\/","url":"https:\/\/ibiza-yachts.com\/fr\/superyachts\/","name":"Ibiza Superyacht Charter - Ibiza Yachts","isPartOf":{"@id":"https:\/\/ibiza-yachts.com\/fr\/#website"},"primaryImageOfPage":{"@id":"https:\/\/ibiza-yachts.com\/fr\/superyachts\/#primaryimage"},"image":{"@id":"https:\/\/ibiza-yachts.com\/fr\/superyachts\/#primaryimage"},"thumbnailUrl":"https:\/\/ibiza-yachts.com\/wp-content\/uploads\/2022\/02\/Mangusta-33-for-Charter-7.jpg","datePublished":"2023-11-11T10:01:22+00:00","dateModified":"2025-10-10T15:39:43+00:00","description":"Louez un Superyacht \u00e0 Ibiza pour quelques jours ! Consultez nos locations de superyachts \u00e0 Ibiza et embarquez pour une croisi\u00e8re de luxe.","breadcrumb":{"@id":"https:\/\/ibiza-yachts.com\/fr\/superyachts\/#breadcrumb"},"inLanguage":"fr-FR","potentialAction":[{"@type":"ReadAction","target":["https:\/\/ibiza-yachts.com\/fr\/superyachts\/"]}]},{"@type":"ImageObject","inLanguage":"fr-FR","@id":"https:\/\/ibiza-yachts.com\/fr\/superyachts\/#primaryimage","url":"https:\/\/ibiza-yachts.com\/wp-content\/uploads\/2022\/02\/Mangusta-33-for-Charter-7.jpg","contentUrl":"https:\/\/ibiza-yachts.com\/wp-content\/uploads\/2022\/02\/Mangusta-33-for-Charter-7.jpg","width":2000,"height":1500},{"@type":"BreadcrumbList","@id":"https:\/\/ibiza-yachts.com\/fr\/superyachts\/#breadcrumb","itemListElement":[{"@type":"ListItem","position":1,"name":"Home","item":"https:\/\/ibiza-yachts.com\/fr\/"},{"@type":"ListItem","position":2,"name":"Superyachts"}]},{"@type":"WebSite","@id":"https:\/\/ibiza-yachts.com\/fr\/#website","url":"https:\/\/ibiza-yachts.com\/fr\/","name":"Ibiza Yachts","description":"Ibiza Yachts for Charter","publisher":{"@id":"https:\/\/ibiza-yachts.com\/fr\/#organization"},"potentialAction":[{"@type":"SearchAction","target":{"@type":"EntryPoint","urlTemplate":"https:\/\/ibiza-yachts.com\/fr\/?s={search_term_string}"},"query-input":{"@type":"PropertyValueSpecification","valueRequired":true,"valueName":"search_term_string"}}],"inLanguage":"fr-FR"},{"@type":"Organization","@id":"https:\/\/ibiza-yachts.com\/fr\/#organization","name":"Ibiza Yachts","url":"https:\/\/ibiza-yachts.com\/fr\/","logo":{"@type":"ImageObject","inLanguage":"fr-FR","@id":"https:\/\/ibiza-yachts.com\/fr\/#\/schema\/logo\/image\/","url":"https:\/\/ibiza-yachts.com\/wp-content\/uploads\/2022\/01\/Cannes-Villa-Logo.jpg","contentUrl":"https:\/\/ibiza-yachts.com\/wp-content\/uploads\/2022\/01\/Cannes-Villa-Logo.jpg","width":1704,"height":1704,"caption":"Ibiza Yachts"},"image":{"@id":"https:\/\/ibiza-yachts.com\/fr\/#\/schema\/logo\/image\/"}}]}},"distributor_meta":false,"distributor_terms":false,"distributor_media":false,"distributor_original_site_name":"Ibiza Yachts","distributor_original_site_url":"https:\/\/ibiza-yachts.com\/fr\/","push-errors":false,"_links":{"self":[{"href":"https:\/\/ibiza-yachts.com\/fr\/wp-json\/wp\/v2\/pages\/11194","targetHints":{"allow":["GET"]}}],"collection":[{"href":"https:\/\/ibiza-yachts.com\/fr\/wp-json\/wp\/v2\/pages"}],"about":[{"href":"https:\/\/ibiza-yachts.com\/fr\/wp-json\/wp\/v2\/types\/page"}],"author":[{"embeddable":true,"href":"https:\/\/ibiza-yachts.com\/fr\/wp-json\/wp\/v2\/users\/3"}],"replies":[{"embeddable":true,"href":"https:\/\/ibiza-yachts.com\/fr\/wp-json\/wp\/v2\/comments?post=11194"}],"version-history":[{"count":0,"href":"https:\/\/ibiza-yachts.com\/fr\/wp-json\/wp\/v2\/pages\/11194\/revisions"}],"wp:featuredmedia":[{"embeddable":true,"href":"https:\/\/ibiza-yachts.com\/fr\/wp-json\/wp\/v2\/media\/7423"}],"wp:attachment":[{"href":"https:\/\/ibiza-yachts.com\/fr\/wp-json\/wp\/v2\/media?parent=11194"}],"curies":[{"name":"wp","href":"https:\/\/api.w.org\/{rel}","templated":true}]}}